{"id":1168,"date":"2014-02-12T11:41:20","date_gmt":"2014-02-12T11:41:20","guid":{"rendered":"http:\/\/ahac.net\/ahac-ar\/?page_id=1168"},"modified":"2014-02-12T11:44:18","modified_gmt":"2014-02-12T11:44:18","slug":"modeli-lesenih-alu-oken","status":"publish","type":"page","link":"http:\/\/ahac.net\/ahac-ar\/modeli-lesenih-alu-oken\/","title":{"rendered":"Modeli lesenih ALU oken"},"content":{"rendered":"<p><img loading=\"lazy\" decoding=\"async\" class=\"size-full wp-image-1170 alignleft\" alt=\"LES_ALUoknaLUX9.7model1\" src=\"http:\/\/ahac.net\/ahac-ar\/wp-content\/uploads\/2014\/02\/LES_ALUoknaLUX9.7model1.png\" width=\"328\" height=\"453\" srcset=\"http:\/\/ahac.net\/ahac-ar\/wp-content\/uploads\/2014\/02\/LES_ALUoknaLUX9.7model1.png 328w, http:\/\/ahac.net\/ahac-ar\/wp-content\/uploads\/2014\/02\/LES_ALUoknaLUX9.7model1-217x300.png 217w\" sizes=\"(max-width: 328px) 100vw, 328px\" \/><\/p>\n<p><strong>LUX 8.7 &#8211; Les-Alu okna s profilom 87 mm<\/strong><\/p>\n<p style=\"text-align: justify;\">STEKLO: Les-Alu okna imajo mo\u017enost vgradnje razli\u010dnih stekel debeline od 24 do 36 mm, ki omogo\u010dajo razli\u010dne estetske re\u0161itve ter zagotavljajo odli\u010dno toplotno (Ug = 0,7 &#8211; 1,1 W\/m2K) in zvo\u010dno izolacijo (32-43 dB).<\/p>\n<p style=\"text-align: justify;\">1. ALU MASKA: Aluminijasta maska na zunanji strani okna je v barvah bogate RAL lestvice in zagotavlja odli\u010dno za\u0161\u010dito pred vremenskimi vplivi. Olaj\u0161a vzdr\u017eevanje okna in mu podalj\u0161a \u017eivljenjsko dobo. Zaobljeni aluminijasti robovi poskrbijo za estetsko dovr\u0161enost in varnost uporabnika.<\/p>\n<p style=\"text-align: justify;\">OKOVJE: Okovje les-alu okna je iz kakovostnega materiala v srebrni barvi in nudi enoro\u010dno vrtljivo-nagibno odpiranje. Na voljo pa je tudi izvedba okna s skritim okovjem Disegnio za eleganten videz.<\/p>\n<p style=\"text-align: justify;\">2. ZAOBLJENOST: Zaokro\u017eeni detajli okenskih kril in podbojev ustvarijo mehak videz, ki hkrati prina\u0161a varnost in enakomernej\u0161i nanos premaznih sredstev.<\/p>\n<p style=\"text-align: justify;\">LES: Leseni okvir debeline 68 mm je ve\u010dslojno lepljen brez vidnega dol\u017einskega spoja. Skupna vgradna debelina okvirja (les+alu maska) je 87 mm. Les je ekolo\u0161ko za\u0161\u010diten po barvni karti Ga\u0161per ali RAL karti. Notranjo stran oken je mo\u017eno prekriti z razli\u010dnimi odtenki vzdr\u017eljivih barv na vodni osnovi. Mo\u017enost letvice Lux \u2013 ravne steklitvene letvice s prekrivanjem ali integrirane letvice Lux Integra.<\/p>\n<p style=\"text-align: justify;\">3. TESNILO: Med podbojem in krilom okna sta vgrajeni dve tesnili, mo\u017ena pa je tudi vgraditev tretjega tesnila.<\/p>\n<p>&nbsp;<\/p>\n<hr \/>\n<p>&nbsp;<\/p>\n<p>&nbsp;<\/p>\n<p><a href=\"http:\/\/ahac.net\/ahac-ar\/wp-content\/uploads\/2014\/02\/LES_ALUoknaLUX9.7model2.png\"><img loading=\"lazy\" decoding=\"async\" class=\"size-full wp-image-1171 alignleft\" alt=\"LES_ALUoknaLUX9.7model2\" src=\"http:\/\/ahac.net\/ahac-ar\/wp-content\/uploads\/2014\/02\/LES_ALUoknaLUX9.7model2.png\" width=\"328\" height=\"453\" srcset=\"http:\/\/ahac.net\/ahac-ar\/wp-content\/uploads\/2014\/02\/LES_ALUoknaLUX9.7model2.png 328w, http:\/\/ahac.net\/ahac-ar\/wp-content\/uploads\/2014\/02\/LES_ALUoknaLUX9.7model2-217x300.png 217w\" sizes=\"(max-width: 328px) 100vw, 328px\" \/><\/a><\/p>\n<p><strong>LUX 9.7 &#8211; Les-Alu okna s profilom 97 mm<\/strong><\/p>\n<p style=\"text-align: justify;\">STEKLO: Les-alu okna imajo mo\u017enost vgradnje razli\u010dnih stekel debeline od 34 do 46 mm, ki omogo\u010dajo razli\u010dne estetske re\u0161itve ter zagotavljajo toplotno (Ug = 0,5 \u2013 0,7 W\/m2K) in zvo\u010dno izolacijo (35-48 dB). Med steklo je mogo\u010de integrirati tudi \u017ealuzije.<\/p>\n<p style=\"text-align: justify;\">1. ALU MASKA: Aluminijasta maska na zunanji strani okna pride v barvah bogate RAL lestvice in odli\u010dno \u0161\u010diti pred \u0161kodljivimi vremenskimi vplivi. Aluminijasta maska olaj\u0161a vzdr\u017eevanje okna in s tem podalj\u0161a njegovo \u017eivljenjsko dobo. Zaobljeni aluminijasti robovi poskrbijo za estetsko dovr\u0161enost.<\/p>\n<p style=\"text-align: justify;\">OKOVJE: Okovje okna je iz kakovostnega materiala v srebrni barvi in nudi enoro\u010dno vrtljivo-nagibno odpiranje. Za zahtevnej\u0161e uporabnike so na voljo tudi okna s skritim okovjem Disegnio, ki za zagotavljajo eleganten minimalisti\u010den videz.<\/p>\n<p style=\"text-align: justify;\">2. ZAOBLJENOST: Krila in podboji imajo zaokro\u017eeni detajle, ki ustvarijo mehak in prijetnej\u0161i videz. Zaobljeni detajli dajejo dodatno varnost in omogo\u010dajo enakomernej\u0161i nanos premaznih sredstev.<\/p>\n<p style=\"text-align: justify;\">LES: Leseni okvir okna debeline 78 mm je ve\u010dslojno lepljen brez vidnega dol\u017einskega spoja. Skupna vgradna debelina okvirja (les+alu maska) je 97 mm. Les je ekolo\u0161ko za\u0161\u010diten po barvni karti Ga\u0161per ali RAL karti, notranjo stran oken pa je mo\u017eno prekriti z razli\u010dnimi odtenki vzdr\u017eljivih barv na vodni osnovi. Mo\u017enost letvice Lux: ravne steklitvene letvice s prekrivanjem.<\/p>\n<p style=\"text-align: justify;\">3. TESNILO: Med podbojem in krilom okna so serijsko vgrajena tri tesnila.<\/p>\n","protected":false},"excerpt":{"rendered":"<p>LUX 8.7 &#8211; Les-Alu okna s profilom 87 mm STEKLO: Les-Alu okna imajo mo\u017enost vgradnje razli\u010dnih stekel debeline od 24 do 36 mm, ki omogo\u010dajo razli\u010dne estetske re\u0161itve ter zagotavljajo odli\u010dno toplotno (Ug = 0,7 &#8211; 1,1 W\/m2K) in zvo\u010dno izolacijo (32-43 dB). 1. ALU MASKA: Aluminijasta maska na zunanji strani okna je v barvah [&hellip;]<\/p>\n","protected":false},"author":5,"featured_media":0,"parent":0,"menu_order":0,"comment_status":"open","ping_status":"closed","template":"page-sidebar-right.php","meta":{"footnotes":""},"_links":{"self":[{"href":"http:\/\/ahac.net\/ahac-ar\/wp-json\/wp\/v2\/pages\/1168"}],"collection":[{"href":"http:\/\/ahac.net\/ahac-ar\/wp-json\/wp\/v2\/pages"}],"about":[{"href":"http:\/\/ahac.net\/ahac-ar\/wp-json\/wp\/v2\/types\/page"}],"author":[{"embeddable":true,"href":"http:\/\/ahac.net\/ahac-ar\/wp-json\/wp\/v2\/users\/5"}],"replies":[{"embeddable":true,"href":"http:\/\/ahac.net\/ahac-ar\/wp-json\/wp\/v2\/comments?post=1168"}],"version-history":[{"count":4,"href":"http:\/\/ahac.net\/ahac-ar\/wp-json\/wp\/v2\/pages\/1168\/revisions"}],"predecessor-version":[{"id":1178,"href":"http:\/\/ahac.net\/ahac-ar\/wp-json\/wp\/v2\/pages\/1168\/revisions\/1178"}],"wp:attachment":[{"href":"http:\/\/ahac.net\/ahac-ar\/wp-json\/wp\/v2\/media?parent=1168"}],"curies":[{"name":"wp","href":"https:\/\/api.w.org\/{rel}","templated":true}]}}