{"id":1196,"date":"2014-02-12T12:10:29","date_gmt":"2014-02-12T12:10:29","guid":{"rendered":"http:\/\/ahac.net\/ahac-ar\/?page_id=1196"},"modified":"2014-02-12T12:17:57","modified_gmt":"2014-02-12T12:17:57","slug":"predstavitev-okna-ahac","status":"publish","type":"page","link":"http:\/\/ahac.net\/ahac-ar\/predstavitev-okna-ahac\/","title":{"rendered":"Predstavitev OKNA Ahac"},"content":{"rendered":"<div>\n<div>\n<h3>Individualna zasnova oken in vrat<\/h3>\n<p style=\"text-align: justify;\">Z\u00a0na\u0161imi okenskimi profili se lahko uresni\u010di skoraj vsaka za\u017eeljena oblika. Dodatno nam REHAU lepljena tehnika stekla omogo\u010da oblike oken, katere z konvencionalnimi tehnikami ne bi bile izvedljive. Idealno za aktualne arhitekturne trende, kot so naprimer visoko nadstropne zasteklitve.<\/p>\n<p>Mo\u017ene so slede\u010de geometrijske oblike:<\/p>\n<div>\n<ul>\n<li>pravokotne<\/li>\n<li>trikotne<\/li>\n<li>okrogle in<\/li>\n<li>polkro\u017ene<\/li>\n<li>asimetri\u010dne<\/li>\n<\/ul>\n<p>&nbsp;<\/p>\n<p>Prednosti:<\/p>\n<div>\n<div>\n<div>\n<ul>\n<li>\n<p>Mo\u017enost individualnih oblik oken<\/p>\n<\/li>\n<li>Z tehniko lepljenja, steklo \u2013 okvir krila, je mo\u017ena realizacija velikih elementov<\/li>\n<\/ul>\n<p>&nbsp;<\/p>\n<p>Mo\u017enost uporabe:<\/p>\n<div>\n<div>\n<div>\n<ul>\n<li>okna<\/li>\n<li>balkonska vrata<\/li>\n<li>vhodna vrata<\/li>\n<li>fiksna zasteklitev<\/li>\n<li>polkna<\/li>\n<\/ul>\n<p>&nbsp;<\/p>\n<p>Design in \u0161tevilne variante kril:<\/p>\n<div>\n<div>\n<div>\n<ul>\n<li>zaobljeno krilo<\/li>\n<li>po\u0161evno Krilo<\/li>\n<li>oglato krilo<\/li>\n<li>krilo polovi\u010dno ali ravninsko prestavljeno<\/li>\n<li>Za notranji pogled so na voljo po\u0161evne, okrogle, po\u0161evninsko lomljene zasteklitvene letve ali stilske zasteklitvene letve<\/li>\n<li>Kot dodaten oblikoven element pre\u010dke, katere delijo steklo, nalepljene pre\u010dke, ali pre\u010dke katere se vstavijo med stekli<\/li>\n<\/ul>\n<p>\u00a0\u00a0<\/p>\n\n\t\t<style type=\"text\/css\">\n\t\t\t#gallery-1 {\n\t\t\t\tmargin: auto;\n\t\t\t}\n\t\t\t#gallery-1 .gallery-item {\n\t\t\t\tfloat: left;\n\t\t\t\tmargin-top: 10px;\n\t\t\t\ttext-align: center;\n\t\t\t\twidth: 25%;\n\t\t\t}\n\t\t\t#gallery-1 img {\n\t\t\t\tborder: 2px solid #cfcfcf;\n\t\t\t}\n\t\t\t#gallery-1 .gallery-caption {\n\t\t\t\tmargin-left: 0;\n\t\t\t}\n\t\t\t\/* see gallery_shortcode() in wp-includes\/media.php *\/\n\t\t<\/style>\n\t\t<div id='gallery-1' class='gallery galleryid-1196 gallery-columns-4 gallery-size-thumbnail'><dl class='gallery-item'>\n\t\t\t<dt class='gallery-icon landscape'>\n\t\t\t\t<a href='http:\/\/ahac.net\/ahac-ar\/wp-content\/uploads\/2014\/02\/Talno-stropna_okna-teaserImageBig.jpg'><img loading=\"lazy\" decoding=\"async\" width=\"150\" height=\"150\" src=\"http:\/\/ahac.net\/ahac-ar\/wp-content\/uploads\/2014\/02\/Talno-stropna_okna-teaserImageBig-150x150.jpg\" class=\"attachment-thumbnail size-thumbnail\" alt=\"\" srcset=\"http:\/\/ahac.net\/ahac-ar\/wp-content\/uploads\/2014\/02\/Talno-stropna_okna-teaserImageBig-150x150.jpg 150w, http:\/\/ahac.net\/ahac-ar\/wp-content\/uploads\/2014\/02\/Talno-stropna_okna-teaserImageBig-300x300.jpg 300w, http:\/\/ahac.net\/ahac-ar\/wp-content\/uploads\/2014\/02\/Talno-stropna_okna-teaserImageBig.jpg 318w\" sizes=\"(max-width: 150px) 100vw, 150px\" \/><\/a>\n\t\t\t<\/dt><\/dl><dl class='gallery-item'>\n\t\t\t<dt class='gallery-icon landscape'>\n\t\t\t\t<a href='http:\/\/ahac.net\/ahac-ar\/wp-content\/uploads\/2014\/02\/Trikotno_okno-teaserImageBig.jpg'><img loading=\"lazy\" decoding=\"async\" width=\"150\" height=\"150\" src=\"http:\/\/ahac.net\/ahac-ar\/wp-content\/uploads\/2014\/02\/Trikotno_okno-teaserImageBig-150x150.jpg\" class=\"attachment-thumbnail size-thumbnail\" alt=\"\" srcset=\"http:\/\/ahac.net\/ahac-ar\/wp-content\/uploads\/2014\/02\/Trikotno_okno-teaserImageBig-150x150.jpg 150w, http:\/\/ahac.net\/ahac-ar\/wp-content\/uploads\/2014\/02\/Trikotno_okno-teaserImageBig-300x300.jpg 300w, http:\/\/ahac.net\/ahac-ar\/wp-content\/uploads\/2014\/02\/Trikotno_okno-teaserImageBig.jpg 318w\" sizes=\"(max-width: 150px) 100vw, 150px\" \/><\/a>\n\t\t\t<\/dt><\/dl><dl class='gallery-item'>\n\t\t\t<dt class='gallery-icon landscape'>\n\t\t\t\t<a href='http:\/\/ahac.net\/ahac-ar\/wp-content\/uploads\/2014\/02\/Okrogla_okna-teaserImageBig.jpg'><img loading=\"lazy\" decoding=\"async\" width=\"150\" height=\"150\" src=\"http:\/\/ahac.net\/ahac-ar\/wp-content\/uploads\/2014\/02\/Okrogla_okna-teaserImageBig-150x150.jpg\" class=\"attachment-thumbnail size-thumbnail\" alt=\"\" srcset=\"http:\/\/ahac.net\/ahac-ar\/wp-content\/uploads\/2014\/02\/Okrogla_okna-teaserImageBig-150x150.jpg 150w, http:\/\/ahac.net\/ahac-ar\/wp-content\/uploads\/2014\/02\/Okrogla_okna-teaserImageBig-300x300.jpg 300w, http:\/\/ahac.net\/ahac-ar\/wp-content\/uploads\/2014\/02\/Okrogla_okna-teaserImageBig.jpg 318w\" sizes=\"(max-width: 150px) 100vw, 150px\" \/><\/a>\n\t\t\t<\/dt><\/dl><dl class='gallery-item'>\n\t\t\t<dt class='gallery-icon landscape'>\n\t\t\t\t<a href='http:\/\/ahac.net\/ahac-ar\/wp-content\/uploads\/2014\/02\/Sirok_izbor_okenskih_enot-teaserImageBig.jpg'><img loading=\"lazy\" decoding=\"async\" width=\"150\" height=\"150\" src=\"http:\/\/ahac.net\/ahac-ar\/wp-content\/uploads\/2014\/02\/Sirok_izbor_okenskih_enot-teaserImageBig-150x150.jpg\" class=\"attachment-thumbnail size-thumbnail\" alt=\"\" srcset=\"http:\/\/ahac.net\/ahac-ar\/wp-content\/uploads\/2014\/02\/Sirok_izbor_okenskih_enot-teaserImageBig-150x150.jpg 150w, http:\/\/ahac.net\/ahac-ar\/wp-content\/uploads\/2014\/02\/Sirok_izbor_okenskih_enot-teaserImageBig-300x300.jpg 300w, http:\/\/ahac.net\/ahac-ar\/wp-content\/uploads\/2014\/02\/Sirok_izbor_okenskih_enot-teaserImageBig.jpg 318w\" sizes=\"(max-width: 150px) 100vw, 150px\" \/><\/a>\n\t\t\t<\/dt><\/dl><br style=\"clear: both\" \/>\n\t\t<\/div>\n\n<\/div>\n<\/div>\n<\/div>\n<\/div>\n<\/div>\n<\/div>\n<\/div>\n<\/div>\n<\/div>\n<\/div>\n<\/div>\n<\/div>\n<p>&nbsp;<\/p>\n","protected":false},"excerpt":{"rendered":"<p>Individualna zasnova oken in vrat Z\u00a0na\u0161imi okenskimi profili se lahko uresni\u010di skoraj vsaka za\u017eeljena oblika. Dodatno nam REHAU lepljena tehnika stekla omogo\u010da oblike oken, katere z konvencionalnimi tehnikami ne bi bile izvedljive. Idealno za aktualne arhitekturne trende, kot so naprimer visoko nadstropne zasteklitve. Mo\u017ene so slede\u010de geometrijske oblike: pravokotne trikotne okrogle in polkro\u017ene asimetri\u010dne &nbsp; [&hellip;]<\/p>\n","protected":false},"author":5,"featured_media":0,"parent":0,"menu_order":0,"comment_status":"open","ping_status":"closed","template":"page-sidebar-right.php","meta":{"footnotes":""},"_links":{"self":[{"href":"http:\/\/ahac.net\/ahac-ar\/wp-json\/wp\/v2\/pages\/1196"}],"collection":[{"href":"http:\/\/ahac.net\/ahac-ar\/wp-json\/wp\/v2\/pages"}],"about":[{"href":"http:\/\/ahac.net\/ahac-ar\/wp-json\/wp\/v2\/types\/page"}],"author":[{"embeddable":true,"href":"http:\/\/ahac.net\/ahac-ar\/wp-json\/wp\/v2\/users\/5"}],"replies":[{"embeddable":true,"href":"http:\/\/ahac.net\/ahac-ar\/wp-json\/wp\/v2\/comments?post=1196"}],"version-history":[{"count":4,"href":"http:\/\/ahac.net\/ahac-ar\/wp-json\/wp\/v2\/pages\/1196\/revisions"}],"predecessor-version":[{"id":1206,"href":"http:\/\/ahac.net\/ahac-ar\/wp-json\/wp\/v2\/pages\/1196\/revisions\/1206"}],"wp:attachment":[{"href":"http:\/\/ahac.net\/ahac-ar\/wp-json\/wp\/v2\/media?parent=1196"}],"curies":[{"name":"wp","href":"https:\/\/api.w.org\/{rel}","templated":true}]}}