{"id":1207,"date":"2014-02-12T12:20:46","date_gmt":"2014-02-12T12:20:46","guid":{"rendered":"http:\/\/ahac.net\/ahac-ar\/?page_id=1207"},"modified":"2014-02-12T12:21:38","modified_gmt":"2014-02-12T12:21:38","slug":"barvna-karta","status":"publish","type":"page","link":"http:\/\/ahac.net\/ahac-ar\/lesena-okna\/barvna-karta\/","title":{"rendered":"Barvna karta"},"content":{"rendered":"<p style=\"text-align: justify;\">Lesena okna in vrata proizvajamo iz smreke, macesna, hrasta ali meranti lesa. Pri odlo\u010ditvi o barvi va\u0161ega stavbnega pohi\u0161tva lahko izbirate med predstavljenimi odtenki lesa in PVC dekorja. Na voljo smo za va\u0161e predloge, na\u0161i strokovnjaki pa se vam bodo pri izbiri materiala in barve z veseljem tudi individualno posvetili.<\/p>\n<div>Smreka<\/div>\n<table border=\"0\" cellspacing=\"0\" cellpadding=\"0\">\n<tbody>\n<tr>\n<td><img decoding=\"async\" alt=\"\" src=\"http:\/\/www.gasper.si\/images\/barve\/Fichte\/Fichte-01-Svetla_thumb.png\" \/><\/p>\n<div>SVETLA 09<\/div>\n<\/td>\n<td><img decoding=\"async\" alt=\"\" src=\"http:\/\/www.gasper.si\/images\/barve\/Fichte\/Fichte-02-Pinija_thumb.png\" \/><\/p>\n<div>PINIJA 09<\/div>\n<\/td>\n<td><img decoding=\"async\" alt=\"\" src=\"http:\/\/www.gasper.si\/images\/barve\/Fichte\/Fichte-03-Naravna_thumb.png\" \/><\/p>\n<div>NARAVNA 09<\/div>\n<\/td>\n<td><img decoding=\"async\" alt=\"\" src=\"http:\/\/www.gasper.si\/images\/barve\/Fichte\/Fichte-04-Macesen_thumb.png\" \/><\/p>\n<div>MACESEN 09<\/div>\n<\/td>\n<\/tr>\n<tr>\n<td><img decoding=\"async\" alt=\"\" src=\"http:\/\/www.gasper.si\/images\/barve\/Fichte\/Fichte-05-Hrast_thumb.png\" \/><\/p>\n<div>HRAST 09<\/div>\n<\/td>\n<td><img decoding=\"async\" alt=\"\" src=\"http:\/\/www.gasper.si\/images\/barve\/Fichte\/Fichte-06-Tisa_thumb.png\" \/><\/p>\n<div>TISA 09<\/div>\n<\/td>\n<td><img decoding=\"async\" alt=\"\" src=\"http:\/\/www.gasper.si\/images\/barve\/Fichte\/Fichte-07-Oreh_thumb.png\" \/><\/p>\n<div>OREH 09<\/div>\n<\/td>\n<td><img decoding=\"async\" alt=\"\" src=\"http:\/\/www.gasper.si\/images\/barve\/Fichte\/Fichte-08-Palisander_thumb.png\" \/><\/p>\n<div>PALISANDER 09<\/div>\n<\/td>\n<\/tr>\n<tr>\n<td><img decoding=\"async\" alt=\"\" src=\"http:\/\/www.gasper.si\/images\/barve\/Fichte\/Fichte-09-Bela_transparent_thumb.png\" \/><\/p>\n<div>BELA TRANSPARENT 09<\/div>\n<\/td>\n<td><img decoding=\"async\" alt=\"\" src=\"http:\/\/www.gasper.si\/images\/barve\/Fichte\/Fichte-13-Brezbarvna_impregnacija_thumb.png\" \/><\/p>\n<div>BREZBARVNA IMPREGNACIJA 09<\/div>\n<\/td>\n<td><img decoding=\"async\" alt=\"\" src=\"http:\/\/www.gasper.si\/images\/barve\/Fichte\/Fichte-14-LA_Dizaj_bela_thumb.png\" \/><\/p>\n<div>LA DIZAJN BELA 09<\/div>\n<\/td>\n<td>\u00a0<\/td>\n<\/tr>\n<\/tbody>\n<\/table>\n<div>Macesen<\/div>\n<table border=\"0\" cellspacing=\"0\" cellpadding=\"0\">\n<tbody>\n<tr>\n<td><img decoding=\"async\" alt=\"\" src=\"http:\/\/www.gasper.si\/images\/barve\/Larche\/Larche-01-Svetla_thumb.png\" \/><\/p>\n<div>SVETLA 09<\/div>\n<\/td>\n<td><img decoding=\"async\" alt=\"\" src=\"http:\/\/www.gasper.si\/images\/barve\/Larche\/Larche-02-Pinija_thumb.png\" \/><\/p>\n<div>PINIJA 09<\/div>\n<\/td>\n<td><img decoding=\"async\" alt=\"\" src=\"http:\/\/www.gasper.si\/images\/barve\/Larche\/Larche-03-Naravna_thumb.png\" \/><\/p>\n<div>NARAVNA 09<\/div>\n<\/td>\n<td><img decoding=\"async\" alt=\"\" src=\"http:\/\/www.gasper.si\/images\/barve\/Larche\/Larche-04-Macesen_thumb.png\" \/><\/p>\n<div>MACESEN 09<\/div>\n<\/td>\n<\/tr>\n<tr>\n<td><img decoding=\"async\" alt=\"\" src=\"http:\/\/www.gasper.si\/images\/barve\/Larche\/Larche-05-Hrast_thumb.png\" \/><\/p>\n<div>HRAST 09<\/div>\n<\/td>\n<td><img decoding=\"async\" alt=\"\" src=\"http:\/\/www.gasper.si\/images\/barve\/Larche\/Larche-06-Tisa_thumb.png\" \/><\/p>\n<div>TISA 09<\/div>\n<\/td>\n<td>\u00a0<\/td>\n<td>\u00a0<\/td>\n<\/tr>\n<\/tbody>\n<\/table>\n<div>Meranti<\/div>\n<table border=\"0\" cellspacing=\"0\" cellpadding=\"0\">\n<tbody>\n<tr>\n<td><img decoding=\"async\" alt=\"\" src=\"http:\/\/www.gasper.si\/images\/barve\/Meranti\/Meranti-01-Svetla_thumb.png\" \/><\/p>\n<div>SVETLA 09<\/div>\n<\/td>\n<td><img decoding=\"async\" alt=\"\" src=\"http:\/\/www.gasper.si\/images\/barve\/Meranti\/Meranti-02-Pinija_thumb.png\" \/><\/p>\n<div>PINIJA 09<\/div>\n<\/td>\n<td><img decoding=\"async\" alt=\"\" src=\"http:\/\/www.gasper.si\/images\/barve\/Meranti\/Meranti-03-Naravna_thumb.png\" \/><\/p>\n<div>NARAVNA 09<\/div>\n<\/td>\n<td><img decoding=\"async\" alt=\"\" src=\"http:\/\/www.gasper.si\/images\/barve\/Meranti\/Meranti-04-Macesen_thumb.png\" \/><\/p>\n<div>MACESEN 09<\/div>\n<\/td>\n<\/tr>\n<tr>\n<td><img decoding=\"async\" alt=\"\" src=\"http:\/\/www.gasper.si\/images\/barve\/Meranti\/Meranti-05-Hrast_thumb.png\" \/><\/p>\n<div>HRAST 09<\/div>\n<\/td>\n<td><img decoding=\"async\" alt=\"\" src=\"http:\/\/www.gasper.si\/images\/barve\/Meranti\/Meranti-06-Tisa_thumb.png\" \/><\/p>\n<div>TISA 09<\/div>\n<\/td>\n<td>\u00a0<\/td>\n<td>\u00a0<\/td>\n<\/tr>\n<\/tbody>\n<\/table>\n<div>Hrast<\/div>\n<table border=\"0\" cellspacing=\"0\" cellpadding=\"0\">\n<tbody>\n<tr>\n<td><img decoding=\"async\" alt=\"\" src=\"http:\/\/www.gasper.si\/images\/barve\/Eiche\/Eiche-01-Svetla_thumb.png\" \/><\/p>\n<div>SVETLA 09<\/div>\n<\/td>\n<td><img decoding=\"async\" alt=\"\" src=\"http:\/\/www.gasper.si\/images\/barve\/Eiche\/Eiche-02-Pinija_thumb.png\" \/><\/p>\n<div>PINIJA 09<\/div>\n<\/td>\n<td><img decoding=\"async\" alt=\"\" src=\"http:\/\/www.gasper.si\/images\/barve\/Eiche\/Eiche-03-Naravna_thumb.png\" \/><\/p>\n<div>NARAVNA 09<\/div>\n<\/td>\n<td><a title=\"MACESEN 09\" href=\"http:\/\/www.gasper.si\/images\/barve\/Eiche\/Eiche-04-Macesen.png\" rel=\"lightbox-g4\"> <img decoding=\"async\" alt=\"\" src=\"http:\/\/www.gasper.si\/images\/barve\/Eiche\/Eiche-04-Macesen_thumb.png\" \/><\/a><\/p>\n<div>MACESEN 09<\/div>\n<\/td>\n<\/tr>\n<tr>\n<td><img decoding=\"async\" alt=\"\" src=\"http:\/\/www.gasper.si\/images\/barve\/Eiche\/Eiche-05-Hrast_thumb.png\" \/><\/p>\n<div>HRAST 09<\/div>\n<\/td>\n<td><img decoding=\"async\" alt=\"\" src=\"http:\/\/www.gasper.si\/images\/barve\/Eiche\/Eiche-06-Tisa_thumb.png\" \/><\/p>\n<div>TISA 09<\/div>\n<\/td>\n<td>\u00a0<\/td>\n<td>\u00a0<\/td>\n<\/tr>\n<\/tbody>\n<\/table>\n<div>RAL<\/div>\n<table border=\"0\" cellspacing=\"0\" cellpadding=\"0\">\n<tbody>\n<tr>\n<td><img decoding=\"async\" alt=\"\" src=\"http:\/\/www.gasper.si\/images\/barve\/RAL\/Ral_9016_Bela_thumb.png\" \/><\/p>\n<div>RAL 9016<\/div>\n<\/td>\n<td><img decoding=\"async\" alt=\"\" src=\"http:\/\/www.gasper.si\/images\/barve\/RAL\/Ral_3003_Rdeca_thumb.png\" \/><\/p>\n<div>RAL 3003<\/div>\n<\/td>\n<td><img decoding=\"async\" alt=\"\" src=\"http:\/\/www.gasper.si\/images\/barve\/RAL\/Ral_7035_Svetlo%20siva_thumb.png\" \/><\/p>\n<div>RAL 7035<\/div>\n<\/td>\n<td><img decoding=\"async\" alt=\"\" src=\"http:\/\/www.gasper.si\/images\/barve\/RAL\/Ral_5014_Modra_thumb.png\" \/><\/p>\n<div>RAL 5014<\/div>\n<\/td>\n<\/tr>\n<tr>\n<td><img decoding=\"async\" alt=\"\" src=\"http:\/\/www.gasper.si\/images\/barve\/RAL\/Ral_6005_Zelena_thumb.png\" \/><\/p>\n<div>RAL 6005<\/div>\n<\/td>\n<td><img decoding=\"async\" alt=\"\" src=\"http:\/\/www.gasper.si\/images\/barve\/RAL\/Kovinsko_srebrna_thumb.png\" \/><\/p>\n<div>KOVINSKO SREBRNA 09<\/div>\n<\/td>\n<td><img decoding=\"async\" alt=\"\" src=\"http:\/\/www.gasper.si\/images\/barve\/RAL\/Kovinska_antracit_thumb.png\" \/><\/p>\n<div>KOVINSKO ANTRACIT 09<\/div>\n<\/td>\n<td>\u00a0<\/td>\n<\/tr>\n<\/tbody>\n<\/table>\n<div>Silikon<\/div>\n<table border=\"0\" cellspacing=\"0\" cellpadding=\"0\">\n<tbody>\n<tr>\n<td><img decoding=\"async\" alt=\"\" src=\"http:\/\/www.gasper.si\/images\/barve\/Silikon\/SILIKON_01_thumb.png\" \/><\/p>\n<div>Ocker<\/div>\n<\/td>\n<td><img decoding=\"async\" alt=\"\" src=\"http:\/\/www.gasper.si\/images\/barve\/Silikon\/SILIKON_02_thumb.png\" \/><\/p>\n<div>Eiche<\/div>\n<\/td>\n<td><img decoding=\"async\" alt=\"\" src=\"http:\/\/www.gasper.si\/images\/barve\/Silikon\/SILIKON_03_thumb.png\" \/><\/p>\n<div>Eiche dunkel<\/div>\n<\/td>\n<td><img decoding=\"async\" alt=\"\" src=\"http:\/\/www.gasper.si\/images\/barve\/Silikon\/SILIKON_04_thumb.png\" \/><\/p>\n<div>Braun<\/div>\n<\/td>\n<\/tr>\n<tr>\n<td><img decoding=\"async\" alt=\"\" src=\"http:\/\/www.gasper.si\/images\/barve\/Silikon\/SILIKON_05_thumb.png\" \/><\/p>\n<div>Dunkelbraun<\/div>\n<\/td>\n<td><img decoding=\"async\" alt=\"\" src=\"http:\/\/www.gasper.si\/images\/barve\/Silikon\/SILIKON_06_thumb.png\" \/><\/p>\n<div>Weiss<\/div>\n<\/td>\n<td><img decoding=\"async\" alt=\"\" src=\"http:\/\/www.gasper.si\/images\/barve\/Silikon\/SILIKON_07_thumb.png\" \/><\/p>\n<div>Hellgrau<\/div>\n<\/td>\n<td><img decoding=\"async\" alt=\"\" src=\"http:\/\/www.gasper.si\/images\/barve\/Silikon\/SILIKON_08_thumb.png\" \/><\/p>\n<div>Dunkelgrau<\/div>\n<\/td>\n<\/tr>\n<\/tbody>\n<\/table>\n<div>\u00a0<\/div>\n<div>Barve za modele DESIGN-LUX (Les\/Alu) za Alu elemente<\/div>\n<table border=\"0\" cellspacing=\"0\" cellpadding=\"0\">\n<tbody>\n<tr>\n<td><img decoding=\"async\" alt=\"\" src=\"http:\/\/www.gasper.si\/images\/barve\/Alu\/F_70161_thumb.png\" \/><\/p>\n<div>F-29 \/ 70161<\/div>\n<\/td>\n<td><img decoding=\"async\" alt=\"\" src=\"http:\/\/www.gasper.si\/images\/barve\/Alu\/F_70105_thumb.png\" \/><\/p>\n<div>F-29 \/ 70105<\/div>\n<\/td>\n<td><img decoding=\"async\" alt=\"\" src=\"http:\/\/www.gasper.si\/images\/barve\/Alu\/F_70334_thumb.png\" \/><\/p>\n<div>F-29 \/ 70334<\/div>\n<\/td>\n<td><img decoding=\"async\" alt=\"\" src=\"http:\/\/www.gasper.si\/images\/barve\/Alu\/F_80077_thumb.png\" \/><\/p>\n<div>F-29 \/ 80077<\/div>\n<\/td>\n<\/tr>\n<tr>\n<td><img decoding=\"async\" alt=\"\" src=\"http:\/\/www.gasper.si\/images\/barve\/Alu\/F_65650_thumb.png\" \/><\/p>\n<div>F-29 \/ 65650<\/div>\n<\/td>\n<td><img decoding=\"async\" alt=\"\" src=\"http:\/\/www.gasper.si\/images\/barve\/Alu\/F_90146_thumb.png\" \/><\/p>\n<div>F-29 \/ 90146<\/div>\n<\/td>\n<td>\u00a0<\/td>\n<\/tr>\n<\/tbody>\n<\/table>\n","protected":false},"excerpt":{"rendered":"<p>Lesena okna in vrata proizvajamo iz smreke, macesna, hrasta ali meranti lesa. Pri odlo\u010ditvi o barvi va\u0161ega stavbnega pohi\u0161tva lahko izbirate med predstavljenimi odtenki lesa in PVC dekorja. Na voljo smo za va\u0161e predloge, na\u0161i strokovnjaki pa se vam bodo pri izbiri materiala in barve z veseljem tudi individualno posvetili. Smreka SVETLA 09 PINIJA 09 [&hellip;]<\/p>\n","protected":false},"author":5,"featured_media":0,"parent":1120,"menu_order":30,"comment_status":"open","ping_status":"closed","template":"page-sidebar-right.php","meta":{"footnotes":""},"_links":{"self":[{"href":"http:\/\/ahac.net\/ahac-ar\/wp-json\/wp\/v2\/pages\/1207"}],"collection":[{"href":"http:\/\/ahac.net\/ahac-ar\/wp-json\/wp\/v2\/pages"}],"about":[{"href":"http:\/\/ahac.net\/ahac-ar\/wp-json\/wp\/v2\/types\/page"}],"author":[{"embeddable":true,"href":"http:\/\/ahac.net\/ahac-ar\/wp-json\/wp\/v2\/users\/5"}],"replies":[{"embeddable":true,"href":"http:\/\/ahac.net\/ahac-ar\/wp-json\/wp\/v2\/comments?post=1207"}],"version-history":[{"count":3,"href":"http:\/\/ahac.net\/ahac-ar\/wp-json\/wp\/v2\/pages\/1207\/revisions"}],"predecessor-version":[{"id":1210,"href":"http:\/\/ahac.net\/ahac-ar\/wp-json\/wp\/v2\/pages\/1207\/revisions\/1210"}],"up":[{"embeddable":true,"href":"http:\/\/ahac.net\/ahac-ar\/wp-json\/wp\/v2\/pages\/1120"}],"wp:attachment":[{"href":"http:\/\/ahac.net\/ahac-ar\/wp-json\/wp\/v2\/media?parent=1207"}],"curies":[{"name":"wp","href":"https:\/\/api.w.org\/{rel}","templated":true}]}}