{"id":219,"date":"2013-12-20T11:48:29","date_gmt":"2013-12-20T11:48:29","guid":{"rendered":"http:\/\/ahac.net\/ahac-ar\/?page_id=219"},"modified":"2015-06-06T06:09:13","modified_gmt":"2015-06-06T06:09:13","slug":"ahac-gradbeni-inzeniring","status":"publish","type":"page","link":"http:\/\/ahac.net\/ahac-ar\/ahac-gradbeni-inzeniring\/","title":{"rendered":"AHAC A&#038;R FIRMA"},"content":{"rendered":"<p style=\"text-align: justify;\"><a href=\"http:\/\/ahac.net\/ahac-ar\/wp-content\/uploads\/2013\/12\/logorechau.jpg\"><img loading=\"lazy\" decoding=\"async\" class=\"alignleft\" src=\"http:\/\/ahac.net\/ahac-ar\/wp-content\/uploads\/2013\/12\/logorechau-300x135.jpg\" alt=\"logorechau\" width=\"300\" height=\"135\" \/><\/a><strong>AHAC A&amp;R: svetovanje, proizvodnja, vgradnja, servisiranje REHAU PVC stavbnega pohi\u0161tva.<\/strong><\/p>\n<p style=\"text-align: justify;\">Podjetje AHAC A&amp;R d.o.o. je bilo ustanovljeno leta 2002. Ustanovitev d.o.o. je nadaljevanje dejavnosti samostojnega podjetnika v drugi organizacijski obliki. Delavci in vodstvo ostajajo v ve\u010dini isti, nekaj pa je novih. Ker se dejavnost v obliki s.p. (Anton Ahac s.p.) opravlja \u017ee od leta 1985, imamo na tem podro\u010dju veliko izku\u0161enj.<\/p>\n<p style=\"text-align: justify;\">Svoje znanje smo prenesli tudi na zaposlene delavce, ki svoje delo marljivo in z ob\u010dutkom odgovornosti opravljajo. Na\u0161ih storitev se poslu\u017eujejo tako ve\u010dja stanovanjska podjetja kot so: Spekter d.o.o., Domex d.o.o., Stanovanjsko podjetje Zagorje, Na\u0161e okolje d.o.o., SOP Trbovlje d.o.o., kot tudi druga gradbena podjetja in zasebniki v Zasavju in drugje po Sloveniji.<\/p>\n<p style=\"text-align: justify;\">Z na\u0161im delom so naro\u010dniki zadovoljni, saj svoje delo hitro in kvalitetno opravimo. Pri svojem delu uporabljamo najkvalitetnej\u0161e materiale in sodobno tehni\u010dno opremo. Osnovno krovsko-kleparsko dejavnost smo raz\u0161irili \u0161e na druge dejavnosti, kar pripomore h kompletnosti ponudbe.<\/p>\n<p style=\"text-align: justify;\">Podjetje AHAC A&amp;R d.o.o. se ukvarja s proizvodnjo in <strong>vgrajevanjem PVC stavbnega pohi\u0161tva in <strong>proizvodnja PVC elementov po sistemu Rehau, tr\u017eenjem in distribucijo ter monta\u017eo vhodnih vrat, gara\u017enih vrat, sen\u010dil in zimskih vrtov <\/strong><\/strong>v sodelovanju z gradbeno in\u017eenirskim podjetjem <a title=\"AHAC ING\" href=\"http:\/\/ahac.net\/\">AHAC IN\u017dENIRING d.o.o.<\/a>.<\/p>\n<div style=\"text-align: center;\">\n<hr \/>\n<\/div>\n<div>\n<table style=\"width: 561px; height: 229px;\" border=\"0\" align=\"left\">\n<tbody>\n<tr>\n<td style=\"text-align: left;\" valign=\"top\">\n<p><strong>Osebna izkaznica<\/strong><\/p>\n<\/td>\n<td style=\"text-align: left;\" valign=\"top\">\u00a0<\/td>\n<\/tr>\n<tr>\n<td style=\"text-align: left;\" valign=\"top\"><strong>Dolgi naziv podjetja<\/strong><\/td>\n<td style=\"text-align: left;\" valign=\"top\">AHAC A&amp;R, zaklju\u010dna dela v gradbeni\u0161tvu d.o.o.<\/td>\n<\/tr>\n<tr>\n<td style=\"text-align: left;\" valign=\"top\"><strong>Sede\u017e podjetja<\/strong><\/td>\n<td style=\"text-align: left;\" valign=\"top\">AHAC A&amp;R d.o.o., Ribnik 12,1420 Trbovlje<\/td>\n<\/tr>\n<tr>\n<td style=\"text-align: left;\" valign=\"top\"><strong>Dav\u010dna \u0161tevilka<\/strong><\/td>\n<td style=\"text-align: left;\" valign=\"top\">SI19510144<\/td>\n<\/tr>\n<tr>\n<td style=\"text-align: left;\" valign=\"top\"><strong>Banka:<\/strong><\/td>\n<td style=\"text-align: left;\" valign=\"top\">NLB D.D.<\/td>\n<\/tr>\n<tr>\n<td valign=\"top\"><strong>TRR BANKE:<\/strong><\/td>\n<td valign=\"top\">IBAN SI56 0233 0025 3290 474<\/td>\n<\/tr>\n<tr>\n<td valign=\"top\"><strong><strong>Tel:<\/strong> <\/strong><\/td>\n<td valign=\"top\">(0)3 56 30 295<\/td>\n<\/tr>\n<tr>\n<td valign=\"top\"><strong><strong>Fax:<\/strong><\/strong><\/td>\n<td valign=\"top\">(0)3 56 30 294<\/td>\n<\/tr>\n<tr>\n<td valign=\"top\"><strong><strong>Gsm:<\/strong><\/strong><\/td>\n<td valign=\"top\">+386 (0) 41 664 064 ali (0) 41 781 224<\/td>\n<\/tr>\n<tr>\n<td valign=\"top\"><strong><strong>Email:<\/strong><\/strong><\/td>\n<td valign=\"top\">komerciala@ahac.net<\/td>\n<\/tr>\n<tr>\n<td valign=\"top\"><strong><strong>Kontaktna oseba:<\/strong><\/strong><\/td>\n<td valign=\"top\">Ahac Robert<\/td>\n<\/tr>\n<\/tbody>\n<\/table>\n<\/div>\n<p>&nbsp;<\/p>\n<p>&nbsp;<\/p>\n<p>&nbsp;<\/p>\n<p>&nbsp;<\/p>\n<p>&nbsp;<\/p>\n<p>&nbsp;<\/p>\n<p>&nbsp;<\/p>\n<p>&nbsp;<\/p>\n<p>&nbsp;<\/p>\n<p><a href=\"http:\/\/ahac.net\/ahac-ar\/wp-content\/uploads\/2013\/12\/ahac-panorama.jpg\"><img loading=\"lazy\" decoding=\"async\" class=\"size-full wp-image-1325 alignleft\" src=\"http:\/\/ahac.net\/ahac-ar\/wp-content\/uploads\/2013\/12\/ahac-panorama.jpg\" alt=\"ahac-panorama\" width=\"1200\" height=\"532\" srcset=\"http:\/\/ahac.net\/ahac-ar\/wp-content\/uploads\/2013\/12\/ahac-panorama.jpg 1200w, http:\/\/ahac.net\/ahac-ar\/wp-content\/uploads\/2013\/12\/ahac-panorama-300x133.jpg 300w, http:\/\/ahac.net\/ahac-ar\/wp-content\/uploads\/2013\/12\/ahac-panorama-1024x453.jpg 1024w\" sizes=\"(max-width: 1200px) 100vw, 1200px\" \/><\/a><\/p>\n<p>\u00a0\u00a0Fotografija: proizvodnja PVC stavbnega pohi\u0161tva<\/p>\n<p>&nbsp;<\/p>\n<p style=\"text-align: left;\">\u00a0\u00a0 <a href=\"http:\/\/ahac.net\/wp-content\/uploads\/2013\/12\/IMG_8206.jpg\"><img loading=\"lazy\" decoding=\"async\" class=\"alignleft  wp-image-608\" src=\"http:\/\/ahac.net\/wp-content\/uploads\/2013\/12\/IMG_8206-300x202.jpg\" alt=\"IMG_8206\" width=\"220\" height=\"150\" \/><\/a><a href=\"http:\/\/ahac.net\/wp-content\/uploads\/2013\/12\/IMG_8238.jpg\"><img loading=\"lazy\" decoding=\"async\" class=\"alignleft  wp-image-610\" src=\"http:\/\/ahac.net\/wp-content\/uploads\/2013\/12\/IMG_8238-300x200.jpg\" alt=\"IMG_8238\" width=\"220\" height=\"150\" \/><\/a><\/p>\n<p style=\"text-align: left;\">\u00a0<\/p>\n<p style=\"text-align: left;\">\u00a0<\/p>\n<p style=\"text-align: left;\">\u00a0<\/p>\n<p style=\"text-align: left;\">\u00a0<\/p>\n<p style=\"text-align: left;\">Fotografija: reference<\/p>\n<hr \/>\n<p style=\"text-align: center;\"><iframe loading=\"lazy\" src=\"http:\/\/files.bannersnack.com\/iframe\/embed.html?hash=bdu86iff&amp;bgcolor=%233D3D3D&amp;wmode=opaque&amp;t=1392566718\" width=\"750\" height=\"55\" frameborder=\"0\" scrolling=\"no\" seamless=\"seamless\"><\/iframe><\/p>\n<p style=\"text-align: left;\">\u00a0<\/p>\n","protected":false},"excerpt":{"rendered":"<p>AHAC A&amp;R: svetovanje, proizvodnja, vgradnja, servisiranje REHAU PVC stavbnega pohi\u0161tva. Podjetje AHAC A&amp;R d.o.o. je bilo ustanovljeno leta 2002. Ustanovitev d.o.o. je nadaljevanje dejavnosti samostojnega podjetnika v drugi organizacijski obliki. Delavci in vodstvo ostajajo v ve\u010dini isti, nekaj pa je novih. Ker se dejavnost v obliki s.p. (Anton Ahac s.p.) opravlja \u017ee od leta 1985, [&hellip;]<\/p>\n","protected":false},"author":5,"featured_media":0,"parent":0,"menu_order":0,"comment_status":"open","ping_status":"closed","template":"page-sidebar-right.php","meta":{"footnotes":""},"_links":{"self":[{"href":"http:\/\/ahac.net\/ahac-ar\/wp-json\/wp\/v2\/pages\/219"}],"collection":[{"href":"http:\/\/ahac.net\/ahac-ar\/wp-json\/wp\/v2\/pages"}],"about":[{"href":"http:\/\/ahac.net\/ahac-ar\/wp-json\/wp\/v2\/types\/page"}],"author":[{"embeddable":true,"href":"http:\/\/ahac.net\/ahac-ar\/wp-json\/wp\/v2\/users\/5"}],"replies":[{"embeddable":true,"href":"http:\/\/ahac.net\/ahac-ar\/wp-json\/wp\/v2\/comments?post=219"}],"version-history":[{"count":44,"href":"http:\/\/ahac.net\/ahac-ar\/wp-json\/wp\/v2\/pages\/219\/revisions"}],"predecessor-version":[{"id":1392,"href":"http:\/\/ahac.net\/ahac-ar\/wp-json\/wp\/v2\/pages\/219\/revisions\/1392"}],"wp:attachment":[{"href":"http:\/\/ahac.net\/ahac-ar\/wp-json\/wp\/v2\/media?parent=219"}],"curies":[{"name":"wp","href":"https:\/\/api.w.org\/{rel}","templated":true}]}}