{"id":291,"date":"2014-01-14T09:12:23","date_gmt":"2014-01-14T09:12:23","guid":{"rendered":"http:\/\/ahac.net\/ahac-ar\/?page_id=291"},"modified":"2014-04-30T06:42:51","modified_gmt":"2014-04-30T06:42:51","slug":"panoramske-stene","status":"publish","type":"page","link":"http:\/\/ahac.net\/ahac-ar\/panoramske-stene\/","title":{"rendered":"Panoramske stene"},"content":{"rendered":"<p><img loading=\"lazy\" decoding=\"async\" class=\"alignnone size-full wp-image-1345\" alt=\"schueco-panoramske\" src=\"http:\/\/ahac.net\/ahac-ar\/wp-content\/uploads\/2014\/04\/schueco-panoramske.jpg\" width=\"750\" height=\"250\" srcset=\"http:\/\/ahac.net\/ahac-ar\/wp-content\/uploads\/2014\/04\/schueco-panoramske.jpg 750w, http:\/\/ahac.net\/ahac-ar\/wp-content\/uploads\/2014\/04\/schueco-panoramske-300x100.jpg 300w\" sizes=\"(max-width: 750px) 100vw, 750px\" \/><\/p>\n<hr \/>\n<p>&nbsp;<\/p>\n<table style=\"width: 519px; height: 249px;\" border=\"0\">\n<tbody>\n<tr>\n<td><a title=\"Geneo dvi\u017eno potisne stene\" href=\"http:\/\/ahac.net\/ahac-ar\/?page_id=315\"><img decoding=\"async\" id=\"\" alt=\"GENEO drsno-potisna vrata\" src=\"http:\/\/www.rehau.com\/linkableblob\/SI_sl\/495036\/teaserImageMedium\/GENEO_drsno-potisna_vrata-teaserImageMedium.jpg\" \/><\/a><\/td>\n<td><a title=\"Rehau Brillant Design\" href=\"http:\/\/ahac.net\/ahac-ar\/?page_id=336\"> <img decoding=\"async\" id=\"\" alt=\"Brillant-Design Hebeschiebet\u00fcrsystem - PVC-System in 70mm Bautiefe\" src=\"http:\/\/www.rehau.com\/linkableblob\/SI_sl\/495002\/teaserImageMedium\/Brillant-Design_Hebeschiebetuersystem-teaserImageMedium.jpg\" \/> <\/a><\/td>\n<td><a title=\"http:\/\/ahac.net\/ahac-ar\/panoramske-stene-schuco\/\" href=\"http:\/\/ahac.net\/ahac-ar\/panoramske-stene-schuco\/\" target=\"_blank\"><img loading=\"lazy\" decoding=\"async\" class=\"alignnone  wp-image-1347\" alt=\"thermoslide_2_schnitt\" src=\"http:\/\/ahac.net\/ahac-ar\/wp-content\/uploads\/2014\/04\/thermoslide_2_schnitt.jpg\" width=\"218\" height=\"218\" \/><\/a><\/td>\n<\/tr>\n<tr>\n<td style=\"text-align: center;\"><a title=\"Geneo dvi\u017eno potisne stene\" href=\"http:\/\/ahac.net\/ahac-ar\/?page_id=315\">Geneo-Design dvi\u017eno drsne stene<\/a><\/td>\n<td style=\"text-align: center;\"><a title=\"Rehau Brillant Design\" href=\"http:\/\/ahac.net\/ahac-ar\/?page_id=336\">Brillant-Design dvi\u017eno drsna vrata<\/a><\/td>\n<td style=\"text-align: center;\"><a title=\"http:\/\/ahac.net\/ahac-ar\/panoramske-stene-schuco\/\" href=\"http:\/\/ahac.net\/ahac-ar\/panoramske-stene-schuco\/\" target=\"_blank\">Sch\u00fcco panoramske stene<\/a><\/td>\n<\/tr>\n<\/tbody>\n<\/table>\n<p>&nbsp;<\/p>\n<p>&nbsp;<\/p>\n<p><img decoding=\"async\" alt=\"panoramskestene\" src=\"http:\/\/ahac.net\/ahac-ar\/wp-content\/uploads\/2014\/01\/panoramskestene.jpg\" \/><\/p>\n","protected":false},"excerpt":{"rendered":"<p>&nbsp; Geneo-Design dvi\u017eno drsne stene Brillant-Design dvi\u017eno drsna vrata Sch\u00fcco panoramske stene &nbsp; &nbsp;<\/p>\n","protected":false},"author":5,"featured_media":0,"parent":0,"menu_order":20,"comment_status":"open","ping_status":"closed","template":"page-sidebar-right.php","meta":{"footnotes":""},"_links":{"self":[{"href":"http:\/\/ahac.net\/ahac-ar\/wp-json\/wp\/v2\/pages\/291"}],"collection":[{"href":"http:\/\/ahac.net\/ahac-ar\/wp-json\/wp\/v2\/pages"}],"about":[{"href":"http:\/\/ahac.net\/ahac-ar\/wp-json\/wp\/v2\/types\/page"}],"author":[{"embeddable":true,"href":"http:\/\/ahac.net\/ahac-ar\/wp-json\/wp\/v2\/users\/5"}],"replies":[{"embeddable":true,"href":"http:\/\/ahac.net\/ahac-ar\/wp-json\/wp\/v2\/comments?post=291"}],"version-history":[{"count":21,"href":"http:\/\/ahac.net\/ahac-ar\/wp-json\/wp\/v2\/pages\/291\/revisions"}],"predecessor-version":[{"id":1353,"href":"http:\/\/ahac.net\/ahac-ar\/wp-json\/wp\/v2\/pages\/291\/revisions\/1353"}],"wp:attachment":[{"href":"http:\/\/ahac.net\/ahac-ar\/wp-json\/wp\/v2\/media?parent=291"}],"curies":[{"name":"wp","href":"https:\/\/api.w.org\/{rel}","templated":true}]}}