{"id":295,"date":"2014-01-14T09:13:10","date_gmt":"2014-01-14T09:13:10","guid":{"rendered":"http:\/\/ahac.net\/ahac-ar\/?page_id=295"},"modified":"2014-01-20T13:44:29","modified_gmt":"2014-01-20T13:44:29","slug":"police","status":"publish","type":"page","link":"http:\/\/ahac.net\/ahac-ar\/police\/","title":{"rendered":"Police"},"content":{"rendered":"<p><img loading=\"lazy\" decoding=\"async\" class=\"alignnone size-full wp-image-456\" alt=\"Notranje_okenseke_police_Verarbeiterprospekt_02-2010-data-4\" src=\"http:\/\/ahac.net\/ahac-ar\/wp-content\/uploads\/2014\/01\/Notranje_okenseke_police_Verarbeiterprospekt_02-2010-data-4.jpg\" width=\"670\" height=\"250\" srcset=\"http:\/\/ahac.net\/ahac-ar\/wp-content\/uploads\/2014\/01\/Notranje_okenseke_police_Verarbeiterprospekt_02-2010-data-4.jpg 670w, http:\/\/ahac.net\/ahac-ar\/wp-content\/uploads\/2014\/01\/Notranje_okenseke_police_Verarbeiterprospekt_02-2010-data-4-300x111.jpg 300w\" sizes=\"(max-width: 670px) 100vw, 670px\" \/><\/p>\n<hr \/>\n<p><strong>Zunanje okenske police RBB<\/strong><\/p>\n<table border=\"0\">\n<tbody>\n<tr>\n<td valign=\"top\"><img decoding=\"async\" alt=\"http:\/\/www.norica.si\/files\/userfiles\/STAVBNO%20OKOVJE\/notranje%20in%20zunanje%20police\/policaalu.jpg\" src=\"http:\/\/www.norica.si\/files\/userfiles\/STAVBNO%20OKOVJE\/notranje%20in%20zunanje%20police\/policaalu.jpg\" width=\"250\" \/><\/td>\n<td style=\"width: 20px;\">\u00a0<\/td>\n<td valign=\"top\">\n<p align=\"justify\"><span style=\"font-size: small;\">Ponujamo vam zunanje okenske police v beli, rjavi, sivi (eloksirani) barvi ter v vseh RAL barvah (po naro\u010dilu). Lahko pa vam dobavimo tudi surove police, ki so primerne za nadalne barvanje. Police imajo\u00a025 mm rob, kar je cenovno ugodnej\u0161e. Lahko pa\u00a0dobite tudi police z odkapnim robom 40 mm. Te so\u00a0primerne za vse adaptacije objektov, saj vam ni potrebno odstraniti starih polic, ampak te police polo\u017eite kar na stare police in jih tako prekrijete. Police z odkapnim robom\u00a025 mm imamo stalno na zalogi, medtem ko vam police z odkapnim robom\u00a040 mm dobavimo le po naro\u010dilu. \u0160irina polic je od 50 mm do 400 mm. Police vam po \u017eelji razre\u017eemo na \u017eeleno mero.<\/span><\/p>\n<p align=\"justify\"><span style=\"font-size: small;\">Police lahko zaklju\u010dite z razli\u010dnimi zaklju\u010dki, odvisno od va\u0161ih \u017eelja in potreb. Tako lahko dobite zaklju\u010dke za zid iz ometa z zgornjim robom 18 mm ali zaklju\u010dke za klinker zid brez zgornjega roba. Zaklju\u010dki so lahko aluminijasti ali plasti\u010dni.<\/span><\/p>\n<\/td>\n<\/tr>\n<\/tbody>\n<\/table>\n<p>&nbsp;<\/p>\n<p><strong>Notranje okenske police PLASTIVAN<\/strong><\/p>\n<table border=\"0\">\n<tbody>\n<tr>\n<td valign=\"top\"><img decoding=\"async\" alt=\"http:\/\/www.norica.si\/files\/userfiles\/STAVBNO%20OKOVJE\/notranje%20in%20zunanje%20police\/policapvc.jpg\" src=\"http:\/\/www.norica.si\/files\/userfiles\/STAVBNO%20OKOVJE\/notranje%20in%20zunanje%20police\/policapvc.jpg\" width=\"250\" \/><\/td>\n<td style=\"width: 20px;\">\u00a0<\/td>\n<td valign=\"top\">\n<p style=\"text-align: justify;\" align=\"justify\"><span style=\"font-size: small;\">Notranje okenske police so iz PVC-ja. Imajo posebno mre\u017easto strukturo, zato so primerne tudi za odlaganje te\u017ejih predmetov. Police so dimenzijsko stabilne-trdne, vodoodporne ter enostavne za vgradnjo. Povr\u0161ina je odporna proti praskam.<\/span><\/p>\n<p style=\"text-align: justify;\" align=\"justify\"><span style=\"font-size: small;\">Police so razli\u010dnih dimenzij (od 150 mm pa do 605 mm), razre\u017eemo pa jih tudi na mero. Police v beli barvi in barvi marmorja imamo stalno na zalogi, tako da je mo\u017ena takoj\u0161nja dobava.<\/span><\/p>\n<p style=\"text-align: justify;\" align=\"justify\"><span style=\"font-size: small;\">Navodila za vgradnjo: Police lahko pritrdite direktno na malto ali lepilo, mo\u017ena pa je tudi pritrditev na nosilce.<\/span><\/p>\n<\/td>\n<\/tr>\n<tr>\n<td>\u00a0<\/td>\n<td>\u00a0<\/td>\n<td>\u00a0<\/td>\n<\/tr>\n<\/tbody>\n<\/table>\n<p>&nbsp;<\/p>\n<hr \/>\n","protected":false},"excerpt":{"rendered":"<p>Zunanje okenske police RBB \u00a0 Ponujamo vam zunanje okenske police v beli, rjavi, sivi (eloksirani) barvi ter v vseh RAL barvah (po naro\u010dilu). Lahko pa vam dobavimo tudi surove police, ki so primerne za nadalne barvanje. Police imajo\u00a025 mm rob, kar je cenovno ugodnej\u0161e. Lahko pa\u00a0dobite tudi police z odkapnim robom 40 mm. Te so\u00a0primerne [&hellip;]<\/p>\n","protected":false},"author":5,"featured_media":0,"parent":0,"menu_order":40,"comment_status":"open","ping_status":"closed","template":"page-sidebar-right.php","meta":{"footnotes":""},"_links":{"self":[{"href":"http:\/\/ahac.net\/ahac-ar\/wp-json\/wp\/v2\/pages\/295"}],"collection":[{"href":"http:\/\/ahac.net\/ahac-ar\/wp-json\/wp\/v2\/pages"}],"about":[{"href":"http:\/\/ahac.net\/ahac-ar\/wp-json\/wp\/v2\/types\/page"}],"author":[{"embeddable":true,"href":"http:\/\/ahac.net\/ahac-ar\/wp-json\/wp\/v2\/users\/5"}],"replies":[{"embeddable":true,"href":"http:\/\/ahac.net\/ahac-ar\/wp-json\/wp\/v2\/comments?post=295"}],"version-history":[{"count":13,"href":"http:\/\/ahac.net\/ahac-ar\/wp-json\/wp\/v2\/pages\/295\/revisions"}],"predecessor-version":[{"id":770,"href":"http:\/\/ahac.net\/ahac-ar\/wp-json\/wp\/v2\/pages\/295\/revisions\/770"}],"wp:attachment":[{"href":"http:\/\/ahac.net\/ahac-ar\/wp-json\/wp\/v2\/media?parent=295"}],"curies":[{"name":"wp","href":"https:\/\/api.w.org\/{rel}","templated":true}]}}