{"id":315,"date":"2014-01-14T09:37:43","date_gmt":"2014-01-14T09:37:43","guid":{"rendered":"http:\/\/ahac.net\/ahac-ar\/?page_id=315"},"modified":"2014-02-16T05:57:37","modified_gmt":"2014-02-16T05:57:37","slug":"geneo-design","status":"publish","type":"page","link":"http:\/\/ahac.net\/ahac-ar\/geneo-design\/","title":{"rendered":"Geneo dvi\u017eno drsne stene"},"content":{"rendered":"<div><img loading=\"lazy\" decoding=\"async\" class=\"alignleft\" style=\"margin-top: 55px; margin-bottom: 55px;\" alt=\"GENEO drsno-potisna vrata\" src=\"http:\/\/www.rehau.com\/linkableblob\/SI_sl\/495036\/teaserImageBig\/GENEO_drsno-potisna_vrata-teaserImageBig.jpg\" width=\"318\" height=\"318\" \/><\/p>\n<div>\n<div>\n<div>\n<div>\n<p><strong>Energetska u\u010dinkovitost &amp; izvrsten dizajn<\/strong><\/p>\n<div>\n<p style=\"text-align: justify;\">Bolj kot je\u00a0obod hi\u0161e tesen, manj energije boste porabili. Pri tem pa se ni potrebno odpovedati odprti in svetli obliki zgradbe. Sistem drsno dvi\u017enih vrat GENEO iz &#8220;high-tech&#8221; materiala RAU-FIPRO zdru\u017euje arhitekturo velikih steklenih povr\u0161in najbolj\u0161ega energetskega u\u010dinka z ostalimi pomembnimi parametri, kot so protihrupna in protivlomna za\u0161\u010dita in nenazadnje udobje:<\/p>\n<ul>\n<li>globina vgradnje: 86 mm,<\/li>\n<li>5-komorni sistem,<\/li>\n<li>toplotna izolacija: U<sub>f<\/sub> do 1,3 W\/m\u00b2K,<\/li>\n<li>protihrupna za\u0161\u010dita do\u00a0R<sub>w,P\u00a0<\/sub> = 43 dB,<\/li>\n<li>protivlomna za\u0161\u010dita do razreda odpornosti 2 (ENV 1627),<\/li>\n<li>prepustnost za zrak: razred 4 po EN 12207,<\/li>\n<li>tesnost na naliv: do razreda 9A po EN 12208,<\/li>\n<li>odpornost na udar vetra: do razreda B3 po EN 12210.<\/li>\n<\/ul>\n<\/div>\n<\/div>\n<\/div>\n<\/div>\n<div>\u00a0<\/div>\n<div>\u00a0<\/div>\n<div><img decoding=\"async\" class=\"alignleft\" id=\"\" alt=\"\" src=\"http:\/\/www.rehau.com\/linkableblob\/SI_sl\/894740\/data\/QualityLabel_9pDSR12CZkcxaOzeHTPcwg__-data.png\" \/><\/div>\n<\/div>\n<div>\n<div>\u00a0<\/div>\n<div>\u00a0Premium material iz veznih vlaken v 86mm-debelini za najvi\u0161je zahteve po funkcionalnosti in oblikovanju. Z GENEO drsno potisnimi vrati so mo\u017eni razli\u010dno na\u010dini odpiranja.<\/div>\n<div>\u00a0<\/div>\n<div>\u00a0<\/div>\n<div>\u00a0<\/div>\n<div>\u00a0<img loading=\"lazy\" decoding=\"async\" class=\"alignleft\" style=\"margin-top: 70px; margin-bottom: 70px;\" alt=\"\" src=\"http:\/\/www.rehau.com\/linkableblob\/SI_sl\/495040\/teaserImageBig\/GENEO_drsno_potisna_vrata_nacini_odpiranja-teaserImageBig.jpg\" width=\"318\" height=\"318\" \/><\/p>\n<div>\n<div>\u00a0<\/div>\n<\/div>\n<\/div>\n<div>\n<p style=\"padding-left: 90px;\"><strong>Prednosti:<\/strong><\/p>\n<div>\n<ul>\n<li>visoka stabilnost profilov zaradi &#8220;high-tech&#8221; materiala RAU-FIPRO,<\/li>\n<li>lahkotno rokovanje zaradi optimalno usklajene tehnike sistema,<\/li>\n<li>obkro\u017ena tesnila z vulkaniziranimi vogali \u0161\u010ditijo prostor pred vdorom prepiha, praha, vode in pred toplotnimi izgubami,<\/li>\n<li>\u00a0velika zanesljivost investicije zaradi izpolnjenih zahtev po EnEV-standardih,<\/li>\n<li>\u00a0izredna arhitektura zgradb zaradi elementov, ki segajo od tal do stropa,<\/li>\n<li>\u00a0High Definition Finishing-povr\u0161ina (HDF): visokokakovostna, plemenita, visoka stopnja gladkosti omogo\u010da izredno lahko nego, mo\u017enost recikliranja,<\/li>\n<li>izvrstna energetsak u\u010dinkovitost \u2013 z GENEO-dru\u017eino (okna, vhodna vrata, dvi\u017eno drsna vrata) boste\u00a0obod zgradbe optimalno toplotno izolirali.<\/li>\n<\/ul>\n<p>&nbsp;<\/p>\n<p>&nbsp;<\/p>\n<p><strong>\u00a0Uporaba:<\/strong><\/p>\n<ul>\n<li>\u00a0 pri bolj\u0161ih sanacijah starej\u0161ih zgradb in v novogradnji,<\/li>\n<li>\u00a0za pasivne hi\u0161e,<\/li>\n<li>teko\u010d prehod iz bivalnega prostora na balkon, teraso ali v vrt,<\/li>\n<li>primerna tudi za zimske vrtove,<\/li>\n<li>kompatibilna z REHAU sistemi okenskih profilov,<\/li>\n<li>izredne arhitekturne mo\u017enosti z elementi od tal do stropa,<\/li>\n<li>\u0161irine elementov do 10 m, masa kril do 400 kg.<\/li>\n<\/ul>\n<p>&nbsp;<\/p>\n<p><strong>\u00a0Design:<\/strong><\/p>\n<ul>\n<li>vitki dizajn profila za sodobno oblikovanje,<\/li>\n<li>mo\u017ena izvedba elementov do vi\u0161ine 2,70 m in \u0161irine 10 m,<\/li>\n<li>razli\u010dni na\u010dini odpiranja,<\/li>\n<li>obse\u017ene mo\u017enosti oblikovanja zagotavljajo barvna paleta dekorativnih folij,\u00a0lakiranje ali obloga\u00a0iz aluminija.<\/li>\n<\/ul>\n<p>&nbsp;<\/p>\n<\/div>\n<\/div>\n<\/div>\n<\/div>\n","protected":false},"excerpt":{"rendered":"<p>Energetska u\u010dinkovitost &amp; izvrsten dizajn Bolj kot je\u00a0obod hi\u0161e tesen, manj energije boste porabili. Pri tem pa se ni potrebno odpovedati odprti in svetli obliki zgradbe. Sistem drsno dvi\u017enih vrat GENEO iz &#8220;high-tech&#8221; materiala RAU-FIPRO zdru\u017euje arhitekturo velikih steklenih povr\u0161in najbolj\u0161ega energetskega u\u010dinka z ostalimi pomembnimi parametri, kot so protihrupna in protivlomna za\u0161\u010dita in nenazadnje [&hellip;]<\/p>\n","protected":false},"author":5,"featured_media":0,"parent":0,"menu_order":2,"comment_status":"open","ping_status":"closed","template":"page-sidebar-right.php","meta":{"footnotes":""},"_links":{"self":[{"href":"http:\/\/ahac.net\/ahac-ar\/wp-json\/wp\/v2\/pages\/315"}],"collection":[{"href":"http:\/\/ahac.net\/ahac-ar\/wp-json\/wp\/v2\/pages"}],"about":[{"href":"http:\/\/ahac.net\/ahac-ar\/wp-json\/wp\/v2\/types\/page"}],"author":[{"embeddable":true,"href":"http:\/\/ahac.net\/ahac-ar\/wp-json\/wp\/v2\/users\/5"}],"replies":[{"embeddable":true,"href":"http:\/\/ahac.net\/ahac-ar\/wp-json\/wp\/v2\/comments?post=315"}],"version-history":[{"count":22,"href":"http:\/\/ahac.net\/ahac-ar\/wp-json\/wp\/v2\/pages\/315\/revisions"}],"predecessor-version":[{"id":1239,"href":"http:\/\/ahac.net\/ahac-ar\/wp-json\/wp\/v2\/pages\/315\/revisions\/1239"}],"wp:attachment":[{"href":"http:\/\/ahac.net\/ahac-ar\/wp-json\/wp\/v2\/media?parent=315"}],"curies":[{"name":"wp","href":"https:\/\/api.w.org\/{rel}","templated":true}]}}