{"id":336,"date":"2014-01-15T01:07:15","date_gmt":"2014-01-15T01:07:15","guid":{"rendered":"http:\/\/ahac.net\/ahac-ar\/?page_id=336"},"modified":"2014-02-16T06:00:26","modified_gmt":"2014-02-16T06:00:26","slug":"brillant-design-panoramske-stene","status":"publish","type":"page","link":"http:\/\/ahac.net\/ahac-ar\/brillant-design-panoramske-stene\/","title":{"rendered":"Brillant-Design panoramske stene"},"content":{"rendered":"<div><img loading=\"lazy\" decoding=\"async\" class=\"alignleft\" style=\"float: left; margin-top: 40px; margin-bottom: 40px;\" alt=\"Brillant-Design Hebeschiebet\u00fcrsystem - PVC-System in 70mm Bautiefe\" src=\"http:\/\/www.rehau.com\/linkableblob\/SI_sl\/495002\/teaserImageBig\/Brillant-Design_Hebeschiebetuersystem-teaserImageBig.jpg\" width=\"318\" height=\"318\" \/><strong>PVC-sistem v 70mm profilih<\/strong><\/p>\n<div>\n<div>\n<div>\n<div>\n<p>Z sistemom dvi\u017eno-drsnih vrat REHAU Brillant\u2013Design dobi REHAU paleta 70 mm sisteme profilov tudi v tem segmentu. Pri obnovi starih objektov ali novo gradnji, sistem drsnih vrat REHAU Brillant &#8211; Design prepri\u010da z fleksibilnimi mo\u017enosti uporabe.<\/p>\n<p><strong>Lastnosti:<\/strong><\/p>\n<ul>\n<li>debelina profila 70 mm,<\/li>\n<li>\u0161tevilo komor: 4 komore,<\/li>\n<li>toplotna izolacija: Uf= 1,9 W\/m\u00b2K,<\/li>\n<li>termi\u010dno lo\u010deni okvirji in talni prag,<\/li>\n<li>dobra zvo\u010dna izolacija z pomo\u010djo 44 mm izolacijskega stekla,<\/li>\n<li>protivlomna za\u0161\u010dita do upornostnega razreda 2 ( ENV 1627 ),<\/li>\n<li>zra\u010dno- \/\u00a0vodotestna za\u0161\u010dita do obremenilnega razreda 4 EN( EN 12207\/9A ( EN 12208).<\/li>\n<\/ul>\n<\/div>\n<div>\u00a0<\/div>\n<div>\u00a0<\/div>\n<div>\u00a0<\/div>\n<div>\n<div><img loading=\"lazy\" decoding=\"async\" class=\"alignleft\" style=\"float: left; margin-top: -3px; margin-bottom: -3px;\" alt=\"\" src=\"http:\/\/www.rehau.com\/linkableblob\/SI_sl\/495000\/teaserImageBig\/Hebeschiebetuer_Brillant-Design_im_Einfamilienhaus-teaserImageBig.jpg\" width=\"318\" height=\"318\" \/><\/p>\n<div>\n<p style=\"padding-left: 30px;\">\u00a0<strong>Prednosti:<\/strong><\/p>\n<\/div>\n<\/div>\n<\/div>\n<div style=\"padding-left: 30px;\">\n<div style=\"padding-left: 30px;\">\n<div style=\"padding-left: 30px;\">\n<div style=\"padding-left: 30px;\">\n<ul style=\"padding-left: 30px;\">\n<li style=\"padding-left: 30px;\">zdru\u017eljivost z REHAU okenskimi sistemi,<\/li>\n<li style=\"padding-left: 30px;\">izjemne arhitekture z zaprtimi elementi,<\/li>\n<li style=\"padding-left: 30px;\">\u0161irina elementov do 10 m,<\/li>\n<li style=\"padding-left: 30px;\">gladka, v sebe zaprta, na umazanijo odporna povr\u0161ina ( HDF ),<\/li>\n<li style=\"padding-left: 30px;\">okolju prijazen z mo\u017enostjo recikliranja.<\/li>\n<\/ul>\n<p style=\"padding-left: 30px;\">\u00a0<\/p>\n<p style=\"padding-left: 30px;\"><strong>Mo\u017enosti uporabe:<\/strong><\/p>\n<div style=\"padding-left: 30px;\">\n<div style=\"padding-left: 30px;\">\n<div style=\"padding-left: 30px;\">\n<ul style=\"padding-left: 30px;\">\n<li style=\"padding-left: 30px;\">stari objekti in novo gradnja,<\/li>\n<li style=\"padding-left: 30px;\">nemoten prehod iz stanovanjskega dela na balkon, teraso ali vrt,<\/li>\n<li style=\"padding-left: 30px;\">mo\u017enost vgradnje tudi v zimskih vrtovih.<\/li>\n<\/ul>\n<p>\u00a0\u00a0<\/p>\n<\/div>\n<\/div>\n<\/div>\n<\/div>\n<\/div>\n<\/div>\n<\/div>\n<div>\u00a0<\/div>\n<div>\n<div><img decoding=\"async\" class=\"alignleft\" alt=\"\" src=\"http:\/\/www.rehau.com\/linkableblob\/SI_sl\/495004\/teaserImageBig\/Brillant-Design_Hebeschiebetuer_verschiedenste_Oeffnungsarten_-teaserImageBig.jpg\" \/><\/p>\n<div>\n<div>\u00a0<\/div>\n<\/div>\n<\/div>\n<\/div>\n<\/div>\n<\/div>\n<\/div>\n<\/div>\n<div>\u00a0<\/div>\n<div>\u00a0<\/div>\n","protected":false},"excerpt":{"rendered":"<p>PVC-sistem v 70mm profilih Z sistemom dvi\u017eno-drsnih vrat REHAU Brillant\u2013Design dobi REHAU paleta 70 mm sisteme profilov tudi v tem segmentu. Pri obnovi starih objektov ali novo gradnji, sistem drsnih vrat REHAU Brillant &#8211; Design prepri\u010da z fleksibilnimi mo\u017enosti uporabe. Lastnosti: debelina profila 70 mm, \u0161tevilo komor: 4 komore, toplotna izolacija: Uf= 1,9 W\/m\u00b2K, termi\u010dno [&hellip;]<\/p>\n","protected":false},"author":5,"featured_media":0,"parent":0,"menu_order":0,"comment_status":"open","ping_status":"closed","template":"page-sidebar-right.php","meta":{"footnotes":""},"_links":{"self":[{"href":"http:\/\/ahac.net\/ahac-ar\/wp-json\/wp\/v2\/pages\/336"}],"collection":[{"href":"http:\/\/ahac.net\/ahac-ar\/wp-json\/wp\/v2\/pages"}],"about":[{"href":"http:\/\/ahac.net\/ahac-ar\/wp-json\/wp\/v2\/types\/page"}],"author":[{"embeddable":true,"href":"http:\/\/ahac.net\/ahac-ar\/wp-json\/wp\/v2\/users\/5"}],"replies":[{"embeddable":true,"href":"http:\/\/ahac.net\/ahac-ar\/wp-json\/wp\/v2\/comments?post=336"}],"version-history":[{"count":17,"href":"http:\/\/ahac.net\/ahac-ar\/wp-json\/wp\/v2\/pages\/336\/revisions"}],"predecessor-version":[{"id":1240,"href":"http:\/\/ahac.net\/ahac-ar\/wp-json\/wp\/v2\/pages\/336\/revisions\/1240"}],"wp:attachment":[{"href":"http:\/\/ahac.net\/ahac-ar\/wp-json\/wp\/v2\/media?parent=336"}],"curies":[{"name":"wp","href":"https:\/\/api.w.org\/{rel}","templated":true}]}}