{"id":371,"date":"2014-01-15T01:49:49","date_gmt":"2014-01-15T01:49:49","guid":{"rendered":"http:\/\/ahac.net\/ahac-ar\/?page_id=371"},"modified":"2014-02-16T06:31:15","modified_gmt":"2014-02-16T06:31:15","slug":"pvc-okna-geneo","status":"publish","type":"page","link":"http:\/\/ahac.net\/ahac-ar\/pvc-okna\/pvc-okna-geneo\/","title":{"rendered":"PVC okna Geneo"},"content":{"rendered":"<div><img decoding=\"async\" class=\"alignleft\" id=\"\" alt=\"GENEO - z vlakni oja\u010dan premium sistem , globine 86 mm za najvi\u0161je standarde oblikovanja in funkcionalnosti\" src=\"http:\/\/www.rehau.com\/linkableblob\/SI_sl\/494816\/teaserImageBig\/GENEO_okna-teaserImageBig.jpg\" \/><\/p>\n<div>\n<div>\n<p><strong>Perfektna energetska u\u010dinkovitost: popolnoma armirani profili iz Hightech-RAU-FIPRO materiala<sup>\u00ae<\/sup><\/strong><\/p>\n<div>\n<p style=\"text-align: justify;\">GENEO<sup>\u00ae<\/sup> je energetsko najbolj\u0161i sistem okenskega profila, ki je trenutno na razpolago na trgu in dovoljuje globino vgradnje 86 mm.\u00a0Posebnost na\u00a0GENEO sistemu je\u00a0 Hightech-material RAU-FIPRO. To je material ki so mu prime\u0161ana vlakna , kar naredi profil zelo stabilen.Tako za oja\u010ditev profilov\u00a0v 90%\u00a0 primerov ni potrebno klasi\u010dno oja\u010dat z pocinkano plo\u010devino.\u00a0Tako dobimo z GENEO sistemom\u00a0\u00a0zelo dobre toplotne vrednosti.Prav tako odpadejo toplotni mostovi ki se pojavijo pri klasi\u010dnih oja\u010ditvah.Tako sistem GENEO prekora\u010duje tudi\u00a0 zahteve ki jih predpisuje odlog o var\u010devanju ( EnEV).\u00a0<\/p>\n<p>\u00a0<strong>Lastnosti:<\/strong><\/p>\n<ul>\n<li>Globina: 86 mm \/ sredinsko tesnilo,<\/li>\n<li>Prekatov: 6,<\/li>\n<li>Toplotnaprehodnost: Uf = do 0,85 W\/m\u00b2K,<\/li>\n<li>Prihranek energije: do 76% (osnova za primerjavo: les-\/umetne mase za vrednosti Uw =2,7 W\/m\u00b2K)*,<\/li>\n<li>Material: Ve\u010dkomponentni vlaknasti material RAU-FIPRO<sup>\u00ae<\/sup>, izgled povr\u0161insko obdelan iz koextrudiranega RAU-PVC materiala za kvalitetno zunanjo povr\u0161ino,<\/li>\n<li>Zvo\u010dna izolacija: do SSK 5 brez jeklenih oja\u010ditev, Rw,P = 47 dB z zasteklitvijo Rw = 50 dB,<\/li>\n<li>Protivlomna za\u0161\u010dita: do razreda 3, do razreda 2 brez jeklenih oja\u010ditev,<\/li>\n<\/ul>\n<p>*Zmanj\u0161anje izgube energije pri zamenjavi starega lesenega okna\/plasti\u010dnega okna iz obdobja 80.let ( Uf=1,9, Ug=3,0) za okna GENEO ( Uf=0,86, Ug=0,5, velikost elementa 123 x 148 cm<\/p>\n<div>\n<div><img decoding=\"async\" class=\"alignleft\" id=\"\" alt=\"\" src=\"http:\/\/www.rehau.com\/linkableblob\/SI_sl\/894740\/data\/QualityLabel_9pDSR12CZkcxaOzeHTPcwg__-data.png\" \/><\/div>\n<div>\n<div>\u00a0<\/div>\n<\/div>\n<\/div>\n<div>Z vlakni oja\u010dan premium sistem , globine 86 mm za najvi\u0161je standarde oblikovanja in funkcionalnosti.<\/div>\n<div>\u00a0<\/div>\n<div>\u00a0<\/div>\n<div>\u00a0<\/div>\n<div>\n<div><img decoding=\"async\" class=\"alignleft\" alt=\"\" src=\"http:\/\/www.rehau.com\/linkableblob\/SI_sl\/494790\/teaserImageBig\/GENEO-okno_Okno__v_enodruzinski_hisi_-teaserImageBig.jpg\" \/><\/div>\n<p><strong>Prednosti:<\/strong><\/p>\n<\/div>\n<div>\n<div>\n<div>\n<div>\n<ul>\n<li>popolnoma armiran okenski sistem brez jeklene oja\u010ditve,<\/li>\n<li>zelo stabilen zaradi uporabe RAU-FIPRO materiala,odli\u010dna konstrukcija z integriranimi oja\u010ditvami,<\/li>\n<li>z uporabo primernih stekel ,sitem uporaben v gradnji pasivnih hi\u0161,<\/li>\n<li>racionalno skladi\u0161\u010denje in obdelava,<\/li>\n<li>lahkotna uporaba pri izdelavi in monta\u017ei zaradi do 40% zmanj\u0161ane te\u017ee v primerjavi z ostalimi profili,<\/li>\n<li>funkcionalni prekati uporabni tudi za termomodule,<\/li>\n<li>globina utora 66 mm kar je uporabno za troslojno zasteklitev,<\/li>\n<li>zmanj\u0161an zapirni pritisk in s tem la\u017eje odpiranje in zapiranje zaradi novo razvite tesnilne geometrije,<\/li>\n<li>prijazen okolju ,ker je\u00a0material mo\u017eno \u00a0reciklirat,<\/li>\n<li>popolna energetska u\u010dinkovitost\u00a0&#8211;\u00a0z dru\u017eino\u00a0<a href=\"http:\/\/www.rehau.com\/SI_sl\/gradnje\/Okenski_in_fasadni_sistemi\/494624\/GENEO_druzina_energetska_ucinkovitost_v_popolnosti.html\">GENEO-<\/a>(okna, vrata, dvi\u017eno drsne stene) s tem optimalna izolacija zgradbe.<\/li>\n<\/ul>\n<p>&nbsp;<\/p>\n<p>&nbsp;<\/p>\n<p>&nbsp;<\/p>\n<p><img decoding=\"async\" class=\"alignleft\" alt=\"\" src=\"http:\/\/www.rehau.com\/linkableblob\/SI_sl\/494824\/teaserImageBig\/GENEO-Okno_pri_gradnji-objektov-teaserImageBig.jpg\" \/> <strong>Oblika:<\/strong><\/p>\n<div>\n<div>\n<div>\n<ul>\n<li>Veliko arhitekturnih mo\u017enosti z individulanimi oblikami, kot npr. okrogla in trikotna okna ter mo\u017enost po\u0161evne in pre\u010dne vgradnje,<\/li>\n<li>Velika mo\u017enost oblikovanja zaradi razli\u010dnih barv v dekor-foliji ali laku,<\/li>\n<li>Svetlo siva tesnila pri belih profilih in \u010drna tesnila pri obarvanih profilih dajejo akcen,<\/li>\n<li>20\u00b0-pre\u010dni radij in 5 mm zunanji radii za elegantno optiko.<\/li>\n<\/ul>\n<p>&nbsp;<\/p>\n<p><strong>Dodatki<\/strong><\/p>\n<div>\n<div>\n<div>\n<p>Za sistem GENEO so na razpolago naslednji dodatki:<\/p>\n<ul>\n<li>re\u0161itev kondenzata v vogalih: <br \/>u\u010dinkovito prepre\u010duje nastanek plesni in kondenzata\u00a0(DIN 4108-2)<br \/>trije vogalni spoji za 90\u00b0 , 135\u00b0 in fleksibilne kote od 90\u00b0do 180\u00b0,<\/li>\n<li>REHAU Comfort-Design plus:<br \/>roletni sistem ponuja efektivno za\u0161\u010dito proti soncu in svetlobi, mo\u017eno tudi z integriranim komarnikom.<\/li>\n<\/ul>\n<p>&nbsp;<\/p>\n<p><\/p>\n<p>&nbsp;<\/p>\n<hr \/>\n<\/div>\n<\/div>\n<\/div>\n<\/div>\n<\/div>\n<\/div>\n<\/div>\n<\/div>\n<\/div>\n<\/div>\n<\/div>\n<\/div>\n<\/div>\n<\/div>\n","protected":false},"excerpt":{"rendered":"<p>Perfektna energetska u\u010dinkovitost: popolnoma armirani profili iz Hightech-RAU-FIPRO materiala\u00ae GENEO\u00ae je energetsko najbolj\u0161i sistem okenskega profila, ki je trenutno na razpolago na trgu in dovoljuje globino vgradnje 86 mm.\u00a0Posebnost na\u00a0GENEO sistemu je\u00a0 Hightech-material RAU-FIPRO. To je material ki so mu prime\u0161ana vlakna , kar naredi profil zelo stabilen.Tako za oja\u010ditev profilov\u00a0v 90%\u00a0 primerov ni potrebno [&hellip;]<\/p>\n","protected":false},"author":5,"featured_media":0,"parent":259,"menu_order":5,"comment_status":"open","ping_status":"closed","template":"page-sidebar-right.php","meta":{"footnotes":""},"_links":{"self":[{"href":"http:\/\/ahac.net\/ahac-ar\/wp-json\/wp\/v2\/pages\/371"}],"collection":[{"href":"http:\/\/ahac.net\/ahac-ar\/wp-json\/wp\/v2\/pages"}],"about":[{"href":"http:\/\/ahac.net\/ahac-ar\/wp-json\/wp\/v2\/types\/page"}],"author":[{"embeddable":true,"href":"http:\/\/ahac.net\/ahac-ar\/wp-json\/wp\/v2\/users\/5"}],"replies":[{"embeddable":true,"href":"http:\/\/ahac.net\/ahac-ar\/wp-json\/wp\/v2\/comments?post=371"}],"version-history":[{"count":9,"href":"http:\/\/ahac.net\/ahac-ar\/wp-json\/wp\/v2\/pages\/371\/revisions"}],"predecessor-version":[{"id":1248,"href":"http:\/\/ahac.net\/ahac-ar\/wp-json\/wp\/v2\/pages\/371\/revisions\/1248"}],"up":[{"embeddable":true,"href":"http:\/\/ahac.net\/ahac-ar\/wp-json\/wp\/v2\/pages\/259"}],"wp:attachment":[{"href":"http:\/\/ahac.net\/ahac-ar\/wp-json\/wp\/v2\/media?parent=371"}],"curies":[{"name":"wp","href":"https:\/\/api.w.org\/{rel}","templated":true}]}}