{"id":384,"date":"2014-01-15T02:08:02","date_gmt":"2014-01-15T02:08:02","guid":{"rendered":"http:\/\/ahac.net\/ahac-ar\/?page_id=384"},"modified":"2014-02-16T06:30:30","modified_gmt":"2014-02-16T06:30:30","slug":"pvc-okna-geneo-phz","status":"publish","type":"page","link":"http:\/\/ahac.net\/ahac-ar\/pvc-okna\/pvc-okna-geneo-phz\/","title":{"rendered":"PVC okna Geneo PHZ"},"content":{"rendered":"<div><img decoding=\"async\" class=\"alignleft\" id=\"\" alt=\"GENEO PHZ - GENEO certificirana varianta za pasivne hi\u0161e\" src=\"http:\/\/www.rehau.com\/linkableblob\/SI_sl\/494640\/teaserImageBig\/GENEO_PHZ-teaserImageBig.jpg\" \/><\/p>\n<div>\n<div>\n<p><strong>Certificirano za gradnjo pasivnih zgradb GENEO<sup>\u00ae<\/sup><\/strong><\/p>\n<div>\n<p style=\"text-align: justify;\">Kot nadgradnja GENEO sistema je sistem GENEO PHZ (certificirano za pasivne hi\u0161e ) Z vstavitvijo termomodulov in posebnega vmesnega tesnila je postal GENEO PHZ certificiran za pasivne hi\u0161e.Vse ostale\u00a0prednosti \u00a0GENEO sistema, kljub visokim zahtevam po toplotni izolaciji,\u00a0so ostale enake.\u00a0<\/p>\n<p><strong>Lastnosti:<\/strong><\/p>\n<ul>\n<li>globina: 86 mm \/ sredinsko tesnilo,<\/li>\n<li>\u0161t.prekatov: 6,<\/li>\n<li>toplotna izolacija: U<sub>f<\/sub>\u00a0do 0,79 W\/m\u00b2K,<\/li>\n<li>material:ve\u010dkomponentni vlaknasti material RAU-FIPRO\u00ae, izgled povr\u0161insko obdelan iz koextrudiranega RAU-PVC materiala za kvalitetno zunanjo povr\u0161ino,<br \/>zvo\u010dna izolacija:\u00a0brez oja\u010ditve\u00a0do\u00a0\u00a0R<sub>w,P<\/sub> = 47 dB (z steklom\u00a0\u00a0R<sub>w<\/sub> = 50 dB),<\/li>\n<li>protivlomna za\u0161\u010dita:\u00a0do\u00a0razreda\u00a0 obremenitve\u00a03,\u00a0brez oja\u010ditve do razreda odpornosti 2,<\/li>\n<li>razred zrakotesnosti: 4 (EN 12207),<\/li>\n<li>razred vodotesnosti: 9A (EN 12208).<\/li>\n<\/ul>\n<\/div>\n<\/div>\n<\/div>\n<div>\n<div><img decoding=\"async\" class=\"alignleft\" id=\"\" alt=\"\" src=\"http:\/\/www.rehau.com\/linkableblob\/SI_sl\/894740\/data\/QualityLabel_9pDSR12CZkcxaOzeHTPcwg__-data.png\" \/><\/div>\n<\/div>\n<div>\n<div>\u00a0<\/div>\n<div>\u00a0<\/div>\n<\/div>\n<\/div>\n<div>GENEO certificirana varianta za pasivne hi\u0161e. Certifikat Passivhausinstitut-a Darmstadt za pasivne hi\u0161e.<\/div>\n<div>\u00a0<\/div>\n<div>\u00a0<\/div>\n<div>\n<div><img decoding=\"async\" class=\"alignleft\" alt=\"\" src=\"http:\/\/www.rehau.com\/linkableblob\/SI_sl\/494648\/teaserImageBig\/Logo_pasivne_hise_-teaserImageBig.jpg\" \/><\/p>\n<div>\n<div>\n<p><strong>Oblika:<\/strong><\/p>\n<\/div>\n<ul>\n<li>veliko arhitekturnih mo\u017enosti z individulanimi oblikami, kot npr. okrogla in trikotna okna ter mo\u017enost po\u0161evne in pre\u010dne vgradnje,<\/li>\n<li>velika mo\u017enost oblikovanja zaradi razli\u010dnih barv v dekor-foliji ali laku,<\/li>\n<li>svetlo siva tesnila pri belih profilih in \u010drna tesnila pri barvnih profilih dajejo profilom akcent,<\/li>\n<li>20\u00b0-pre\u010dni radij in 5 mm zunanji radij za elegantno optiko.<\/li>\n<\/ul>\n<p>&nbsp;<\/p>\n<p><strong>Dodatki:<\/strong><\/p>\n<ul>\n<li>re\u0161itev kondenzata v vogalih:<br \/>u\u010dinkovito prepre\u010duje nastanek plesni in kondenzata (DIN 4108-2),<br \/>trije vogalni spoji za 90\u00b0 , 135\u00b0 in fleksibilne kote od 90\u00b0do 180\u00b0,<\/li>\n<li>REHAU Comfort-Design plus:<br \/>roletni sistem ponuja efektivno za\u0161\u010dito proti soncu in svetlobi, mo\u017eno tudi z integriranim komarnikom.<\/li>\n<\/ul>\n<\/div>\n<\/div>\n<\/div>\n<div>\u00a0<\/div>\n<p>&nbsp;<\/p>\n<div>\n<div>\n<div>\n<div>\n<hr \/>\n<\/div>\n<\/div>\n<\/div>\n<\/div>\n","protected":false},"excerpt":{"rendered":"<p>Certificirano za gradnjo pasivnih zgradb GENEO\u00ae Kot nadgradnja GENEO sistema je sistem GENEO PHZ (certificirano za pasivne hi\u0161e ) Z vstavitvijo termomodulov in posebnega vmesnega tesnila je postal GENEO PHZ certificiran za pasivne hi\u0161e.Vse ostale\u00a0prednosti \u00a0GENEO sistema, kljub visokim zahtevam po toplotni izolaciji,\u00a0so ostale enake.\u00a0 Lastnosti: globina: 86 mm \/ sredinsko tesnilo, \u0161t.prekatov: 6, toplotna [&hellip;]<\/p>\n","protected":false},"author":5,"featured_media":0,"parent":259,"menu_order":10,"comment_status":"open","ping_status":"closed","template":"page-sidebar-right.php","meta":{"footnotes":""},"_links":{"self":[{"href":"http:\/\/ahac.net\/ahac-ar\/wp-json\/wp\/v2\/pages\/384"}],"collection":[{"href":"http:\/\/ahac.net\/ahac-ar\/wp-json\/wp\/v2\/pages"}],"about":[{"href":"http:\/\/ahac.net\/ahac-ar\/wp-json\/wp\/v2\/types\/page"}],"author":[{"embeddable":true,"href":"http:\/\/ahac.net\/ahac-ar\/wp-json\/wp\/v2\/users\/5"}],"replies":[{"embeddable":true,"href":"http:\/\/ahac.net\/ahac-ar\/wp-json\/wp\/v2\/comments?post=384"}],"version-history":[{"count":13,"href":"http:\/\/ahac.net\/ahac-ar\/wp-json\/wp\/v2\/pages\/384\/revisions"}],"predecessor-version":[{"id":1247,"href":"http:\/\/ahac.net\/ahac-ar\/wp-json\/wp\/v2\/pages\/384\/revisions\/1247"}],"up":[{"embeddable":true,"href":"http:\/\/ahac.net\/ahac-ar\/wp-json\/wp\/v2\/pages\/259"}],"wp:attachment":[{"href":"http:\/\/ahac.net\/ahac-ar\/wp-json\/wp\/v2\/media?parent=384"}],"curies":[{"name":"wp","href":"https:\/\/api.w.org\/{rel}","templated":true}]}}