{"id":399,"date":"2014-01-15T02:25:01","date_gmt":"2014-01-15T02:25:01","guid":{"rendered":"http:\/\/ahac.net\/ahac-ar\/?page_id=399"},"modified":"2014-02-16T06:29:36","modified_gmt":"2014-02-16T06:29:36","slug":"pvc-okna-euro-design-86-plus","status":"publish","type":"page","link":"http:\/\/ahac.net\/ahac-ar\/pvc-okna\/pvc-okna-euro-design-86-plus\/","title":{"rendered":"PVC okna Euro-Design 86 plus"},"content":{"rendered":"<div><img decoding=\"async\" class=\"alignleft\" id=\"\" alt=\"PVC sistem z vgradno globino 86 mm za energetsko var\u010dna okna po najnovej\u0161ih standardih \" src=\"http:\/\/www.rehau.com\/linkableblob\/SI_sl\/494758\/teaserImageBig\/Euro-Design_86_plus-teaserImageBig.jpg\" \/><\/div>\n<div>\n<div>\n<p style=\"text-align: justify;\">Velika globina vgradnje oken\u00a0 do 86 mm omogo\u010da izvedbo 3 kratne zasteklitve vseh visoko kvalitetnih izolacijskih zasteklitev. Dodatno pa izrablja tehnika ve\u010d prekatov za zrak kot izolacijski medij. \u0160tevilne oblike, barve, vzorci in krila v razli\u010dnih oblikah vam nudijo razli\u010dne mo\u017enosti individualnega oblikovanja okna.<\/p>\n<p><strong>Lastnosti:<\/strong><\/p>\n<ul>\n<li>globina vgradnje: 86 mm \/ tesnilo pripire,<\/li>\n<li>\u0161tevilo prekatov:\u00a06 prekatov,<\/li>\n<li>toplotna izolacija: Uf\u00a0do 1,1 W\/m\u00b2K,<\/li>\n<li>zvo\u010dna izolacija do Rw,P= 46 dB,<\/li>\n<li>protivlomna ovira:\u00a0do razreda upora 3,<\/li>\n<li>prevodnost zraka: 4 (EN 12207),<\/li>\n<li>za\u0161\u010dita pred nalivi: 9A (EN 12208).<\/li>\n<\/ul>\n<p>&nbsp;<\/p>\n<p>&nbsp;<\/p>\n<p>&nbsp;<\/p>\n<div>\n<div><img decoding=\"async\" class=\"alignleft\" id=\"\" alt=\"\" src=\"http:\/\/www.rehau.com\/linkableblob\/SI_sl\/894740\/data\/QualityLabel_9pDSR12CZkcxaOzeHTPcwg__-data.png\" \/><\/div>\n<\/div>\n<div>PVC sistem z vgradno globino 86 mm za energetsko var\u010dna okna po najnovej\u0161ih standardih<\/div>\n<p>&nbsp;<\/p>\n<p>&nbsp;<\/p>\n<p>&nbsp;<\/p>\n<p><strong>Prednosti:<\/strong><\/p>\n<div>\n<div>\n<div>\n<ul>\n<li>za nizkoenergijske hi\u0161e in za gradbene sanacije, kjer se zavedamo porabe energije,<\/li>\n<li>visoka za\u0161\u010dita pred nalivi in vetrom z intiligentno geometrijo profilov in jekleno armaturo,<\/li>\n<li>\u0161irina pogleda 115 mm za optimalen vpad svetlobe,<\/li>\n<li>velika globina utorov 66 mm za 3-kratno zasteklitev,<\/li>\n<li>high Definition Finishing-povr\u0161ina (HDF): visoka kvaliteta, plemenitost, visokostopenjska gladkost in zato posebno lahka nega,<\/li>\n<li>okolju prijazno, saj se lahko reciklira.<\/li>\n<\/ul>\n<\/div>\n<\/div>\n<\/div>\n<p>&nbsp;<\/p>\n<p><strong>Oblika:<\/strong><\/p>\n<div>\n<div>\n<div>\n<ul>\n<li>veliko arhitekturnih mo\u017enosti z individulanimi oblikami, kot npr. okrogla in trikotna okna ter mo\u017enost po\u0161evne in pre\u010dne vgradnje,<\/li>\n<li>velika mo\u017enost oblikovanja zaradi razli\u010dnih barv v dekor-foliji ali laku,<\/li>\n<li>svetlo siva tesnila pri belih profilih in \u010drna tesnila pri obarvanih profilih dajejo akcent,<\/li>\n<li>20\u00b0-pre\u010dni radij in 5 mm zunanji radii za elegantno optiko.<\/li>\n<\/ul>\n<p>&nbsp;<\/p>\n<p><strong>Dodatki:<\/strong><\/p>\n<ul>\n<li>vogali so re\u0161eni tako, da na njih ni rosenja:<br \/>efektivno prepre\u010dujejo nastanek plesni in rose (DIN 4108-2),<br \/>re\u0161itev vogalov za 90\u00b0 kote in razli\u010dni vogali z notranjim kotom med 90\u00b0 in 180\u00b0,<\/li>\n<li>REHAU Comfort-Design plus:<br \/>sistem rolojev nudi efektivno za\u0161\u010dito pred pogledi in svetlobo. Na \u017eeljo so dobavljivi tudi z vgrajenimi komarniki.<\/li>\n<\/ul>\n<p>&nbsp;<\/p>\n<p><\/p>\n<p>&nbsp;<\/p>\n<hr \/>\n<p>&nbsp;<\/p>\n<\/div>\n<\/div>\n<\/div>\n<\/div>\n<\/div>\n","protected":false},"excerpt":{"rendered":"<p>Velika globina vgradnje oken\u00a0 do 86 mm omogo\u010da izvedbo 3 kratne zasteklitve vseh visoko kvalitetnih izolacijskih zasteklitev. Dodatno pa izrablja tehnika ve\u010d prekatov za zrak kot izolacijski medij. \u0160tevilne oblike, barve, vzorci in krila v razli\u010dnih oblikah vam nudijo razli\u010dne mo\u017enosti individualnega oblikovanja okna. Lastnosti: globina vgradnje: 86 mm \/ tesnilo pripire, \u0161tevilo prekatov:\u00a06 prekatov, [&hellip;]<\/p>\n","protected":false},"author":5,"featured_media":0,"parent":259,"menu_order":30,"comment_status":"open","ping_status":"closed","template":"page-sidebar-right.php","meta":{"footnotes":""},"_links":{"self":[{"href":"http:\/\/ahac.net\/ahac-ar\/wp-json\/wp\/v2\/pages\/399"}],"collection":[{"href":"http:\/\/ahac.net\/ahac-ar\/wp-json\/wp\/v2\/pages"}],"about":[{"href":"http:\/\/ahac.net\/ahac-ar\/wp-json\/wp\/v2\/types\/page"}],"author":[{"embeddable":true,"href":"http:\/\/ahac.net\/ahac-ar\/wp-json\/wp\/v2\/users\/5"}],"replies":[{"embeddable":true,"href":"http:\/\/ahac.net\/ahac-ar\/wp-json\/wp\/v2\/comments?post=399"}],"version-history":[{"count":13,"href":"http:\/\/ahac.net\/ahac-ar\/wp-json\/wp\/v2\/pages\/399\/revisions"}],"predecessor-version":[{"id":1246,"href":"http:\/\/ahac.net\/ahac-ar\/wp-json\/wp\/v2\/pages\/399\/revisions\/1246"}],"up":[{"embeddable":true,"href":"http:\/\/ahac.net\/ahac-ar\/wp-json\/wp\/v2\/pages\/259"}],"wp:attachment":[{"href":"http:\/\/ahac.net\/ahac-ar\/wp-json\/wp\/v2\/media?parent=399"}],"curies":[{"name":"wp","href":"https:\/\/api.w.org\/{rel}","templated":true}]}}