{"id":411,"date":"2014-01-15T02:44:26","date_gmt":"2014-01-15T02:44:26","guid":{"rendered":"http:\/\/ahac.net\/ahac-ar\/?page_id=411"},"modified":"2014-02-16T06:28:46","modified_gmt":"2014-02-16T06:28:46","slug":"pvc-okna-brillant-design","status":"publish","type":"page","link":"http:\/\/ahac.net\/ahac-ar\/pvc-okna\/pvc-okna-brillant-design\/","title":{"rendered":"PVC okna Brillant-Design"},"content":{"rendered":"<p style=\"text-align: justify;\"><strong>Toplotna izolacija in oblikovalna raznolikost<\/strong>\u00a0<img decoding=\"async\" class=\"alignleft\" id=\"\" alt=\"Brillant-Design - PVC-Sistem v 70mm-debelini\" src=\"http:\/\/www.rehau.com\/linkableblob\/SI_sl\/494688\/teaserImageBig\/Brillant-Design-teaserImageBig.jpg\" \/><\/p>\n<div>\n<div>\n<div>\n<p><strong>Lastnosti:<\/strong><\/p>\n<ul>\n<li>debelina profila 70 mm (opcija: 80 mm\u00a0 okvir) \/ naslonsko tesnilo,<\/li>\n<li>\u0161tevilo komor: 5 komor (6 komor),<\/li>\n<li>toplotna izolacija: Uf= 1,3 W\/m\u00b2K (standardna armatura),<\/li>\n<li>toplotna izolacija:\u00a0 z termi\u010dno deljeno\u00a0armaturamo, Uf= 1,2 W\/m\u00b2K,<\/li>\n<li>var\u010devanje z energijo do 56% ( primerjava\u00a0les-PVC okna\u00a0z Uw=2,7 W\/m2K) ,<\/li>\n<li>zvo\u010dna izolacija: Do\u00a0Rw,P=45db,<\/li>\n<li>protivlomna za\u0161\u010dita Do upornostnega razreda 3 (ENV 1627),<\/li>\n<li>zrakotesnost : razred 4 po DIN 12207 ,<\/li>\n<li>vodotesnost : razred E 900 po DIN 12208.<\/li>\n<\/ul>\n<p>&nbsp;<\/p>\n<\/div>\n<\/div>\n<\/div>\n<p style=\"text-align: justify;\">Brillant-Design kombinira toplotno izolacijo in oblikovalno raznolikost. Sistema\u00a070mm\u00a0ali 80mm\u00a0debeline sta idealna komponenta za\u00a0novogradnje\u00a0in\u00a0sanacije.\u00a0Veliko\u00a0\u0161tevilo\u00a0\u00a0oblik, barv,\u00a0dekorjev\u00a0in\u00a0razli\u010dnih kril\u00a0omogo\u010dajo individualno zasnovo oken.<\/p>\n<p>&nbsp;<\/p>\n<div><img decoding=\"async\" class=\"alignleft\" alt=\"\" src=\"http:\/\/www.rehau.com\/linkableblob\/SI_sl\/494698\/teaserImageBig\/Okno_v_Brillant-Design_v_enodruzinski_hisi_-teaserImageBig.jpg\" \/><\/div>\n<p><strong>Prednosti:<\/strong><\/p>\n<div>\n<div>\n<div>\n<ul>\n<li>raznolika mo\u017enost vgradnje z posebej \u0161iroko paleto profilov,<\/li>\n<li>gladka, \u010di\u0161\u010denju prijazna povr\u0161ina ( HDF povr\u0161ina ),<\/li>\n<li>pre\u010dni pregib v okrasnem okvirju za bolj\u0161i pretok vode in la\u017eje \u010di\u0161\u010denje,<\/li>\n<li>optimalne stati\u010dne lastnosti s pomo\u010djo armature z veliko debelino profila,<\/li>\n<li>enaka armatura v okrasnem okvirju in krilu za neznatno skladi\u0161\u010denje,<\/li>\n<li>mo\u017enosti izbire profilov z \u017ee vstavljenim tesnilom za racionalno proizvodnjo,<\/li>\n<li>okolju prijazno, ker je mogo\u010da recikla\u017ea.<\/li>\n<\/ul>\n<\/div>\n<\/div>\n<\/div>\n<p>&nbsp;<\/p>\n<p>&nbsp;<\/p>\n<p>&nbsp;<\/p>\n<p><strong>Oblika:<\/strong><\/p>\n<div>\n<div>\n<div>\n<ul>\n<li>klasi\u010dno povr\u0161insko\u00a0zamaknjeno krilo ali\u00a0zaobljeno krilo,<\/li>\n<li>obse\u017ene oblikovne mo\u017enosti barvanja s pomo\u010djo dekor folij, z lakiranjem ali aluminijastimi oblogami,<\/li>\n<li>svetlo siva tesnila v belih profilih dajo poudarek.<\/li>\n<\/ul>\n<p>&nbsp;<\/p>\n<div>\n<div>\n<div>\n<p><strong>Dodatki:<\/strong><\/p>\n<ul>\n<li>re\u0161itev kondenzata vogalov:<br \/>u\u010dinkovito prepre\u010duje nastanek plesni in kondenzata\u00a0(DIN 4108-2),<br \/>trije vogalni spoji za \u00a090\u00b0-kote, za 135\u00b0-kote\u00a0in za gibljive kote\u00a0za notranje kote od \u00a090\u00b0\u00a0do 180\u00b0,<\/li>\n<li>REHAU Comfort-Design plus:<br \/>roletni sistem ponuja efektivno za\u0161\u010dito proti soncu in svetlobi, mo\u017eno tudi z integriranim komarnikom.<\/li>\n<\/ul>\n<\/div>\n<\/div>\n<\/div>\n<\/div>\n<\/div>\n<\/div>\n<p>&nbsp;<\/p>\n<p>&nbsp;<\/p>\n<p>&nbsp;<\/p>\n<hr \/>\n","protected":false},"excerpt":{"rendered":"<p>Toplotna izolacija in oblikovalna raznolikost\u00a0 Lastnosti: debelina profila 70 mm (opcija: 80 mm\u00a0 okvir) \/ naslonsko tesnilo, \u0161tevilo komor: 5 komor (6 komor), toplotna izolacija: Uf= 1,3 W\/m\u00b2K (standardna armatura), toplotna izolacija:\u00a0 z termi\u010dno deljeno\u00a0armaturamo, Uf= 1,2 W\/m\u00b2K, var\u010devanje z energijo do 56% ( primerjava\u00a0les-PVC okna\u00a0z Uw=2,7 W\/m2K) , zvo\u010dna izolacija: Do\u00a0Rw,P=45db, protivlomna za\u0161\u010dita Do [&hellip;]<\/p>\n","protected":false},"author":5,"featured_media":0,"parent":259,"menu_order":60,"comment_status":"open","ping_status":"closed","template":"page-sidebar-right.php","meta":{"footnotes":""},"_links":{"self":[{"href":"http:\/\/ahac.net\/ahac-ar\/wp-json\/wp\/v2\/pages\/411"}],"collection":[{"href":"http:\/\/ahac.net\/ahac-ar\/wp-json\/wp\/v2\/pages"}],"about":[{"href":"http:\/\/ahac.net\/ahac-ar\/wp-json\/wp\/v2\/types\/page"}],"author":[{"embeddable":true,"href":"http:\/\/ahac.net\/ahac-ar\/wp-json\/wp\/v2\/users\/5"}],"replies":[{"embeddable":true,"href":"http:\/\/ahac.net\/ahac-ar\/wp-json\/wp\/v2\/comments?post=411"}],"version-history":[{"count":17,"href":"http:\/\/ahac.net\/ahac-ar\/wp-json\/wp\/v2\/pages\/411\/revisions"}],"predecessor-version":[{"id":1245,"href":"http:\/\/ahac.net\/ahac-ar\/wp-json\/wp\/v2\/pages\/411\/revisions\/1245"}],"up":[{"embeddable":true,"href":"http:\/\/ahac.net\/ahac-ar\/wp-json\/wp\/v2\/pages\/259"}],"wp:attachment":[{"href":"http:\/\/ahac.net\/ahac-ar\/wp-json\/wp\/v2\/media?parent=411"}],"curies":[{"name":"wp","href":"https:\/\/api.w.org\/{rel}","templated":true}]}}