{"id":434,"date":"2014-01-15T03:05:10","date_gmt":"2014-01-15T03:05:10","guid":{"rendered":"http:\/\/ahac.net\/ahac-ar\/?page_id=434"},"modified":"2014-02-16T06:27:54","modified_gmt":"2014-02-16T06:27:54","slug":"pvc-okna-euro-design-70","status":"publish","type":"page","link":"http:\/\/ahac.net\/ahac-ar\/pvc-okna\/pvc-okna-euro-design-70\/","title":{"rendered":"PVC okna Euro-Design 70"},"content":{"rendered":"<div><img decoding=\"async\" class=\"alignleft\" id=\"\" alt=\"Euro-Design 70 - PVC sistem z vgradno globino 70 mm za gradnjo objektov  \" src=\"http:\/\/www.rehau.com\/linkableblob\/SI_sl\/494722\/teaserImageBig\/Euro-Design_70-teaserImageBig.jpg\" \/><\/div>\n<p><strong>\u00a070 mm-System za zahteve pri gradnji objektov<\/strong><\/p>\n<div>\n<div>\n<div>\n<p>Euro-Design 70 nudi najbolj\u0161e pogoje za gradnjo objektov. Z uveljavljenim REHAU standardom kakovosti pomeni Euro-Design 70 gospodarni sistem oken. \u0160tevilne oblike, barvni odtenki in dizajnirano okensko krilo odpirajo raznovrstne mo\u017enosti oblikovanja.<\/p>\n<p><strong>Lastnosti:<\/strong><\/p>\n<ul>\n<li>globina vgradnje: 70 mm,<\/li>\n<li>\u0161tevilo komor: 5 komor,<\/li>\n<li>toplotna izolacija:\u00a0<br \/>U<sub>f<\/sub> = 1,3 W\/m\u00b2K (Euro-Design 70 standardna oja\u010ditev),<br \/>U<sub>f<\/sub> = 1,2 W\/m\u00b2K (Euro-Design 70 plus z oja\u010ditvijo z termo \u010dlenom).<\/li>\n<li>protizvo\u010dna izolacija do \u00a0R<sub>w,P<\/sub>= 45 dB,<\/li>\n<li>protivlomna za\u0161\u010dita: do razreda upornosti 2 (ENV 1627),<\/li>\n<li>prepustnost za zrak: razred 4 po EN 12207,<\/li>\n<li>tesnost na naliv: do razreda 9A\u00a0po EN 12208.<\/li>\n<\/ul>\n<\/div>\n<\/div>\n<\/div>\n<p>&nbsp;<\/p>\n<p><strong>Prednosti:<\/strong><\/p>\n<div>\n<div>\n<div>\n<ul>\n<li>gospodarni sistem za \u0161tevilne na\u010dine uporabe,<\/li>\n<li>High Definition Finishing- povr\u0161ine: visoko kakovostna, plemenita, visoka stopnja gladkosti omogo\u010da izredno lahko negovanje,<\/li>\n<li>v zaslonskem okviru je zaradi bolj\u0161ega odtekanja vode in prijaznega \u010di\u0161\u010denja utor nagnjen,<\/li>\n<li>dobre stati\u010dne lastnosti zaradi oja\u010ditve in velike globine vgradnje,<\/li>\n<li>enaka oja\u010ditev tako v\u00a0 okviru, kot v okenskem krilu in zaradi tega manj\u0161i prostor, potreben za skladi\u0161\u010denje,<\/li>\n<li>pri izbiri varjena tesnila za racionalno izdelavo,<\/li>\n<li>prijaznost do okolja, saj je okno mo\u017eno reciklirati.<\/li>\n<\/ul>\n<\/div>\n<\/div>\n<\/div>\n<p>&nbsp;<\/p>\n<p><strong>Oblika:<\/strong><\/p>\n<div>\n<div>\n<div>\n<ul>\n<li>mo\u017enost oblikovanja zaradi izbire oblik okenskih kril: povr\u0161insko zamaknjeni ali polkro\u017eni,<\/li>\n<li>obse\u017ena mo\u017enost oblikovanja zaradi barvnih odtenkov z dekorativnimi folijami,\u00a0lakiranjem ali aluminijasto oblogo,<\/li>\n<li>individualno oblikovanje, npr. z okroglimi in trikotnimi okni ter po\u0161evno vgradnjo ali z okni z lepljenimi kri\u017ei,<\/li>\n<li>svetlo siva tesnila poudarjajo okna iz belih profilov.<\/li>\n<\/ul>\n<\/div>\n<\/div>\n<\/div>\n<p>&nbsp;<\/p>\n<p><strong>Dodatki:<\/strong><\/p>\n<ul>\n<li>re\u0161itev te\u017eave z rosi\u0161\u010dem v vogalih oken:<br \/>u\u010dinkovito prepre\u010den pojav plesni in rosenja (DIN 4108-2).<br \/>Na razpolago so tri re\u0161itve 90\u00b0 vogalov, za 135\u00b0 vogale in variabilne vogale z notranjim kotom med 90\u00b0 in 180\u00b0.<\/li>\n<li>REHAU Comfort-Design plus:<br \/>Rolojski sistem nudi u\u010dinkovito za\u0161\u010dito pred pogledi in svetlobo. Na izbiro tudi z vgrajenim rolojskim komarnikom.<\/li>\n<\/ul>\n<p>&nbsp;<\/p>\n<p>&nbsp;<\/p>\n<div>\n<div>\n<div>\u00a0<\/div>\n<\/div>\n<\/div>\n<hr \/>\n","protected":false},"excerpt":{"rendered":"<p>\u00a070 mm-System za zahteve pri gradnji objektov Euro-Design 70 nudi najbolj\u0161e pogoje za gradnjo objektov. Z uveljavljenim REHAU standardom kakovosti pomeni Euro-Design 70 gospodarni sistem oken. \u0160tevilne oblike, barvni odtenki in dizajnirano okensko krilo odpirajo raznovrstne mo\u017enosti oblikovanja. Lastnosti: globina vgradnje: 70 mm, \u0161tevilo komor: 5 komor, toplotna izolacija:\u00a0Uf = 1,3 W\/m\u00b2K (Euro-Design 70 standardna [&hellip;]<\/p>\n","protected":false},"author":5,"featured_media":0,"parent":259,"menu_order":80,"comment_status":"open","ping_status":"closed","template":"page-sidebar-right.php","meta":{"footnotes":""},"_links":{"self":[{"href":"http:\/\/ahac.net\/ahac-ar\/wp-json\/wp\/v2\/pages\/434"}],"collection":[{"href":"http:\/\/ahac.net\/ahac-ar\/wp-json\/wp\/v2\/pages"}],"about":[{"href":"http:\/\/ahac.net\/ahac-ar\/wp-json\/wp\/v2\/types\/page"}],"author":[{"embeddable":true,"href":"http:\/\/ahac.net\/ahac-ar\/wp-json\/wp\/v2\/users\/5"}],"replies":[{"embeddable":true,"href":"http:\/\/ahac.net\/ahac-ar\/wp-json\/wp\/v2\/comments?post=434"}],"version-history":[{"count":5,"href":"http:\/\/ahac.net\/ahac-ar\/wp-json\/wp\/v2\/pages\/434\/revisions"}],"predecessor-version":[{"id":1244,"href":"http:\/\/ahac.net\/ahac-ar\/wp-json\/wp\/v2\/pages\/434\/revisions\/1244"}],"up":[{"embeddable":true,"href":"http:\/\/ahac.net\/ahac-ar\/wp-json\/wp\/v2\/pages\/259"}],"wp:attachment":[{"href":"http:\/\/ahac.net\/ahac-ar\/wp-json\/wp\/v2\/media?parent=434"}],"curies":[{"name":"wp","href":"https:\/\/api.w.org\/{rel}","templated":true}]}}