{"id":481,"date":"2014-01-16T12:50:17","date_gmt":"2014-01-16T12:50:17","guid":{"rendered":"http:\/\/ahac.net\/ahac-ar\/?page_id=481"},"modified":"2014-05-22T13:11:25","modified_gmt":"2014-05-22T13:11:25","slug":"nadokenski-sistem-rolet","status":"publish","type":"page","link":"http:\/\/ahac.net\/ahac-ar\/sencila\/nadokenski-sistem-rolet\/","title":{"rendered":"Nadokenski sistem rolet"},"content":{"rendered":"<p style=\"text-align: justify;\"><span style=\"font-size: small;\">Nadokenski roletni sistem se montira nad okno. Primeren je za monta\u017eo na okna iz umetne mase, lesa ali aluminija in je optimalna re\u0161itev pri zamenjavi oken ob prenovi.Velikost kasete je razli\u010dna, za razli\u010dne vgradne vi\u0161ine.<\/span><\/p>\n<p style=\"text-align: justify;\"><span style=\"font-size: small;\">Lepilna tehnika omogo\u010da stati\u010dno varen na\u010din pritrditve na okno. Za razli\u010dne velikosti oken in razli\u010dne vi\u0161ine vgradnje. Optimalna za\u0161\u010dita pred hrupom in toplotna za\u0161\u010dita.<\/span><\/p>\n<p style=\"text-align: justify;\"><span style=\"font-size: small;\">Primeren je za vse profile oken in vrat. Izbor dekorativnega barvnega programa je zelo velik. Za\u0161\u010dita pred mr\u010desom je lahko, \u010de tako \u017eelite, \u017ee vklju\u010dena v sistem.<\/span><\/p>\n<hr \/>\n<p>&nbsp;<\/p>\n<p><strong><span style=\"font-size: large; color: #ff6600;\">TOP KLASIK IN TOP SOFT<\/span><\/strong><\/p>\n<table style=\"width: 100%;\" border=\"0\" cellspacing=\"1\" cellpadding=\"1\">\n<tbody>\n<tr>\n<td valign=\"top\">\n<p style=\"text-align: justify;\"><span style=\"font-size: small;\">Pri sistemu\u00a0top klasik obstajata dve izvedbi \u0161katel. Servisni pokrov je samo eden, odpira se s sprednje strani (notranjost stanovanja). Vodila so lahko PVC ali ALU.<\/span><\/p>\n<\/td>\n<td style=\"width: 20px;\" valign=\"top\">\n<p style=\"text-align: justify;\">\u00a0<\/p>\n<\/td>\n<td valign=\"top\">\n<p><img loading=\"lazy\" decoding=\"async\" alt=\"\" src=\"http:\/\/www.tehrol.com\/vsebina\/TOP_klasik.jpg\" width=\"200\" height=\"183\" border=\"0\" \/><\/p>\n<p><span style=\"font-size: x-small;\">TOP klasik<\/span><\/p>\n<\/td>\n<td valign=\"top\"><img loading=\"lazy\" decoding=\"async\" alt=\"\" src=\"http:\/\/www.tehrol.com\/vsebina\/TOP_soft.jpg\" width=\"200\" height=\"205\" border=\"0\" \/><\/p>\n<p><span style=\"font-size: x-small;\">TOP soft<\/span><\/p>\n<\/td>\n<\/tr>\n<tr>\n<td valign=\"top\">\n<p style=\"text-align: justify;\"><span style=\"font-size: small;\"><strong>INTEGRIRANI KOMARNIK<\/strong><\/span><\/p>\n<p style=\"text-align: justify;\"><span style=\"font-size: small;\">Pri tem sistemu komarnik te\u010de v dvojnem vodilu na notranji strani med roleto in oknom. Lahko uporabimo PVC- ali ALU-dvojna vodila. Velikost omarice se v primeru integriranega komarnika pove\u010da.<\/span><\/p>\n<\/td>\n<td valign=\"top\">\n<p style=\"text-align: justify;\">\u00a0<\/p>\n<\/td>\n<td valign=\"top\">\n<p><img loading=\"lazy\" decoding=\"async\" alt=\"\" src=\"http:\/\/www.tehrol.com\/vsebina\/TOP_klasik_s_komarnikom.jpg\" width=\"200\" height=\"233\" border=\"0\" \/><\/p>\n<p><span style=\"font-size: x-small;\">TOP klasik s komarnikom<\/span><\/p>\n<\/td>\n<td valign=\"top\">\n<p><img loading=\"lazy\" decoding=\"async\" alt=\"\" src=\"http:\/\/www.tehrol.com\/vsebina\/TOP_soft_s_komarnikom.jpg\" width=\"200\" height=\"226\" border=\"0\" \/><\/p>\n<p><span style=\"font-size: x-small;\">TOP soft s komarnikom<\/span><\/p>\n<\/td>\n<\/tr>\n<\/tbody>\n<\/table>\n<p>&nbsp;<\/p>\n<hr \/>\n<p><strong><span style=\"font-size: large; color: #ff6600;\">DUO LINE<\/span><\/strong><\/p>\n<table style=\"width: 100%;\" border=\"0\" cellspacing=\"1\" cellpadding=\"1\">\n<tbody>\n<tr>\n<td valign=\"top\">\n<p style=\"text-align: justify;\"><span style=\"font-size: small;\">Pri sistemu DUO LINE lahko izbirate med dvema servisnima pokrovoma: spodaj ali spredaj (notranjost stanovanja). Spodnji servisni pokrov je mogo\u010d do debeline oken 83 mm. Vodila so lahko PVC ali ALU.<\/span><\/p>\n<p style=\"text-align: justify;\">\u00a0<\/p>\n<p style=\"text-align: justify;\">\u00a0<\/p>\n<p style=\"text-align: justify;\"><span style=\"font-size: small;\"><strong>INTEGRIRAN KOMARNIK<\/strong><\/span><\/p>\n<p style=\"text-align: justify;\"><span style=\"font-size: small;\"> Komarnik te\u010de na notranji strani, med roleto in oknom, in ne vpliva na velikost omarice.<\/span><\/p>\n<\/td>\n<td style=\"width: 20px;\" valign=\"top\">\n<p style=\"text-align: justify;\">\u00a0<\/p>\n<\/td>\n<td valign=\"top\"><img loading=\"lazy\" decoding=\"async\" alt=\"\" src=\"http:\/\/www.tehrol.com\/vsebina\/duo_line.jpg\" width=\"200\" height=\"264\" border=\"0\" \/><\/td>\n<td valign=\"top\"><img loading=\"lazy\" decoding=\"async\" alt=\"\" src=\"http:\/\/www.tehrol.com\/vsebina\/duo_line_sestava.jpg\" width=\"200\" height=\"181\" border=\"0\" \/><\/td>\n<\/tr>\n<\/tbody>\n<\/table>\n<p>&nbsp;<\/p>\n<hr \/>\n<p><strong><span style=\"font-size: large; color: #ff6600;\">TOP DUO<\/span><\/strong><\/p>\n<table style=\"width: 100%;\" border=\"0\" cellspacing=\"1\" cellpadding=\"1\">\n<tbody>\n<tr>\n<td valign=\"top\">\n<p style=\"text-align: justify;\"><span style=\"font-size: small;\">TOP DUO je namenjen \u0161ir\u0161im okenskim okvirjem (nad 80 mm). Sistem ima mo\u017enost odpiranja servisnega pokrova s sprednje ali spodnje strani (kot DUO LINE). Obstaja le ena velikost omarice, in sicer 240 x 260 mm. Vodila so lahko PVC ali ALU.<\/span><\/p>\n<p style=\"text-align: justify;\"><span style=\"font-size: small;\">\u00a0<\/span><\/p>\n<p style=\"text-align: justify;\"><span style=\"font-size: small;\"><strong>INTEGRIRANI KOMARNIK<\/strong><\/span><\/p>\n<p style=\"text-align: justify;\"><span style=\"font-size: small;\"> Komarnik te\u010de na notranji strani, med roleto in oknom, in ne vpliva na velikost omarice.<\/span><\/p>\n<\/td>\n<td style=\"width: 20px;\" valign=\"top\">\n<p style=\"text-align: justify;\">\u00a0<\/p>\n<\/td>\n<td colspan=\"2\" valign=\"top\">\n<p><img loading=\"lazy\" decoding=\"async\" alt=\"\" src=\"http:\/\/www.tehrol.com\/vsebina\/top_duo.jpg\" width=\"200\" height=\"235\" border=\"0\" \/><\/p>\n<\/td>\n<\/tr>\n<\/tbody>\n<\/table>\n<p>&nbsp;<\/p>\n<hr \/>\n<p><span style=\"color: #ff6600;\"><strong><span style=\"font-size: large;\">TOP ECO<\/span><\/strong><\/span><\/p>\n<table style=\"width: 100%;\" border=\"0\" cellspacing=\"1\" cellpadding=\"1\">\n<tbody>\n<tr>\n<td valign=\"top\">\n<p style=\"text-align: justify;\"><span style=\"font-size: small;\">TOP ECO je izdelek, ki je nastal na podlagi dolgoletnih izku\u0161enj na podro\u010dju ekogradnje. Glavna zna\u010dilnost sistema\u00a0TOP ECO je, da ima servisno odprtino na zunanji strani, torej pred oknom. To pomeni, da lahko z notranje in zunanje strani \u0161katlo popolnoma zapremo. S tem tudi precej zmanj\u0161amo toplotno izgubo. Velika prednost sistema\u00a0TOP ECO je tudi ve\u010dja oddaljenost lamel od okna. S tem pridobimo ve\u010dji zra\u010dni prostor in bolj\u0161o izolacijo. Pri tem sistemu je mogo\u010de le ALU-vodilo.<\/span><\/p>\n<p style=\"text-align: justify;\"><span style=\"font-size: small;\">Pri sistemu\u00a0TOP ECO ni mogo\u010de vgraditi integriranega komarnika.\u00a0<\/span><\/p>\n<\/td>\n<td style=\"width: 20px;\" valign=\"top\">\n<p style=\"text-align: justify;\">\u00a0<\/p>\n<\/td>\n<td colspan=\"5\" valign=\"top\">\n<p><img loading=\"lazy\" decoding=\"async\" alt=\"\" src=\"http:\/\/www.tehrol.com\/vsebina\/top_eco.jpg\" width=\"200\" height=\"183\" border=\"0\" \/><\/p>\n<\/td>\n<td colspan=\"3\" valign=\"top\"><img loading=\"lazy\" decoding=\"async\" alt=\"\" src=\"http:\/\/www.tehrol.com\/vsebina\/top_eco_servisni_pokrov.jpg\" width=\"200\" height=\"197\" border=\"0\" \/><\/td>\n<\/tr>\n<\/tbody>\n<\/table>\n<p>&nbsp;<\/p>\n<p>&nbsp;<\/p>\n","protected":false},"excerpt":{"rendered":"<p>Nadokenski roletni sistem se montira nad okno. Primeren je za monta\u017eo na okna iz umetne mase, lesa ali aluminija in je optimalna re\u0161itev pri zamenjavi oken ob prenovi.Velikost kasete je razli\u010dna, za razli\u010dne vgradne vi\u0161ine. Lepilna tehnika omogo\u010da stati\u010dno varen na\u010din pritrditve na okno. Za razli\u010dne velikosti oken in razli\u010dne vi\u0161ine vgradnje. Optimalna za\u0161\u010dita pred [&hellip;]<\/p>\n","protected":false},"author":5,"featured_media":0,"parent":293,"menu_order":0,"comment_status":"open","ping_status":"closed","template":"page-sidebar-right.php","meta":{"footnotes":""},"_links":{"self":[{"href":"http:\/\/ahac.net\/ahac-ar\/wp-json\/wp\/v2\/pages\/481"}],"collection":[{"href":"http:\/\/ahac.net\/ahac-ar\/wp-json\/wp\/v2\/pages"}],"about":[{"href":"http:\/\/ahac.net\/ahac-ar\/wp-json\/wp\/v2\/types\/page"}],"author":[{"embeddable":true,"href":"http:\/\/ahac.net\/ahac-ar\/wp-json\/wp\/v2\/users\/5"}],"replies":[{"embeddable":true,"href":"http:\/\/ahac.net\/ahac-ar\/wp-json\/wp\/v2\/comments?post=481"}],"version-history":[{"count":15,"href":"http:\/\/ahac.net\/ahac-ar\/wp-json\/wp\/v2\/pages\/481\/revisions"}],"predecessor-version":[{"id":1379,"href":"http:\/\/ahac.net\/ahac-ar\/wp-json\/wp\/v2\/pages\/481\/revisions\/1379"}],"up":[{"embeddable":true,"href":"http:\/\/ahac.net\/ahac-ar\/wp-json\/wp\/v2\/pages\/293"}],"wp:attachment":[{"href":"http:\/\/ahac.net\/ahac-ar\/wp-json\/wp\/v2\/media?parent=481"}],"curies":[{"name":"wp","href":"https:\/\/api.w.org\/{rel}","templated":true}]}}