{"id":619,"date":"2014-01-17T14:58:02","date_gmt":"2014-01-17T14:58:02","guid":{"rendered":"http:\/\/ahac.net\/ahac-ar\/?page_id=619"},"modified":"2014-02-25T16:31:32","modified_gmt":"2014-02-25T16:31:32","slug":"garazna-vrata","status":"publish","type":"page","link":"http:\/\/ahac.net\/ahac-ar\/garazna-vrata\/garazna-vrata\/","title":{"rendered":"Gara\u017ena vrata"},"content":{"rendered":"<p><img loading=\"lazy\" decoding=\"async\" class=\"alignnone size-full wp-image-1315\" alt=\"garaznavrata\" src=\"http:\/\/ahac.net\/ahac-ar\/wp-content\/uploads\/2014\/01\/garaznavrata6.jpg\" width=\"750\" height=\"250\" srcset=\"http:\/\/ahac.net\/ahac-ar\/wp-content\/uploads\/2014\/01\/garaznavrata6.jpg 750w, http:\/\/ahac.net\/ahac-ar\/wp-content\/uploads\/2014\/01\/garaznavrata6-300x100.jpg 300w\" sizes=\"(max-width: 750px) 100vw, 750px\" \/><\/p>\n<hr \/>\n<p>&nbsp;<\/p>\n<table border=\"0\">\n<tbody>\n<tr>\n<td><a title=\"Sekcijska gara\u017ena vrata\" href=\"http:\/\/ahac.net\/ahac-ar\/?page_id=699\" target=\"_blank\"><img loading=\"lazy\" decoding=\"async\" class=\"alignnone size-full wp-image-725\" alt=\"garaznavrata1\" src=\"http:\/\/ahac.net\/ahac-ar\/wp-content\/uploads\/2014\/01\/garaznavrata1.jpg\" width=\"218\" height=\"218\" srcset=\"http:\/\/ahac.net\/ahac-ar\/wp-content\/uploads\/2014\/01\/garaznavrata1.jpg 218w, http:\/\/ahac.net\/ahac-ar\/wp-content\/uploads\/2014\/01\/garaznavrata1-150x150.jpg 150w\" sizes=\"(max-width: 218px) 100vw, 218px\" \/><\/a><\/td>\n<td><a title=\"Stranska drsna gara\u017ena vrata\" href=\"http:\/\/ahac.net\/ahac-ar\/?page_id=739\"><img loading=\"lazy\" decoding=\"async\" class=\"alignnone size-full wp-image-729\" alt=\"garaznavrata2\" src=\"http:\/\/ahac.net\/ahac-ar\/wp-content\/uploads\/2014\/01\/garaznavrata2.jpg\" width=\"218\" height=\"218\" srcset=\"http:\/\/ahac.net\/ahac-ar\/wp-content\/uploads\/2014\/01\/garaznavrata2.jpg 218w, http:\/\/ahac.net\/ahac-ar\/wp-content\/uploads\/2014\/01\/garaznavrata2-150x150.jpg 150w\" sizes=\"(max-width: 218px) 100vw, 218px\" \/><\/a><\/td>\n<td><a title=\"Industrijska vrata\" href=\"http:\/\/ahac.net\/ahac-ar\/?page_id=748\" target=\"_blank\"><img loading=\"lazy\" decoding=\"async\" class=\"alignnone size-full wp-image-728\" alt=\"garaznavrata3\" src=\"http:\/\/ahac.net\/ahac-ar\/wp-content\/uploads\/2014\/01\/garaznavrata3.jpg\" width=\"218\" height=\"218\" srcset=\"http:\/\/ahac.net\/ahac-ar\/wp-content\/uploads\/2014\/01\/garaznavrata3.jpg 218w, http:\/\/ahac.net\/ahac-ar\/wp-content\/uploads\/2014\/01\/garaznavrata3-150x150.jpg 150w\" sizes=\"(max-width: 218px) 100vw, 218px\" \/><\/a><\/td>\n<\/tr>\n<tr>\n<td style=\"text-align: center;\"><a title=\"Sekcijska gara\u017ena vrata\" href=\"http:\/\/ahac.net\/ahac-ar\/?page_id=699\" target=\"_blank\">Sekcijska dvi\u017ena gara\u017ena vrata<\/a><\/td>\n<td style=\"text-align: center;\"><a title=\"Stranska drsna gara\u017ena vrata\" href=\"http:\/\/ahac.net\/ahac-ar\/?page_id=739\">Stranska drsna gara\u017ena vrata<\/a><\/td>\n<td style=\"text-align: center;\"><a title=\"Industrijska vrata\" href=\"http:\/\/ahac.net\/ahac-ar\/?page_id=748\" target=\"_blank\">Industrijska vrata<\/a><\/td>\n<\/tr>\n<\/tbody>\n<\/table>\n<p>&nbsp;<\/p>\n<table border=\"0\">\n<tbody>\n<tr>\n<td><a title=\"Krilna gara\u017ena vrata\" href=\"http:\/\/ahac.net\/ahac-ar\/?page_id=753\" target=\"_blank\"><img loading=\"lazy\" decoding=\"async\" class=\"alignnone size-full wp-image-727\" alt=\"garaznavrata4\" src=\"http:\/\/ahac.net\/ahac-ar\/wp-content\/uploads\/2014\/01\/garaznavrata4.jpg\" width=\"218\" height=\"218\" srcset=\"http:\/\/ahac.net\/ahac-ar\/wp-content\/uploads\/2014\/01\/garaznavrata4.jpg 218w, http:\/\/ahac.net\/ahac-ar\/wp-content\/uploads\/2014\/01\/garaznavrata4-150x150.jpg 150w\" sizes=\"(max-width: 218px) 100vw, 218px\" \/><\/a><\/td>\n<td><a title=\"Osebni prehod\" href=\"http:\/\/ahac.net\/ahac-ar\/?page_id=756\"><img loading=\"lazy\" decoding=\"async\" class=\"alignnone size-full wp-image-726\" alt=\"garaznavrata5\" src=\"http:\/\/ahac.net\/ahac-ar\/wp-content\/uploads\/2014\/01\/garaznavrata5.jpg\" width=\"218\" height=\"218\" srcset=\"http:\/\/ahac.net\/ahac-ar\/wp-content\/uploads\/2014\/01\/garaznavrata5.jpg 218w, http:\/\/ahac.net\/ahac-ar\/wp-content\/uploads\/2014\/01\/garaznavrata5-150x150.jpg 150w\" sizes=\"(max-width: 218px) 100vw, 218px\" \/><\/a><\/td>\n<\/tr>\n<tr>\n<td style=\"text-align: center;\"><a title=\"Notranja sen\u010dila\" href=\"http:\/\/ahac.net\/ahac-ar\/?page_id=632&amp;preview=true&amp;preview_id=632&amp;preview_nonce=4ffec40d6b\">Krilna gara\u017ena vrata<\/a><\/td>\n<td><a title=\"Komarniki\" href=\"http:\/\/ahac.net\/ahac-ar\/?page_id=642&amp;preview=true&amp;preview_id=642&amp;preview_nonce=cfb4f3bcfb\">\u00a0<\/a><a title=\"Osebni prehod\" href=\"http:\/\/ahac.net\/ahac-ar\/?page_id=756\">Osebni prehod z nizkim pragom<\/a><\/td>\n<\/tr>\n<\/tbody>\n<\/table>\n<p>&nbsp;<\/p>\n<hr \/>\n","protected":false},"excerpt":{"rendered":"<p>&nbsp; Sekcijska dvi\u017ena gara\u017ena vrata Stranska drsna gara\u017ena vrata Industrijska vrata &nbsp; Krilna gara\u017ena vrata \u00a0Osebni prehod z nizkim pragom &nbsp;<\/p>\n","protected":false},"author":5,"featured_media":0,"parent":617,"menu_order":90,"comment_status":"open","ping_status":"closed","template":"page-sidebar-right.php","meta":{"footnotes":""},"_links":{"self":[{"href":"http:\/\/ahac.net\/ahac-ar\/wp-json\/wp\/v2\/pages\/619"}],"collection":[{"href":"http:\/\/ahac.net\/ahac-ar\/wp-json\/wp\/v2\/pages"}],"about":[{"href":"http:\/\/ahac.net\/ahac-ar\/wp-json\/wp\/v2\/types\/page"}],"author":[{"embeddable":true,"href":"http:\/\/ahac.net\/ahac-ar\/wp-json\/wp\/v2\/users\/5"}],"replies":[{"embeddable":true,"href":"http:\/\/ahac.net\/ahac-ar\/wp-json\/wp\/v2\/comments?post=619"}],"version-history":[{"count":21,"href":"http:\/\/ahac.net\/ahac-ar\/wp-json\/wp\/v2\/pages\/619\/revisions"}],"predecessor-version":[{"id":1316,"href":"http:\/\/ahac.net\/ahac-ar\/wp-json\/wp\/v2\/pages\/619\/revisions\/1316"}],"up":[{"embeddable":true,"href":"http:\/\/ahac.net\/ahac-ar\/wp-json\/wp\/v2\/pages\/617"}],"wp:attachment":[{"href":"http:\/\/ahac.net\/ahac-ar\/wp-json\/wp\/v2\/media?parent=619"}],"curies":[{"name":"wp","href":"https:\/\/api.w.org\/{rel}","templated":true}]}}