{"id":632,"date":"2014-01-18T10:18:38","date_gmt":"2014-01-18T10:18:38","guid":{"rendered":"http:\/\/ahac.net\/ahac-ar\/?page_id=632"},"modified":"2014-05-22T13:13:02","modified_gmt":"2014-05-22T13:13:02","slug":"palise","status":"publish","type":"page","link":"http:\/\/ahac.net\/ahac-ar\/sencila\/palise\/","title":{"rendered":"Plise"},"content":{"rendered":"<p>&nbsp;<\/p>\n<ul>\n<li><span style=\"font-size: small;\">PRILAGODLJIV SISTEM, PRIMEREN ZA VSAK TIP OKEN<\/span><\/li>\n<li><span style=\"font-size: small;\">PRIVLA\u010cNE OBLIKE IN BARVE<\/span><\/li>\n<li><span style=\"font-size: small;\">VELIK IZBOR TKANIN<\/span><\/li>\n<li><span style=\"font-size: small;\">PREPROSTA IN\u0160TALACIJA<\/span><\/li>\n<li><span style=\"font-size: small;\">PREPROSTO UPRAVLJANJE<\/span><\/li>\n<\/ul>\n<p>&nbsp;<\/p>\n<table border=\"0\">\n<tbody>\n<tr>\n<td>\u00a0<\/td>\n<td style=\"width: 20px;\" valign=\"top\">\u00a0<\/td>\n<td valign=\"top\">\n<p style=\"text-align: justify;\"><span style=\"font-size: small;\">Zavesa plise je sen\u010dilo iz finega gubanega platna. Zaradi svoje zasnove je prilagodljivo in \u0161iroko uporabno doma in v poslovnih prostorih, za dekoracijo in zatemnitev. Sistem plise je primeren za vsak tip okna, za velika in majhna okna, stre\u0161na okna, stropna okna, okna nepravilnih oblik in zimske vrtove.<\/span><\/p>\n<\/td>\n<\/tr>\n<\/tbody>\n<\/table>\n<div id=\"plise-krmiljenje\">\n<p>&nbsp;<\/p>\n<p><span style=\"font-size: medium;\"><strong>Krmiljenje<\/strong><\/span><\/p>\n<p><strong><span style=\"font-size: small;\">Razli\u010dne mo\u017enosti krmiljenja<\/span><\/strong><\/p>\n<p><img decoding=\"async\" alt=\"\" src=\"http:\/\/www.tehrol.com\/vsebina\/plise_krmiljenje.jpg\" border=\"0\" \/><\/p>\n<\/div>\n<div id=\"plise-modeli\">\n<p>&nbsp;<\/p>\n<p><strong><span style=\"font-size: medium;\">Modeli plisejev in krmiljenje &#8211; glede na tip okna<\/span><\/strong><\/p>\n<p><span style=\"font-size: small;\">Plise sen\u010dila so primerna za obi\u010dajna vertikalna okna, stre\u0161na okna in za zimske vrtove.<\/span><\/p>\n<p><span style=\"font-size: small;\">Spodnja grafika nam prikazuje kak\u0161ni modeli plisejev in kak\u0161en na\u010din upravljanja je mo\u017een pri posameznih tipih oken.<\/span><\/p>\n<p>&nbsp;<\/p>\n<p><img loading=\"lazy\" decoding=\"async\" alt=\"\" src=\"http:\/\/www.tehrol.com\/vsebina\/plise_modeli.jpg\" width=\"533\" height=\"669\" border=\"0\" \/><\/p>\n<\/div>\n<div id=\"plise-tkanina\">\n<p>&nbsp;<\/p>\n<p><span style=\"font-size: medium;\"><strong>Plise tkanine<\/strong><\/span><\/p>\n<p><span style=\"font-size: small;\">Tkanina je iz 100% poliestra, barvana z obstojnimi barvili in obogatena s raznimi premazi (proti prahu, za UV obstojnost, izolacijski premaz,\u2026). Ob samem razrezu tkanine uporabljamo posebne no\u017ee, ki termi\u010dno obdelajo rob tkanine.<\/span><\/p>\n<p><span style=\"font-size: small;\">Aluminijasti profili in drobni kovinski delci so iz nerjave\u010dih materialov. Nylon vrvica je oja\u010dana z jedrom v sredini, kar omogo\u010da ve\u010djo trdnost.<\/span><\/p>\n<p><span style=\"font-size: small;\">Plasti\u010dni elementi so narejeni iz plastike, kateri je prime\u0161ano steklo, tako se ob ve\u010djih obremenitvah ne obrabi.<\/span><\/p>\n<p>&nbsp;<\/p>\n<p><span style=\"font-size: small;\">Vsi materiali so bili testirani in preverjeni na razli\u010dnih in\u0161titutih kakovosti po vsem svetu in ustrezajo visokim standardom kakovosti.<\/span><\/p>\n<\/div>\n","protected":false},"excerpt":{"rendered":"<p>&nbsp; PRILAGODLJIV SISTEM, PRIMEREN ZA VSAK TIP OKEN PRIVLA\u010cNE OBLIKE IN BARVE VELIK IZBOR TKANIN PREPROSTA IN\u0160TALACIJA PREPROSTO UPRAVLJANJE &nbsp; \u00a0 \u00a0 Zavesa plise je sen\u010dilo iz finega gubanega platna. Zaradi svoje zasnove je prilagodljivo in \u0161iroko uporabno doma in v poslovnih prostorih, za dekoracijo in zatemnitev. Sistem plise je primeren za vsak tip okna, [&hellip;]<\/p>\n","protected":false},"author":5,"featured_media":0,"parent":293,"menu_order":0,"comment_status":"open","ping_status":"closed","template":"page-sidebar-right.php","meta":{"footnotes":""},"_links":{"self":[{"href":"http:\/\/ahac.net\/ahac-ar\/wp-json\/wp\/v2\/pages\/632"}],"collection":[{"href":"http:\/\/ahac.net\/ahac-ar\/wp-json\/wp\/v2\/pages"}],"about":[{"href":"http:\/\/ahac.net\/ahac-ar\/wp-json\/wp\/v2\/types\/page"}],"author":[{"embeddable":true,"href":"http:\/\/ahac.net\/ahac-ar\/wp-json\/wp\/v2\/users\/5"}],"replies":[{"embeddable":true,"href":"http:\/\/ahac.net\/ahac-ar\/wp-json\/wp\/v2\/comments?post=632"}],"version-history":[{"count":8,"href":"http:\/\/ahac.net\/ahac-ar\/wp-json\/wp\/v2\/pages\/632\/revisions"}],"predecessor-version":[{"id":1382,"href":"http:\/\/ahac.net\/ahac-ar\/wp-json\/wp\/v2\/pages\/632\/revisions\/1382"}],"up":[{"embeddable":true,"href":"http:\/\/ahac.net\/ahac-ar\/wp-json\/wp\/v2\/pages\/293"}],"wp:attachment":[{"href":"http:\/\/ahac.net\/ahac-ar\/wp-json\/wp\/v2\/media?parent=632"}],"curies":[{"name":"wp","href":"https:\/\/api.w.org\/{rel}","templated":true}]}}