{"id":699,"date":"2014-01-19T14:51:56","date_gmt":"2014-01-19T14:51:56","guid":{"rendered":"http:\/\/ahac.net\/ahac-ar\/?page_id=699"},"modified":"2014-01-22T13:44:20","modified_gmt":"2014-01-22T13:44:20","slug":"sekcijska-dvizna-garazna-vrata","status":"publish","type":"page","link":"http:\/\/ahac.net\/ahac-ar\/garazna-vrata\/garazna-vrata\/sekcijska-dvizna-garazna-vrata\/","title":{"rendered":"Sekcijska dvi\u017ena gara\u017ena vrata"},"content":{"rendered":"<p>&nbsp;<\/p>\n<table border=\"0\">\n<tbody>\n<tr>\n<td>\n<p><img decoding=\"async\" alt=\"\" src=\"http:\/\/www.mkl-systems.si\/images\/rvslika.jpg\" width=\"330\" \/><\/p>\n<\/td>\n<td style=\"width: 10px;\">\u00a0<\/td>\n<td>\n<p><img decoding=\"async\" alt=\"\" src=\"http:\/\/www.mkl-systems.si\/images\/rvslika.jpg\" width=\"330\" \/><\/p>\n<\/td>\n<\/tr>\n<tr>\n<td><span style=\"font-size: x-small;\">Vzdol\u017eni vzorec dvi\u017enih gara\u017enih vrat<\/span><\/td>\n<td>\u00a0<\/td>\n<td><span style=\"font-size: x-small;\">Kasetni vzorec dvi\u017enih gara\u017enih vrat<\/span><\/td>\n<\/tr>\n<\/tbody>\n<\/table>\n<p style=\"text-align: justify;\">\u00a0<\/p>\n<table border=\"0\">\n<tbody>\n<tr>\n<td valign=\"top\"><img decoding=\"async\" alt=\"http:\/\/www.mkl-systems.si\/images\/slika1.jpg\" src=\"http:\/\/www.mkl-systems.si\/images\/slika1.jpg\" \/><\/td>\n<td style=\"width: 20px;\">\u00a0<\/td>\n<td style=\"text-align: justify;\" rowspan=\"2\" valign=\"top\"><span style=\"font-size: small;\">Sekcijska dvi\u017ena gara\u017ena vrata izdelujemo po meri, zato so odli\u010dna re\u0161itev za vsako gara\u017eo. Dostavimo in zmontiramo jih to\u010dno na va\u0161o obstoje\u010do odprtino, pri \u010demer ve\u010dja gradbena dela niso potrebna. Sekcijska dvi\u017ena gara\u017ena vrata se odpirajo navpi\u010dno navzgor, pod stropom se lomijo in zapeljejo po vodilih vodoravno v prostor. Dvigujejo se s pomo\u010djo torzijskega vzmetenja, z ule\u017eajinimi kole\u0161\u010dki pa dose\u017eemo lepo in tiho delovanje. Tak\u0161en na\u010din dviganja gara\u017enih vrat zagotavlja optimalen izkoristek prostora v gara\u017ei, prav tako pa dovoljuje tesno parkiranje pred gara\u017eo. Za ve\u010dje udobje ter prakti\u010dnost vam lahko v dvi\u017ena gara\u017ena vrata vgradimo tudi <a href=\"http:\/\/www.mkl-systems.si\/osebni-prehod-z-nizkim-pragom\">osebni prehod<\/a>.<\/span><\/td>\n<\/tr>\n<tr>\n<td valign=\"top\"><img decoding=\"async\" alt=\"http:\/\/www.mkl-systems.si\/images\/shema1.jpg\" src=\"http:\/\/www.mkl-systems.si\/images\/shema1.jpg\" \/><\/td>\n<td>\u00a0<\/td>\n<\/tr>\n<\/tbody>\n<\/table>\n<p>&nbsp;<\/p>\n<p><strong><span style=\"font-size: medium;\">Motivi vrat<\/span><\/strong><\/p>\n<p><span style=\"font-size: small;\">Za kon\u010dni izgled va\u0161ega doma je pomemben tudi zunanji izgled va\u0161ih dvi\u017enih gara\u017enih vrat. Lahko izbiramo med razli\u010dnimi vzorci in strukturo vratnih segmentov.<\/span><\/p>\n<p>&nbsp;<\/p>\n<p><strong><span style=\"font-size: small;\">Vzorci:<\/span><\/strong><\/p>\n<p>&nbsp;<\/p>\n<table border=\"0\" cellspacing=\"1\" cellpadding=\"1\">\n<tbody>\n<tr>\n<td><img decoding=\"async\" alt=\"\" src=\"http:\/\/www.mkl-systems.si\/images\/stories\/vzorci-novi\/rv%20majhen.jpg\" width=\"200\" \/><\/td>\n<td style=\"width: 10px;\">\u00a0<\/td>\n<td><img decoding=\"async\" alt=\"\" src=\"http:\/\/www.mkl-systems.si\/images\/stories\/vzorci-novi\/RCkasetamala.jpg\" width=\"200\" \/><\/td>\n<td style=\"width: 10px;\">\u00a0<\/td>\n<td><img decoding=\"async\" alt=\"\" src=\"http:\/\/www.mkl-systems.si\/images\/stories\/vzorci-novi\/mr%20majhen.jpg\" width=\"200\" \/><\/td>\n<\/tr>\n<tr>\n<td><span style=\"font-size: x-small;\">Vzorec z eno \u010drto (RV)<\/span><\/td>\n<td><span style=\"font-size: x-small;\">\u00a0<\/span><\/td>\n<td><span style=\"font-size: x-small;\">Kasetni vzorec (RC)<\/span><\/td>\n<td><span style=\"font-size: x-small;\">\u00a0<\/span><\/td>\n<td><span style=\"font-size: x-small;\">Valovit vzorec (MR)<\/span><\/td>\n<\/tr>\n<tr>\n<td style=\"width: 10px;\">\u00a0<\/td>\n<td>\u00a0<\/td>\n<td>\u00a0<\/td>\n<td>\u00a0<\/td>\n<td>\u00a0<\/td>\n<\/tr>\n<tr>\n<td><img decoding=\"async\" alt=\"\" src=\"http:\/\/www.mkl-systems.si\/images\/stories\/vzorci-novi\/rf%20majhen.jpg\" width=\"200\" \/><\/td>\n<td>\u00a0<\/td>\n<td><img decoding=\"async\" alt=\"\" src=\"http:\/\/www.mkl-systems.si\/images\/stories\/vzorci-novi\/rl%20majhen%20.jpg\" width=\"200\" \/><\/td>\n<td>\u00a0<\/td>\n<td><img decoding=\"async\" alt=\"\" src=\"http:\/\/www.mkl-systems.si\/images\/stories\/vzorci-novi\/INDUSTRIJAILMALA.jpg\" width=\"200\" \/><\/td>\n<\/tr>\n<tr>\n<td><span style=\"font-size: x-small;\">Gladek vzorec (RF)<\/span><\/td>\n<td><span style=\"font-size: x-small;\">\u00a0<\/span><\/td>\n<td><span style=\"font-size: x-small;\">Vzdol\u017eni vzorec z ve\u010d \u010drtami (RL)<\/span><\/td>\n<td><span style=\"font-size: x-small;\">\u00a0<\/span><\/td>\n<td><span style=\"font-size: x-small;\">Industrijski vzorec (IL)<\/span><\/td>\n<\/tr>\n<\/tbody>\n<\/table>\n<p>&nbsp;<\/p>\n<p><strong><span style=\"font-size: small;\">Struktura:<\/span><\/strong><\/p>\n<table border=\"0\" cellspacing=\"1\" cellpadding=\"1\">\n<tbody>\n<tr>\n<td><img decoding=\"async\" alt=\"\" src=\"http:\/\/www.mkl-systems.si\/images\/STRUKTURA.jpg\" \/><\/td>\n<td style=\"width: 10px;\">\u00a0<\/td>\n<td><img decoding=\"async\" alt=\"\" src=\"http:\/\/www.mkl-systems.si\/images\/STRUKTURA1.jpg\" \/><\/td>\n<td style=\"width: 10px;\">\u00a0<\/td>\n<td><img decoding=\"async\" alt=\"\" src=\"http:\/\/www.mkl-systems.si\/images\/STRUKTURA2.jpg\" \/><\/td>\n<\/tr>\n<tr>\n<td><span style=\"font-size: x-small;\">Gladka<\/span><\/td>\n<td><span style=\"font-size: x-small;\">\u00a0<\/span><\/td>\n<td><span style=\"font-size: x-small;\">Struktura lesa<\/span><\/td>\n<td><span style=\"font-size: x-small;\">\u00a0<\/span><\/td>\n<td><span style=\"font-size: x-small;\">Mikro struktura<\/span><\/td>\n<\/tr>\n<\/tbody>\n<\/table>\n<p>\u00a0<\/p>\n<hr \/>\n<p><span style=\"font-size: medium;\"><strong>Izolacija vrat<\/strong><\/span><\/p>\n<div align=\"justify\"><span style=\"font-size: small;\">Segmenti dvi\u017enih gara\u017enih vrat so izdelani iz jeklene pocinkane plo\u010devine z nanosom pra\u0161ne barve ter dodatno filmom plastifikacije. Med zunanjo in notranjo plo\u010devino je kompaktno vbrizgan polivretan debeline 4cm. Izolacija nam slu\u017ei za prekinitev toplotnega mostu ter posledi\u010dno prepre\u010di kondenzacijo gara\u017enih vrat z notranje strani.<\/span><\/div>\n<div align=\"justify\">\u00a0<\/div>\n<div>\n<table border=\"1\" cellpadding=\"0\">\n<tbody>\n<tr dir=\"dir\" id=\"id\" lang=\"lang\" align=\"align\" valign=\"valign\" bgcolor=\"bgcolor\">\n<td style=\"background-color: #d3d3d3;\" rowspan=\"3\" colspan=\"1\"><strong>\u00a0Tip panela<\/strong><\/td>\n<td style=\"background-color: #d3d3d3;\" rowspan=\"1\" colspan=\"2\"><strong>\u00a0K<\/strong><\/td>\n<td style=\"background-color: #d3d3d3;\" rowspan=\"1\" colspan=\"1\"><strong>\u00a0\u03bb<\/strong><\/td>\n<td style=\"background-color: #d3d3d3;\" rowspan=\"2\" colspan=\"2\"><strong>\u00a0Te\u017ea panela<\/strong><\/td>\n<td style=\"background-color: #d3d3d3;\" rowspan=\"1\" colspan=\"4\"><strong>\u00a0Toleranca mm<\/strong><\/td>\n<\/tr>\n<tr dir=\"dir\" id=\"id\" lang=\"lang\" align=\"align\" valign=\"valign\" bgcolor=\"bgcolor\">\n<td style=\"background-color: #d3d3d3;\" rowspan=\"2\" colspan=\"1\">\n<p><strong>\u00a0Kcal<\/strong><br \/><strong> m<sup>2<\/sup>.h.\u00b0C<\/strong><\/p>\n<\/td>\n<td style=\"background-color: #d3d3d3;\" rowspan=\"2\" colspan=\"1\"><strong>\u00a0Watt<\/strong><br \/><strong> m<sup>2<\/sup>.\u00b0C<\/strong><\/td>\n<td style=\"background-color: #d3d3d3;\" rowspan=\"2\" colspan=\"1\"><strong>\u00a0Kcal<\/strong><br \/><strong> mh.\u00b0C<\/strong><\/td>\n<td style=\"background-color: #d3d3d3;\" rowspan=\"2\" colspan=\"1\"><strong>\u00a0Debelina<\/strong><\/td>\n<td style=\"background-color: #d3d3d3;\" rowspan=\"2\" colspan=\"1\"><strong>\u00a0Dol\u017eina<\/strong><\/td>\n<td style=\"background-color: #d3d3d3;\" rowspan=\"2\" colspan=\"1\"><strong>\u00a0Raztezanje<\/strong><\/td>\n<td style=\"background-color: #d3d3d3;\" rowspan=\"2\" colspan=\"1\"><strong>\u00a0Kvadratura<\/strong><\/td>\n<\/tr>\n<tr dir=\"dir\" id=\"id\" lang=\"lang\" align=\"align\" valign=\"valign\" bgcolor=\"bgcolor\">\n<td style=\"background-color: #d3d3d3;\"><strong>\u00a0Kg\/m<sup>2<\/sup><\/strong><\/td>\n<td style=\"background-color: #d3d3d3;\"><strong>\u00a0Kg\/m<\/strong><\/td>\n<\/tr>\n<tr>\n<td align=\"center\">\u00a0500<\/td>\n<td align=\"center\">\u00a00,43<\/td>\n<td align=\"center\">\u00a00,50<\/td>\n<td align=\"center\">\u00a00,0170<\/td>\n<td align=\"center\">\u00a011,7<\/td>\n<td align=\"center\">\u00a05,85<\/td>\n<td align=\"center\">\u00a0\u00b1 2<\/td>\n<td align=\"center\">\u00a0\u00b1 5<\/td>\n<td align=\"center\">\u00a0\u00b1 2<\/td>\n<td align=\"center\">\u00a0\u00b1 3<\/td>\n<\/tr>\n<tr>\n<td align=\"center\">\u00a0610<\/td>\n<td align=\"center\">\u00a00,43<\/td>\n<td align=\"center\">\u00a00,50<\/td>\n<td align=\"center\">\u00a00,0170<\/td>\n<td align=\"center\">\u00a011,1<\/td>\n<td align=\"center\">\u00a06,77<\/td>\n<td align=\"center\">\u00a0\u00b1 2<\/td>\n<td align=\"center\">\u00a0\u00b1 5<\/td>\n<td align=\"center\">\u00a0\u00b1 2<\/td>\n<td align=\"center\">\u00a0\u00b1 3<\/td>\n<\/tr>\n<\/tbody>\n<\/table>\n<\/div>\n<div>\u00a0<\/div>\n<div>\n<hr \/>\n<\/div>\n<p><span style=\"font-size: medium;\">\u00a0<strong>Varnost<\/strong><\/span><\/p>\n<table border=\"0\">\n<tbody>\n<tr>\n<td><img decoding=\"async\" alt=\"http:\/\/www.mkl-systems.si\/images\/vkl2.jpg\" src=\"http:\/\/www.mkl-systems.si\/images\/vkl2.jpg\" \/>\u00a0<\/td>\n<td style=\"width: 20px;\">\u00a0<\/td>\n<td valign=\"top\">\n<div align=\"justify\"><span style=\"font-size: small;\">Sekcijska dvi\u017ena gara\u017ena vrata so izdelana po zahtevnih evropskih standardih EN 13241-1, kakor je pri\u0161lo v veljavo z dne 1.5.2005.<\/span><\/div>\n<div align=\"justify\"><span style=\"font-size: small;\">\u00a0<\/span><\/div>\n<div align=\"justify\"><span style=\"font-size: small;\">Zagotavljajo:<\/span><\/div>\n<ul>\n<li><span style=\"font-size: small;\">za\u0161\u010dito pred ukle\u0161\u010denjem prstov<\/span><\/li>\n<li><span style=\"font-size: small;\">prepre\u010ditev nenadzorovanega padanja vrat<\/span><\/li>\n<\/ul>\n<\/td>\n<\/tr>\n<\/tbody>\n<\/table>\n<hr \/>\n<p><span style=\"font-size: medium;\"><strong>Paleta barv<\/strong><\/span><\/p>\n<table border=\"0\">\n<tbody>\n<tr>\n<td><a href=\"http:\/\/www.mkl-systems.si\/images\/stories\/mkl\/ral.jpg\"><img loading=\"lazy\" decoding=\"async\" alt=\"http:\/\/www.mkl-systems.si\/images\/stories\/mkl\/ral.jpg\" src=\"http:\/\/www.mkl-systems.si\/images\/stories\/mkl\/ral.jpg\" width=\"250\" height=\"255\" \/><\/a><\/td>\n<td>\u00a0<\/td>\n<td valign=\"top\"><span style=\"font-size: small;\">Osnovna in \u0161e vedno najpogostej\u0161a pri dvi\u017enih gara\u017enih vratih je bela barva. Vendar vam po \u017eelji nudimo vse mogo\u010de barve, katere nudi barvna RAL lestvica.<\/span><\/td>\n<\/tr>\n<\/tbody>\n<\/table>\n<p>&nbsp;<\/p>\n<p><span style=\"font-size: small;\">Poleg vseh barv po lestvici RAL, vam nudimo tudi razli\u010dne imitacije lesa, in sicer:<\/span><\/p>\n<p><span style=\"font-size: small;\">&#8211; ZLATI HRAST<br \/>&#8211; TEMNI HRAST<br \/>&#8211; RUSTIKAL HRAST<br \/>&#8211; MAHAGONIJ<br \/>&#8211; OREH<\/span><\/p>\n<p>\u00a0<\/p>\n<hr \/>\n<p><span style=\"font-size: medium;\"><strong>Vgrajena okna<\/strong><\/span><\/p>\n<p><span style=\"font-size: small;\">V sekcijska dvi\u017ena gara\u017ena vrata je mogo\u010de vgraditi okna, katera so lahko razli\u010dnih dimenzij, razli\u010dnih oblik in z razli\u010dnimi vgrajenimi okrasnimi motivi.<\/span><\/p>\n<p>&nbsp;<\/p>\n<p><span style=\"font-size: small;\"><strong>Okna<\/strong><\/span><\/p>\n<table border=\"0\" cellspacing=\"1\" cellpadding=\"1\">\n<tbody>\n<tr>\n<td><img decoding=\"async\" alt=\"http:\/\/www.mkl-systems.si\/images\/getimage.jpg\" src=\"http:\/\/www.mkl-systems.si\/images\/getimage.jpg\" \/><\/td>\n<td style=\"width: 10px;\">\u00a0<\/td>\n<td><img decoding=\"async\" alt=\"http:\/\/www.mkl-systems.si\/images\/getimage_1.jpg\" src=\"http:\/\/www.mkl-systems.si\/images\/getimage_1.jpg\" \/><\/td>\n<td style=\"width: 10px;\">\u00a0<\/td>\n<td><img decoding=\"async\" alt=\"http:\/\/www.mkl-systems.si\/images\/getimage_2.jpg\" src=\"http:\/\/www.mkl-systems.si\/images\/getimage_2.jpg\" \/><\/td>\n<\/tr>\n<tr>\n<td><span style=\"font-size: x-small;\">Pleksi okna<\/span><\/td>\n<td><span style=\"font-size: x-small;\">\u00a0<\/span><\/td>\n<td><span style=\"font-size: x-small;\">Okno inox &#8211; kaljeno steklo okroglo<\/span><\/td>\n<td><span style=\"font-size: x-small;\">\u00a0<\/span><\/td>\n<td><span style=\"font-size: x-small;\">Okno inox &#8211; kaljeno steklo kvadratno<\/span><\/td>\n<\/tr>\n<\/tbody>\n<\/table>\n<p>&nbsp;<\/p>\n<p><span style=\"font-size: small;\"><strong>Okenski vlo\u017eki<\/strong><\/span><\/p>\n<table border=\"0\">\n<tbody>\n<tr>\n<td dir=\"dir\" id=\"id\" lang=\"lang\" scope=\"scope\" valign=\"top\"><img decoding=\"async\" alt=\"\" src=\"http:\/\/www.mkl-systems.si\/images\/vloek1.jpg\" \/><\/td>\n<td style=\"width: 10px;\">\u00a0<\/td>\n<td dir=\"dir\" id=\"id\" lang=\"lang\" scope=\"scope\" valign=\"top\"><img decoding=\"async\" alt=\"\" src=\"http:\/\/www.mkl-systems.si\/images\/vloek2.jpg\" \/><\/td>\n<td style=\"width: 10px;\">\u00a0<\/td>\n<td dir=\"dir\" id=\"id\" lang=\"lang\" scope=\"scope\" valign=\"top\"><img decoding=\"async\" alt=\"\" src=\"http:\/\/www.mkl-systems.si\/images\/vloek_3.jpg\" \/><\/td>\n<\/tr>\n<\/tbody>\n<\/table>\n<p>&nbsp;<\/p>\n<p><span style=\"font-size: small;\"><strong>Razpored okenskih vlo\u017ekov <\/strong><\/span><\/p>\n<table border=\"0\" align=\"center\">\n<tbody>\n<tr>\n<td rowspan=\"1\" colspan=\"3\"><img decoding=\"async\" alt=\"http:\/\/www.mkl-systems.si\/images\/stories\/okna\/ins2200-5-1-2.jpg\" src=\"http:\/\/www.mkl-systems.si\/images\/stories\/okna\/ins2200-5-1-2.jpg\" \/><\/td>\n<\/tr>\n<tr>\n<td dir=\"dir\" id=\"id\" lang=\"lang\" scope=\"scope\" align=\"center\" valign=\"valign\"><span style=\"font-size: x-small;\">INS22005<\/span><\/td>\n<td align=\"center\"><span style=\"font-size: x-small;\">INS22001<\/span><\/td>\n<td dir=\"dir\" id=\"id\" lang=\"lang\" scope=\"scope\" align=\"center\" valign=\"valign\"><span style=\"font-size: x-small;\">INS22002<\/span><\/td>\n<\/tr>\n<tr>\n<td colspan=\"1\">\u00a0<\/td>\n<td colspan=\"1\">\u00a0<\/td>\n<td colspan=\"1\">\u00a0<\/td>\n<\/tr>\n<tr>\n<td rowspan=\"1\" colspan=\"3\"><img decoding=\"async\" title=\"Razpored okenskih vlo\u017ekov za sekcijska dvi\u017ena gara\u017ena vrata - skupina treh oken\" alt=\"Razpored okenskih vlo\u017ekov za sekcijska dvi\u017ena gara\u017ena vrata - skupina treh oken\" src=\"http:\/\/www.mkl-systems.si\/images\/stories\/okna\/ins22003.jpg\" \/><\/td>\n<\/tr>\n<tr align=\"center\">\n<td rowspan=\"1\" colspan=\"3\"><span style=\"font-size: x-small;\">Skupina treh oken &#8211; IN22003<\/span><\/td>\n<\/tr>\n<tr>\n<td colspan=\"1\">\u00a0<\/td>\n<td colspan=\"1\">\u00a0<\/td>\n<td colspan=\"1\">\u00a0<\/td>\n<\/tr>\n<tr>\n<td rowspan=\"1\" colspan=\"3\"><img decoding=\"async\" title=\"Razpored okenskih vlo\u017ekov za dvi\u017ena gara\u017ena vrata - skupina \u0161tirih oken\" alt=\"Razpored okenskih vlo\u017ekov za dvi\u017ena gara\u017ena vrata - skupina \u0161tirih oken\" src=\"http:\/\/www.mkl-systems.si\/images\/stories\/okna\/ins22004.jpg\" \/><\/td>\n<\/tr>\n<tr align=\"center\">\n<td rowspan=\"1\" colspan=\"3\"><span style=\"font-size: x-small;\">\u00a0Skupina \u0161tirih oken &#8211; IN22004<\/span><\/td>\n<\/tr>\n<\/tbody>\n<\/table>\n<hr \/>\n<p><span style=\"font-size: medium;\"><strong>Dr\u017eala in klju\u010davnica za deblokado<\/strong><\/span><\/p>\n<div align=\"justify\"><span style=\"font-size: small;\">Dvi\u017ena gara\u017ena vrata MKL imajo vgrajeno tipsko dr\u017ealo za slu\u010daj ro\u010dnega upravljanja vrat. Dr\u017ealo je sodobne oblike in je lahko v srebrni (alu) ali \u010drni barvi. V primeru, da gara\u017ea nima drugega vhoda, je v dvi\u017ena gara\u017ena vrata nujno potrebno vgraditi klju\u010davnico za deblokado.<\/span><\/div>\n<div align=\"justify\">\u00a0<\/div>\n<div align=\"justify\">\n<table border=\"0\" cellspacing=\"0\" cellpadding=\"0\">\n<tbody>\n<tr>\n<td dir=\"dir\" id=\"id\" lang=\"lang\" scope=\"scope\" align=\"align\" valign=\"top\"><img decoding=\"async\" title=\"Tipsko dr\u017ealo dvi\u017enih gara\u017enih vrat\" alt=\"Tipsko dr\u017ealo dvi\u017enih gara\u017enih vrat\" src=\"http:\/\/www.mkl-systems.si\/images\/stories\/kljucavnice\/drzalo1.jpg\" \/><\/td>\n<td style=\"width: 10px;\">\u00a0<\/td>\n<td dir=\"dir\" id=\"id\" lang=\"lang\" scope=\"scope\" align=\"align\" valign=\"top\"><img decoding=\"async\" title=\"Klju\u010davnica za deblokado dvi\u017enih gara\u017enih vrat\" alt=\"Klju\u010davnica za deblokado dvi\u017enih gara\u017enih vrat\" src=\"http:\/\/www.mkl-systems.si\/images\/stories\/kljucavnice\/kljucavnica1.jpg\" \/><\/td>\n<td style=\"width: 10px;\">\u00a0<\/td>\n<td dir=\"dir\" id=\"id\" lang=\"lang\" rowspan=\"2\" colspan=\"1\" scope=\"scope\" align=\"align\" valign=\"valign\"><img decoding=\"async\" title=\"Klju\u010davnica za deblokado dvi\u017enih gara\u017enih vrat\" alt=\"Klju\u010davnica za deblokado dvi\u017enih gara\u017enih vrat\" src=\"http:\/\/www.mkl-systems.si\/images\/stories\/kljucavnice\/vgrajene.jpg\" \/><\/td>\n<\/tr>\n<tr>\n<td dir=\"dir\" id=\"id\" lang=\"lang\" scope=\"scope\" align=\"align\" valign=\"top\"><img decoding=\"async\" title=\"Tipsko dr\u017ealo za dvi\u017ena gara\u017ena vrata\" alt=\"Tipsko dr\u017ealo za dvi\u017ena gara\u017ena vrata\" src=\"http:\/\/www.mkl-systems.si\/images\/stories\/kljucavnice\/drzalo2.jpg\" \/><\/td>\n<td>\u00a0<\/td>\n<td dir=\"dir\" id=\"id\" lang=\"lang\" scope=\"scope\" align=\"align\" valign=\"top\"><img decoding=\"async\" title=\"Klju\u010davnica za deblokado dvi\u017enih gara\u017enih vrat\" alt=\"Klju\u010davnica za deblokado dvi\u017enih gara\u017enih vrat\" src=\"http:\/\/www.mkl-systems.si\/images\/stories\/kljucavnice\/kljucavnica2.jpg\" \/><\/td>\n<td>\u00a0<\/td>\n<\/tr>\n<tr>\n<td dir=\"dir\" id=\"id\" lang=\"lang\" style=\"text-align: left;\" scope=\"scope\" align=\"center\" valign=\"top\"><span style=\"font-size: x-small;\">Tipsko dr\u017ealo<\/span><\/td>\n<td><span style=\"font-size: x-small;\">\u00a0<\/span><\/td>\n<td dir=\"dir\" id=\"id\" lang=\"lang\" style=\"text-align: left;\" scope=\"scope\" align=\"center\" valign=\"top\"><span style=\"font-size: x-small;\">Klju\u010davnica za deblokado<br \/>po naro\u010dilu<\/span><\/td>\n<td><span style=\"font-size: x-small;\">\u00a0<\/span><\/td>\n<td dir=\"dir\" id=\"id\" lang=\"lang\" style=\"text-align: left;\" scope=\"scope\" align=\"center\" valign=\"top\"><span style=\"font-size: x-small;\">\u00a0Klju\u010davnica za deblokado po naro\u010dilu<\/span><\/td>\n<\/tr>\n<\/tbody>\n<\/table>\n<\/div>\n<div align=\"justify\">\u00a0<\/div>\n<div align=\"justify\">\n<hr \/>\n<\/div>\n<div align=\"justify\">\u00a0<\/div>\n<div align=\"justify\"><span style=\"font-size: medium;\"><strong>Nalimki<\/strong><\/span><\/div>\n<div align=\"justify\">\u00a0<\/div>\n<div align=\"justify\"><span style=\"font-size: small;\">Za dvi\u017ena gara\u017ena vrata vam nudimo tudi razli\u010dne ALU nalimke, ki so lahko standardnih pravilnih oblik, lahko pa jih pripravimo po va\u0161ih \u017eeljah.<\/span><\/div>\n<div align=\"justify\">\u00a0<\/div>\n<div align=\"justify\">\n<table border=\"0\" cellspacing=\"1\" cellpadding=\"1\">\n<tbody>\n<tr>\n<td><img decoding=\"async\" alt=\"\" src=\"http:\/\/www.mkl-systems.si\/images\/nalimek1.jpg\" \/><\/td>\n<td style=\"width: 10px;\">\u00a0<\/td>\n<td><img decoding=\"async\" alt=\"\" src=\"http:\/\/www.mkl-systems.si\/images\/nalimek2.jpg\" \/><\/td>\n<td style=\"width: 10px;\">\u00a0<\/td>\n<td><img decoding=\"async\" alt=\"\" src=\"http:\/\/www.mkl-systems.si\/images\/nalimek3.jpg\" \/><\/td>\n<\/tr>\n<tr>\n<td><img decoding=\"async\" alt=\"\" src=\"http:\/\/www.mkl-systems.si\/images\/nalimek4.jpg\" \/><\/td>\n<td>\u00a0<\/td>\n<td><img decoding=\"async\" alt=\"\" src=\"http:\/\/www.mkl-systems.si\/images\/nalimek5.jpg\" \/><\/td>\n<td>\u00a0<\/td>\n<\/tr>\n<\/tbody>\n<\/table>\n<p>&nbsp;<\/p>\n<p><a href=\"http:\/\/www.mkl-systems.si\/images\/nalinke_vrata.jpg\"><img loading=\"lazy\" decoding=\"async\" alt=\"http:\/\/www.mkl-systems.si\/images\/nalinke_vrata.jpg\" src=\"http:\/\/www.mkl-systems.si\/images\/nalinke_vrata.jpg\" width=\"512\" height=\"512\" \/><\/a><\/p>\n<hr \/>\n<p><span style=\"font-size: medium;\"><strong>Pogoni dvi\u017enih gara\u017enih vrat<\/strong><\/span><\/p>\n<div align=\"justify\"><span style=\"font-size: small;\">Vsa na\u0161a dvi\u017ena gara\u017ena vrata so opremljena z novo linijo profesionalnih pogonov LiftMaster, kateri so izredno var\u010dni. Prav tako pa je hitrost odpiranja \u00a0gara\u017enih vrat kar 200mm\/s.<\/span><\/div>\n<div align=\"justify\">\u00a0<\/div>\n<div align=\"justify\"><img decoding=\"async\" alt=\"http:\/\/www.mkl-systems.si\/images\/POGON1M.jpg\" src=\"http:\/\/www.mkl-systems.si\/images\/POGON1M.jpg\" \/><\/div>\n<div align=\"justify\"><a title=\"Pogoni dvi\u017enih gara\u017enih vrat\" href=\"http:\/\/ahac.net\/ahac-ar\/?page_id=849&amp;preview=true&amp;preview_id=849&amp;preview_nonce=95698bd711\">Ve\u010d si lahko preberete tukaj&gt;&gt;<\/a><\/div>\n<div align=\"justify\">\u00a0<\/div>\n<div align=\"justify\">\n<table border=\"1\" cellspacing=\"1\" cellpadding=\"1\">\n<tbody>\n<tr>\n<td style=\"border-color: #ffffff; border-style: solid; border-width: 1px;\"><a href=\"http:\/\/www.mkl-systems.si\/images\/DOD.SLIKE_DVIZNA_VRATA\/DVIZNAVRATA3V.jpg\" rel=\"[me]\"><img decoding=\"async\" alt=\"\" src=\"http:\/\/www.mkl-systems.si\/images\/DOD.SLIKE_DVIZNA_VRATA\/DVIZNAVRATA3M.jpg\" \/><\/a><\/td>\n<td style=\"border-color: #ffffff; border-style: solid; border-width: 1px;\">\u00a0<\/td>\n<td style=\"border-color: #ffffff; border-style: solid; border-width: 1px;\"><a href=\"http:\/\/www.mkl-systems.si\/images\/DOD.SLIKE_DVIZNA_VRATA\/DVIZNAVRATA4V.jpg\" rel=\"[me]\"><img decoding=\"async\" alt=\"\" src=\"http:\/\/www.mkl-systems.si\/images\/DOD.SLIKE_DVIZNA_VRATA\/DVIZNAVRATA4M.jpg\" \/><\/a><\/td>\n<td style=\"border-color: #ffffff; border-style: solid; border-width: 1px;\">\u00a0<\/td>\n<td style=\"border-color: #ffffff; border-style: solid; border-width: 1px;\"><a href=\"http:\/\/www.mkl-systems.si\/images\/DOD.SLIKE_DVIZNA_VRATA\/DVIZNAVRATA5V.jpg\" rel=\"[me]\"><img decoding=\"async\" alt=\"\" src=\"http:\/\/www.mkl-systems.si\/images\/DOD.SLIKE_DVIZNA_VRATA\/DVIZNAVRATA5M.jpg\" \/><\/a><\/td>\n<\/tr>\n<tr>\n<td style=\"border-color: #ffffff; border-style: solid; border-width: 1px;\"><a href=\"http:\/\/www.mkl-systems.si\/images\/DOD.SLIKE_DVIZNA_VRATA\/DVIZNAVRATA7V.jpg\" rel=\"[me]\"><img decoding=\"async\" alt=\"\" src=\"http:\/\/www.mkl-systems.si\/images\/DOD.SLIKE_DVIZNA_VRATA\/DVIZNAVRATA7M.jpg\" \/><\/a><\/td>\n<td style=\"border-color: #ffffff; border-style: solid; border-width: 1px;\">\u00a0<\/td>\n<td style=\"border-color: #ffffff; border-style: solid; border-width: 1px;\"><a href=\"http:\/\/www.mkl-systems.si\/images\/DOD.SLIKE_DVIZNA_VRATA\/DVIZNAVRATA8V.jpg\" rel=\"[me]\"><img decoding=\"async\" alt=\"\" src=\"http:\/\/www.mkl-systems.si\/images\/DOD.SLIKE_DVIZNA_VRATA\/DVIZNAVRATA8M.jpg\" \/><\/a><\/td>\n<td style=\"border-color: #ffffff; border-style: solid; border-width: 1px;\">\u00a0<\/td>\n<td style=\"border-color: #ffffff; border-style: solid; border-width: 1px;\"><a href=\"http:\/\/www.mkl-systems.si\/images\/DOD.SLIKE_DVIZNA_VRATA\/DVIZNAVRATA9V.jpg\" rel=\"[me]\"><img decoding=\"async\" alt=\"\" src=\"http:\/\/www.mkl-systems.si\/images\/DOD.SLIKE_DVIZNA_VRATA\/DVIZNAVRATA9M.jpg\" \/><\/a><\/td>\n<\/tr>\n<tr>\n<td style=\"border-color: #ffffff; border-style: solid; border-width: 1px;\"><a href=\"http:\/\/www.mkl-systems.si\/images\/DOD.SLIKE_DVIZNA_VRATA\/DVIZNAVRATA10V.jpg\" rel=\"[me]\"><img decoding=\"async\" alt=\"\" src=\"http:\/\/www.mkl-systems.si\/images\/DOD.SLIKE_DVIZNA_VRATA\/DVIZNAVRATA10M.jpg\" \/><\/a><\/td>\n<td style=\"border-color: #ffffff; border-style: solid; border-width: 1px;\">\u00a0<\/td>\n<td style=\"border-color: #ffffff; border-style: solid; border-width: 1px;\"><a href=\"http:\/\/www.mkl-systems.si\/images\/DOD.SLIKE_DVIZNA_VRATA\/DVIZNAVRATA11V.jpg\" rel=\"[me]\"><img decoding=\"async\" alt=\"\" src=\"http:\/\/www.mkl-systems.si\/images\/DOD.SLIKE_DVIZNA_VRATA\/DVIZNAVRATA11M.jpg\" \/><\/a><\/td>\n<td style=\"border-color: #ffffff; border-style: solid; border-width: 1px;\">\u00a0<\/td>\n<td style=\"border-color: #ffffff; border-style: solid; border-width: 1px;\"><a href=\"http:\/\/www.mkl-systems.si\/images\/DOD.SLIKE_DVIZNA_VRATA\/DVIZNAVRATA12V.jpg\" rel=\"[me]\"><img decoding=\"async\" alt=\"\" src=\"http:\/\/www.mkl-systems.si\/images\/DOD.SLIKE_DVIZNA_VRATA\/DVIZNAVRATA12M.jpg\" \/><\/a><\/td>\n<\/tr>\n<tr>\n<td style=\"border-color: #ffffff; border-style: solid; border-width: 1px;\"><a href=\"http:\/\/www.mkl-systems.si\/images\/DOD.SLIKE_DVIZNA_VRATA\/DVIZNAVRATA13V.jpg\" rel=\"[me]\"><img decoding=\"async\" alt=\"\" src=\"http:\/\/www.mkl-systems.si\/images\/DOD.SLIKE_DVIZNA_VRATA\/DVIZNAVRATA13M.jpg\" \/><\/a><\/td>\n<td style=\"border-color: #ffffff; border-style: solid; border-width: 1px;\">\u00a0<\/td>\n<td style=\"border-color: #ffffff; border-style: solid; border-width: 1px;\"><a href=\"http:\/\/www.mkl-systems.si\/images\/DVIZNAVRATA14V.jpg\" rel=\"[me]\"><img decoding=\"async\" alt=\"\" src=\"http:\/\/www.mkl-systems.si\/images\/DVIZNAVRATA14M.jpg\" \/><\/a><\/td>\n<td style=\"border-color: #ffffff; border-style: solid; border-width: 1px;\">\u00a0<\/td>\n<td style=\"border-color: #ffffff; border-style: solid; border-width: 1px;\"><a href=\"http:\/\/www.mkl-systems.si\/images\/DVIZNAVRATA15V.jpg\" rel=\"[me]\"><img decoding=\"async\" alt=\"\" src=\"http:\/\/www.mkl-systems.si\/images\/DVIZNAVRATA15M.jpg\" \/><\/a><\/td>\n<\/tr>\n<\/tbody>\n<\/table>\n<\/div>\n<\/div>\n","protected":false},"excerpt":{"rendered":"<p>&nbsp; \u00a0 Vzdol\u017eni vzorec dvi\u017enih gara\u017enih vrat \u00a0 Kasetni vzorec dvi\u017enih gara\u017enih vrat \u00a0 \u00a0 Sekcijska dvi\u017ena gara\u017ena vrata izdelujemo po meri, zato so odli\u010dna re\u0161itev za vsako gara\u017eo. Dostavimo in zmontiramo jih to\u010dno na va\u0161o obstoje\u010do odprtino, pri \u010demer ve\u010dja gradbena dela niso potrebna. Sekcijska dvi\u017ena gara\u017ena vrata se odpirajo navpi\u010dno navzgor, pod stropom [&hellip;]<\/p>\n","protected":false},"author":5,"featured_media":0,"parent":619,"menu_order":10,"comment_status":"open","ping_status":"closed","template":"page-sidebar-right.php","meta":{"footnotes":""},"_links":{"self":[{"href":"http:\/\/ahac.net\/ahac-ar\/wp-json\/wp\/v2\/pages\/699"}],"collection":[{"href":"http:\/\/ahac.net\/ahac-ar\/wp-json\/wp\/v2\/pages"}],"about":[{"href":"http:\/\/ahac.net\/ahac-ar\/wp-json\/wp\/v2\/types\/page"}],"author":[{"embeddable":true,"href":"http:\/\/ahac.net\/ahac-ar\/wp-json\/wp\/v2\/users\/5"}],"replies":[{"embeddable":true,"href":"http:\/\/ahac.net\/ahac-ar\/wp-json\/wp\/v2\/comments?post=699"}],"version-history":[{"count":26,"href":"http:\/\/ahac.net\/ahac-ar\/wp-json\/wp\/v2\/pages\/699\/revisions"}],"predecessor-version":[{"id":856,"href":"http:\/\/ahac.net\/ahac-ar\/wp-json\/wp\/v2\/pages\/699\/revisions\/856"}],"up":[{"embeddable":true,"href":"http:\/\/ahac.net\/ahac-ar\/wp-json\/wp\/v2\/pages\/619"}],"wp:attachment":[{"href":"http:\/\/ahac.net\/ahac-ar\/wp-json\/wp\/v2\/media?parent=699"}],"curies":[{"name":"wp","href":"https:\/\/api.w.org\/{rel}","templated":true}]}}