{"id":739,"date":"2014-01-20T13:03:31","date_gmt":"2014-01-20T13:03:31","guid":{"rendered":"http:\/\/ahac.net\/ahac-ar\/?page_id=739"},"modified":"2014-01-20T13:08:34","modified_gmt":"2014-01-20T13:08:34","slug":"stranska-drsna-garazna-vrata","status":"publish","type":"page","link":"http:\/\/ahac.net\/ahac-ar\/garazna-vrata\/garazna-vrata\/stranska-drsna-garazna-vrata\/","title":{"rendered":"Stranska drsna gara\u017ena vrata"},"content":{"rendered":"<p align=\"justify\">\u00a0<img decoding=\"async\" class=\"alignleft\" alt=\"\" src=\"http:\/\/www.mkl-systems.si\/images\/bona.jpg\" \/>Stranska drsna gara\u017ena vrata so primerna predvsem za nizke gara\u017ee ali za gara\u017ee, katere imajo v notranjosti na stropu dolo\u010dene ovire. To so lahko razne cevi, pre\u010dni nosilci ali lu\u010di, katere prepre\u010dujejo dvi\u017enim vratom pomik pod stropom gara\u017ee. Izdelujemo jih po meri, dostavimo in zmontiramo jih to\u010dno na va\u0161o obstoje\u010do odprtino, pri \u010demer gradbena dela niso potrebna.<\/p>\n<p><strong>Izvedba in potek vodil <\/strong><\/p>\n<hr \/>\n<p align=\"justify\">Pri monta\u017ei spodnje \u0161ine ni potreben gradbeni poseg. Enostavno se jo privija\u010di na \u017ee kon\u010dno izdelan tlak ali keramiko v gara\u017ei. Vrata lahko odpiramo na levo ali desno steno gara\u017ee, pri \u010demer ohranimo optimalen izkoristek prostora v gara\u017ei in pred njo.<\/p>\n<p>&nbsp;<\/p>\n<table border=\"0\" cellspacing=\"1\" cellpadding=\"1\">\n<tbody>\n<tr>\n<td><a href=\"http:\/\/www.mkl-systems.si\/images\/stories\/bocna\/skice\/skica1.jpg\" rel=\"[me]\"><img decoding=\"async\" alt=\"\" src=\"http:\/\/www.mkl-systems.si\/images\/stories\/bocna\/skice\/skica1_t.jpg\" \/><\/a><\/td>\n<td><a href=\"http:\/\/www.mkl-systems.si\/images\/stories\/bocna\/skice\/skica2.jpg\" rel=\"[me]\"><img decoding=\"async\" alt=\"\" src=\"http:\/\/www.mkl-systems.si\/images\/stories\/bocna\/skice\/skica2_t.jpg\" \/><\/a><\/td>\n<td><a href=\"http:\/\/www.mkl-systems.si\/images\/stories\/bocna\/skice\/skica3.jpg\" rel=\"[me]\"><img decoding=\"async\" alt=\"\" src=\"http:\/\/www.mkl-systems.si\/images\/stories\/bocna\/skice\/skica3_t.jpg\" \/><\/a><\/td>\n<td><a href=\"http:\/\/www.mkl-systems.si\/images\/stories\/bocna\/skice\/skica4.jpg\" rel=\"[me]\"><img decoding=\"async\" alt=\"\" src=\"http:\/\/www.mkl-systems.si\/images\/stories\/bocna\/skice\/skica4_t.jpg\" \/><\/a><\/td>\n<td><a href=\"http:\/\/www.mkl-systems.si\/images\/stories\/bocna\/skice\/skica5.jpg\" rel=\"[me]\"><img decoding=\"async\" alt=\"\" src=\"http:\/\/www.mkl-systems.si\/images\/stories\/bocna\/skice\/skica5_t.jpg\" \/><\/a><\/td>\n<\/tr>\n<\/tbody>\n<\/table>\n<p>&nbsp;<\/p>\n<p><strong>Tesnenje in izolacija <\/strong><\/p>\n<hr \/>\n<div align=\"justify\">Stranska gara\u017ena vrata MKL imajo izbolj\u0161ano tesnenje. Vrata imajo na treh straneh vgrajena gumijasta tesnila, s katerimi dose\u017eemo bolj\u0161e tesnenje kot pri izvedbi z \u0161\u010detkastimi tesnili. \u0160e vedno pa je spodaj pritrjeno \u0161\u010detkasto tesnilo zaradi lep\u0161ega in la\u017ejega teka vrat.<br \/> Segmenti gara\u017enih vrat so izdelani iz jeklene pocinkane plo\u010devine in vmesne polivretanske mase kot izolacije debeline 4cm.<\/div>\n<div align=\"justify\">\u00a0<\/div>\n<div>\u00a0<\/div>\n<div align=\"justify\">\u00a0<\/div>\n<div align=\"justify\">\n<table border=\"1\" cellpadding=\"0\">\n<tbody>\n<tr dir=\"dir\" id=\"id\" lang=\"lang\" align=\"align\" valign=\"valign\" bgcolor=\"bgcolor\">\n<td dir=\"dir\" id=\"id\" lang=\"lang\" rowspan=\"3\" colspan=\"1\" scope=\"scope\" align=\"center\" valign=\"valign\">\u00a0Tip panela<\/td>\n<td dir=\"dir\" id=\"id\" lang=\"lang\" rowspan=\"1\" colspan=\"2\" scope=\"scope\" align=\"center\" valign=\"valign\">\u00a0K<\/td>\n<td dir=\"dir\" id=\"id\" lang=\"lang\" rowspan=\"1\" colspan=\"1\" scope=\"scope\" align=\"center\" valign=\"valign\">\u00a0\u03bb<\/td>\n<td dir=\"dir\" id=\"id\" lang=\"lang\" rowspan=\"2\" colspan=\"2\" scope=\"scope\" align=\"center\" valign=\"valign\">\u00a0Te\u017ea panela<\/td>\n<td dir=\"dir\" id=\"id\" lang=\"lang\" rowspan=\"1\" colspan=\"4\" scope=\"scope\" align=\"center\" valign=\"valign\">\u00a0Toleranca mm<\/td>\n<\/tr>\n<tr dir=\"dir\" id=\"id\" lang=\"lang\" align=\"align\" valign=\"valign\" bgcolor=\"bgcolor\">\n<td dir=\"dir\" id=\"id\" lang=\"lang\" rowspan=\"2\" colspan=\"1\" scope=\"scope\" align=\"center\" valign=\"valign\">\n<p>\u00a0Kcal<br \/> m<sup>2<\/sup>.h.\u00b0C<\/p>\n<\/td>\n<td dir=\"dir\" id=\"id\" lang=\"lang\" rowspan=\"2\" colspan=\"1\" scope=\"scope\" align=\"center\" valign=\"valign\">\u00a0Watt<br \/> m<sup>2<\/sup>.\u00b0C<\/td>\n<td dir=\"dir\" id=\"id\" lang=\"lang\" rowspan=\"2\" colspan=\"1\" scope=\"scope\" align=\"center\" valign=\"valign\">\u00a0Kcal<br \/> mh.\u00b0C<\/td>\n<td dir=\"dir\" id=\"id\" lang=\"lang\" rowspan=\"2\" colspan=\"1\" scope=\"scope\" align=\"center\" valign=\"valign\">\u00a0Debelina<\/td>\n<td dir=\"dir\" id=\"id\" lang=\"lang\" rowspan=\"2\" colspan=\"1\" scope=\"scope\" align=\"center\" valign=\"valign\">\u00a0Dol\u017eina<\/td>\n<td dir=\"dir\" id=\"id\" lang=\"lang\" rowspan=\"2\" colspan=\"1\" scope=\"scope\" align=\"center\" valign=\"valign\">\u00a0Raztezanje<\/td>\n<td dir=\"dir\" id=\"id\" lang=\"lang\" rowspan=\"2\" colspan=\"1\" scope=\"scope\" align=\"center\" valign=\"valign\">\u00a0Kvadratura<\/td>\n<\/tr>\n<tr dir=\"dir\" id=\"id\" lang=\"lang\" align=\"align\" valign=\"valign\" bgcolor=\"bgcolor\">\n<td dir=\"dir\" id=\"id\" lang=\"lang\" scope=\"scope\" align=\"center\" valign=\"valign\">\u00a0Kg\/m<sup>2<\/sup><\/td>\n<td dir=\"dir\" id=\"id\" lang=\"lang\" scope=\"scope\" align=\"center\" valign=\"valign\">\u00a0Kg\/m<\/td>\n<\/tr>\n<tr>\n<td align=\"center\">\u00a0500<\/td>\n<td align=\"center\">\u00a00,43<\/td>\n<td align=\"center\">\u00a00,50<\/td>\n<td align=\"center\">\u00a00,0170<\/td>\n<td align=\"center\">\u00a011,7<\/td>\n<td align=\"center\">\u00a05,85<\/td>\n<td align=\"center\">\u00a0\u00b1 2<\/td>\n<td align=\"center\">\u00a0\u00b1 5<\/td>\n<td align=\"center\">\u00a0\u00b1 2<\/td>\n<td align=\"center\">\u00a0\u00b1 3<\/td>\n<\/tr>\n<tr>\n<td align=\"center\">\u00a0610<\/td>\n<td align=\"center\">\u00a00,43<\/td>\n<td align=\"center\">\u00a00,50<\/td>\n<td align=\"center\">\u00a00,0170<\/td>\n<td align=\"center\">\u00a011,1<\/td>\n<td align=\"center\">\u00a06,77<\/td>\n<td align=\"center\">\u00a0\u00b1 2<\/td>\n<td align=\"center\">\u00a0\u00b1 5<\/td>\n<td align=\"center\">\u00a0\u00b1 2<\/td>\n<td align=\"center\">\u00a0\u00b1 3<\/td>\n<\/tr>\n<\/tbody>\n<\/table>\n<\/div>\n<div align=\"justify\">\u00a0<\/div>\n<div>\n<p><strong>Varnost<\/strong><\/p>\n<hr \/>\n<div>\n<table border=\"0\">\n<tbody>\n<tr>\n<td dir=\"dir\" id=\"id\" lang=\"lang\" scope=\"scope\" align=\"justify\" valign=\"top\">\n<p>&nbsp;<\/p>\n<p>Stranska drsna gara\u017ena vrata so izdelana po zahtevnih evropskih standardih 13241-1, kateri dolo\u010da, da mora biti zagotovljena za\u0161\u010dita pred ukle\u0161\u010denjem prstov.<\/p>\n<\/td>\n<td dir=\"dir\" id=\"id\" lang=\"lang\" scope=\"scope\" align=\"align\" valign=\"valign\">\u00a0<\/td>\n<td dir=\"dir\" id=\"id\" lang=\"lang\" scope=\"scope\" align=\"center\" valign=\"top\">\n<p>&nbsp;<\/p>\n<p><img decoding=\"async\" alt=\"\" src=\"http:\/\/www.mkl-systems.si\/images\/vkl2.jpg\" \/><\/p>\n<\/td>\n<\/tr>\n<\/tbody>\n<\/table>\n<\/div>\n<\/div>\n<div align=\"justify\">\n<p><strong>Paleta barv<\/strong><\/p>\n<hr \/>\n<\/div>\n<div align=\"justify\">\n<table border=\"0\">\n<tbody>\n<tr>\n<td dir=\"dir\" id=\"id\" lang=\"lang\" scope=\"scope\" align=\"align\" valign=\"top\">\n<p>&nbsp;<\/p>\n<p>Osnovna in \u0161e vedno najpogostej\u0161a barva pri stranskih drsnih gara\u017enih vratih je bela barva. Po \u017eelji pa vam nudimo vrata v vseh mogo\u010dih barvah, katere nudi barvna RAL lestvica.<\/p>\n<\/td>\n<td dir=\"dir\" id=\"id\" lang=\"lang\" scope=\"scope\" align=\"align\" valign=\"valign\">\u00a0<\/td>\n<td dir=\"dir\" id=\"id\" lang=\"lang\" scope=\"scope\" align=\"center\" valign=\"top\">\n<p><a href=\"http:\/\/www.mkl-systems.si\/images\/stories\/mkl\/ral.jpg\" rel=\"[me]\"><img decoding=\"async\" alt=\"\" src=\"http:\/\/www.mkl-systems.si\/images\/stories\/mkl\/ral_t.jpg\" \/><\/a><\/p>\n<p>&nbsp;<\/p>\n<\/td>\n<\/tr>\n<\/tbody>\n<\/table>\n<\/div>\n<div align=\"justify\">\n<p><strong>Vgrajena okna<\/strong><\/p>\n<hr \/>\n<div align=\"justify\">V stranska drsna gara\u017ena vrata je mogo\u010de vgraditi okna, katera so lahko razli\u010dnih dimenzij, razli\u010dnih oblik in z razli\u010dnimi vgrajenimi okrasnimi motivi.<\/div>\n<div align=\"justify\">\u00a0<\/div>\n<div align=\"justify\"><strong>Okna <\/strong><\/div>\n<div align=\"justify\">\u00a0<\/div>\n<table border=\"0\">\n<tbody>\n<tr>\n<td dir=\"dir\" id=\"id\" lang=\"lang\" scope=\"scope\" align=\"left\" valign=\"top\"><img loading=\"lazy\" decoding=\"async\" title=\"Okna serije 210 CL za stranska drsna gara\u017ena vrata\" alt=\"Okna serije 210 CL za stranska drsna gara\u017ena vrata\" src=\"http:\/\/www.mkl-systems.si\/images\/stories\/okna\/bocna\/2210cl.jpg\" width=\"194\" height=\"199\" border=\"0\" \/><\/td>\n<td>\u00a0<\/td>\n<td dir=\"dir\" id=\"id\" lang=\"lang\" scope=\"scope\" align=\"center\" valign=\"top\"><img decoding=\"async\" title=\"Okna serije 2200 CL za stranska drsna gara\u017ena vrata\" alt=\"Okna serije 2200 CL za stranska drsna gara\u017ena vrata\" src=\"http:\/\/www.mkl-systems.si\/images\/stories\/okna\/bocna\/2200cl.jpg\" border=\"0\" \/><\/td>\n<td>\u00a0<\/td>\n<td dir=\"dir\" id=\"id\" lang=\"lang\" scope=\"scope\" align=\"right\" valign=\"top\"><img loading=\"lazy\" decoding=\"async\" title=\"Okna serije 2240 CL za stranska drsna gara\u017ena vrata\" alt=\"Okna serije 2240 CL za stranska drsna gara\u017ena vrata\" src=\"http:\/\/www.mkl-systems.si\/images\/stories\/okna\/bocna\/2240cl.jpg\" width=\"194\" height=\"199\" border=\"0\" \/><\/td>\n<\/tr>\n<tr>\n<td align=\"center\">Serija 2210 CL<\/td>\n<td>\u00a0<\/td>\n<td align=\"center\">Serija 2200 CL<\/td>\n<td>\u00a0<\/td>\n<td align=\"center\">Serija 2240 CL<\/td>\n<\/tr>\n<\/tbody>\n<\/table>\n<p><strong>Okenski vlo\u017eki<\/strong><\/p>\n<table border=\"0\">\n<tbody>\n<tr>\n<td dir=\"dir\" id=\"id\" lang=\"lang\" scope=\"scope\" align=\"align\" valign=\"top\"><img decoding=\"async\" title=\"Okenski vlo\u017eki serije INS22301-BRO za stranska drsna gara\u017ena vrata\" alt=\"Okenski vlo\u017eki serije INS22301-BRO za stranska drsna gara\u017ena vrata\" src=\"http:\/\/www.mkl-systems.si\/images\/stories\/okna\/bocna\/ins22301bro.jpg\" border=\"0\" \/><\/td>\n<td>\u00a0<\/td>\n<td dir=\"dir\" id=\"id\" lang=\"lang\" scope=\"scope\" align=\"align\" valign=\"top\"><img loading=\"lazy\" decoding=\"async\" title=\"Okenski vlo\u017eki serije INS22301 za stranska drsna gara\u017ena vrata\" alt=\"Okenski vlo\u017eki serije INS22301 za stranska drsna gara\u017ena vrata\" src=\"http:\/\/www.mkl-systems.si\/images\/stories\/okna\/bocna\/ins22301.jpg\" width=\"153\" height=\"207\" border=\"0\" \/><\/td>\n<td>\u00a0<\/td>\n<td dir=\"dir\" id=\"id\" lang=\"lang\" scope=\"scope\" align=\"align\" valign=\"top\"><img loading=\"lazy\" decoding=\"async\" title=\"Okenski vlo\u017eki serije INS22301-BLA za stranska drsna gara\u017ena vrata\" alt=\"Okenski vlo\u017eki serije INS22301-BLA za stranska drsna gara\u017ena vrata\" src=\"http:\/\/www.mkl-systems.si\/images\/stories\/okna\/bocna\/ins22301bla.jpg\" width=\"153\" height=\"207\" border=\"0\" \/><\/td>\n<\/tr>\n<tr>\n<td align=\"center\">\u00a0INS22301-BRO<\/td>\n<td>\u00a0<\/td>\n<td align=\"center\">INS22301<\/td>\n<td>\u00a0<\/td>\n<td align=\"center\">\u00a0INS22301-BLA<\/td>\n<\/tr>\n<tr>\n<td>\u00a0<\/td>\n<td>\u00a0<\/td>\n<td>\u00a0<\/td>\n<td>\u00a0<\/td>\n<td>\u00a0<\/td>\n<\/tr>\n<tr>\n<td><img decoding=\"async\" title=\"Okenski vlo\u017eki serije INS22300-BRO za stranska drsna gara\u017ena vrata\" alt=\"Okenski vlo\u017eki serije INS22300-BRO za stranska drsna gara\u017ena vrata\" src=\"http:\/\/www.mkl-systems.si\/images\/stories\/okna\/bocna\/ins22300bro.jpg\" border=\"0\" \/><\/td>\n<td>\u00a0<\/td>\n<td><img decoding=\"async\" title=\"Okenski vlo\u017eki serije INS22300 za stranska drsna gara\u017ena vrata\" alt=\"Okenski vlo\u017eki serije INS22300 za stranska drsna gara\u017ena vrata\" src=\"http:\/\/www.mkl-systems.si\/images\/stories\/okna\/bocna\/ins22300.jpg\" border=\"0\" \/><\/td>\n<td>\u00a0<\/td>\n<td><img decoding=\"async\" title=\"Okenski vlo\u017eki serije INS22300-BLA za stranska drsna gara\u017ena vrata\" alt=\"Okenski vlo\u017eki serije INS22300-BLA za stranska drsna gara\u017ena vrata\" src=\"http:\/\/www.mkl-systems.si\/images\/stories\/okna\/bocna\/ins22300bla.jpg\" border=\"0\" \/><\/td>\n<\/tr>\n<tr>\n<td align=\"center\">\u00a0 INS22300-BRO<\/td>\n<td>\u00a0<\/td>\n<td align=\"center\">\u00a0INS22300<\/td>\n<td>\u00a0<\/td>\n<td align=\"center\">\u00a0 INS22300-BL<\/td>\n<\/tr>\n<\/tbody>\n<\/table>\n<div align=\"justify\">\u00a0<\/div>\n<p><strong>Motivi vrat<\/strong><\/p>\n<hr \/>\n<div align=\"justify\">Za kon\u010dni izgled va\u0161ega doma je pomemben tudi zunanji izgled va\u0161ih stranskih drsnih gara\u017enih vrat. Zato lahko izbirate med razli\u010dnimi vzorci in strukturo vratnih segemntov.<\/div>\n<div align=\"justify\">\u00a0<\/div>\n<\/div>\n<table border=\"0\">\n<tbody>\n<tr>\n<td dir=\"dir\" id=\"id\" lang=\"lang\" colspan=\"1\" scope=\"scope\" align=\"center\" valign=\"bottom\"><img decoding=\"async\" alt=\"\" src=\"http:\/\/www.mkl-systems.si\/images\/stories\/vzorci-novi\/RCkasetamala.jpg\" \/><\/td>\n<td rowspan=\"1\">\u00a0<\/td>\n<td dir=\"dir\" id=\"id\" lang=\"lang\" colspan=\"1\" scope=\"scope\" align=\"center\" valign=\"bottom\"><img decoding=\"async\" alt=\"\" src=\"http:\/\/www.mkl-systems.si\/images\/stories\/vzorci-novi\/rv%20majhen.jpg\" \/><\/td>\n<td rowspan=\"1\">\u00a0<\/td>\n<td dir=\"dir\" id=\"id\" lang=\"lang\" colspan=\"1\" scope=\"scope\" align=\"center\" valign=\"bottom\"><img decoding=\"async\" alt=\"\" src=\"http:\/\/www.mkl-systems.si\/images\/stories\/vzorci-novi\/rf%20majhen.jpg\" \/><\/td>\n<\/tr>\n<tr>\n<td align=\"center\">\u00a0kasetni (RC)<\/td>\n<td rowspan=\"1\">\u00a0<\/td>\n<td align=\"center\">\u00a0vzdol\u017eni z eno \u0161ir\u0161o \u010drto (RV)<\/td>\n<td rowspan=\"1\">\u00a0<\/td>\n<td align=\"center\">\u00a0Gladek<\/td>\n<\/tr>\n<tr>\n<td colspan=\"1\">\u00a0<\/td>\n<td rowspan=\"1\">\u00a0<\/td>\n<td colspan=\"1\">\u00a0<\/td>\n<td rowspan=\"1\">\u00a0<\/td>\n<td colspan=\"1\">\u00a0<\/td>\n<\/tr>\n<tr>\n<td dir=\"dir\" id=\"id\" lang=\"lang\" colspan=\"1\" scope=\"scope\" align=\"center\" valign=\"bottom\"><img decoding=\"async\" alt=\"\" src=\"http:\/\/www.mkl-systems.si\/images\/stories\/vzorci-novi\/rl%20majhen%20.jpg\" \/><\/td>\n<td rowspan=\"1\">\u00a0<\/td>\n<td dir=\"dir\" id=\"id\" lang=\"lang\" colspan=\"1\" scope=\"scope\" align=\"center\" valign=\"bottom\"><img decoding=\"async\" alt=\"\" src=\"http:\/\/www.mkl-systems.si\/images\/stories\/vzorci-novi\/mr%20majhen.jpg\" \/><\/td>\n<td rowspan=\"1\">\u00a0<\/td>\n<td dir=\"dir\" id=\"id\" lang=\"lang\" colspan=\"1\" scope=\"scope\" align=\"center\" valign=\"bottom\"><img decoding=\"async\" alt=\"\" src=\"http:\/\/www.mkl-systems.si\/images\/stories\/vzorci-novi\/INDUSTRIJAILMALA.jpg\" \/><\/td>\n<\/tr>\n<tr>\n<td dir=\"dir\" id=\"id\" lang=\"lang\" scope=\"scope\" align=\"center\" valign=\"top\">vzdol\u017eni z ve\u010d \u010drtami (RL)<\/td>\n<td rowspan=\"1\">\u00a0<\/td>\n<td dir=\"dir\" id=\"id\" lang=\"lang\" scope=\"scope\" align=\"center\" valign=\"top\">valovit (MR)<\/td>\n<td rowspan=\"1\">\u00a0<\/td>\n<td align=\"center\">industrijski IL\u00a0<\/td>\n<\/tr>\n<\/tbody>\n<\/table>\n<div align=\"justify\">\u00a0<\/div>\n<div align=\"justify\">\n<p><strong>Dr\u017eala in klju\u010davnica za deblokado<\/strong><\/p>\n<\/div>\n<div align=\"justify\">\n<hr \/>\n<p>Stranska drsna gara\u017ena vrata imajo vgrajeno tipsko dr\u017ealo za slu\u010daj ro\u010dnega upravljanja vrat. Dr\u017ealo je sodobne oblike in je lahko v srebrni (alu) ali \u010drni barvi. V primeru, da gara\u017ea nima drugega vhoda, je v stranska gara\u017ena vrata nujno potrebno vgraditi klju\u010davnico za deblokado.<\/p><\/div>\n<div align=\"justify\">\u00a0<\/div>\n<div>\n<table border=\"0\">\n<tbody>\n<tr>\n<td dir=\"dir\" id=\"id\" lang=\"lang\" scope=\"scope\" align=\"align\" valign=\"valign\"><img loading=\"lazy\" decoding=\"async\" title=\"Tipsko dr\u017ealoi za drsna gara\u017ena vrata\" alt=\"Tipsko dr\u017ealoi za drsna gara\u017ena vrata\" src=\"http:\/\/www.mkl-systems.si\/images\/stories\/kljucavnice\/drzalo1.jpg\" width=\"142\" height=\"134\" border=\"0\" \/><\/td>\n<td dir=\"dir\" id=\"id\" lang=\"lang\" rowspan=\"1\" scope=\"scope\" align=\"align\" valign=\"valign\">\u00a0<\/td>\n<td dir=\"dir\" id=\"id\" lang=\"lang\" rowspan=\"1\" scope=\"scope\" align=\"align\" valign=\"valign\"><img loading=\"lazy\" decoding=\"async\" title=\"Tipsko dr\u017ealo za drsna gara\u017ena vrata\" alt=\"Tipsko dr\u017ealo za drsna gara\u017ena vrata\" src=\"http:\/\/www.mkl-systems.si\/images\/stories\/kljucavnice\/drzalo2.jpg\" width=\"142\" height=\"134\" border=\"0\" \/><\/td>\n<td rowspan=\"1\">\u00a0<\/td>\n<td dir=\"dir\" id=\"id\" lang=\"lang\" rowspan=\"1\" scope=\"scope\" align=\"align\" valign=\"valign\"><img loading=\"lazy\" decoding=\"async\" title=\"Klju\u010davnica za deblokado drsnih gara\u017enih vrat\" alt=\"Klju\u010davnica za deblokado drsnih gara\u017enih vrat\" src=\"http:\/\/www.mkl-systems.si\/images\/stories\/kljucavnice\/kljucavnica1.jpg\" width=\"142\" height=\"134\" border=\"0\" \/><\/td>\n<td dir=\"dir\" id=\"id\" lang=\"lang\" rowspan=\"1\" scope=\"scope\" align=\"align\" valign=\"valign\">\u00a0<\/td>\n<td dir=\"dir\" id=\"id\" lang=\"lang\" scope=\"scope\" align=\"align\" valign=\"valign\"><img decoding=\"async\" title=\"Klju\u010davnica za deblokado drsnih gara\u017enih vrat\" alt=\"Klju\u010davnica za deblokado drsnih gara\u017enih vrat\" src=\"http:\/\/www.mkl-systems.si\/images\/stories\/kljucavnice\/kljucavnica2.jpg\" border=\"0\" \/><\/td>\n<\/tr>\n<tr>\n<td dir=\"dir\" id=\"id\" lang=\"lang\" rowspan=\"1\" colspan=\"3\" scope=\"scope\" align=\"center\" valign=\"top\">\u00a0Tipsko dr\u017ealo<\/td>\n<td rowspan=\"1\">\u00a0<\/td>\n<td rowspan=\"1\" colspan=\"3\" align=\"center\">\u00a0\u00a0Klju\u010davnica za deblokado po naro\u010dilu<\/td>\n<\/tr>\n<\/tbody>\n<\/table>\n<\/div>\n<div align=\"justify\">\u00a0<\/div>\n<div align=\"justify\">\n<table cellspacing=\"1\" cellpadding=\"1\">\n<tbody>\n<tr>\n<td><a href=\"http:\/\/www.mkl-systems.si\/images\/BOCNA1V.jpg\" rel=\"[me]\"><img decoding=\"async\" alt=\"\" src=\"http:\/\/www.mkl-systems.si\/images\/BOCNA1.jpg\" \/><\/a><\/td>\n<td><a href=\"http:\/\/www.mkl-systems.si\/images\/BOCNA2V.jpg\" rel=\"[me]\"><img decoding=\"async\" alt=\"\" src=\"http:\/\/www.mkl-systems.si\/images\/BOCNA2M.jpg\" \/><\/a><\/td>\n<\/tr>\n<tr>\n<td><a href=\"http:\/\/www.mkl-systems.si\/images\/BOCNA3V.jpg\" rel=\"[me]\"><img decoding=\"async\" alt=\"\" src=\"http:\/\/www.mkl-systems.si\/images\/BOCNA3M.jpg\" \/><\/a><\/td>\n<td><a href=\"http:\/\/www.mkl-systems.si\/images\/BOCNA4V.jpg\" rel=\"[me]\"><img decoding=\"async\" alt=\"\" src=\"http:\/\/www.mkl-systems.si\/images\/BOCNA4M.jpg\" \/><\/a><\/td>\n<\/tr>\n<\/tbody>\n<\/table>\n<\/div>\n<p>&nbsp;<\/p>\n<hr \/>\n","protected":false},"excerpt":{"rendered":"<p>\u00a0Stranska drsna gara\u017ena vrata so primerna predvsem za nizke gara\u017ee ali za gara\u017ee, katere imajo v notranjosti na stropu dolo\u010dene ovire. To so lahko razne cevi, pre\u010dni nosilci ali lu\u010di, katere prepre\u010dujejo dvi\u017enim vratom pomik pod stropom gara\u017ee. Izdelujemo jih po meri, dostavimo in zmontiramo jih to\u010dno na va\u0161o obstoje\u010do odprtino, pri \u010demer gradbena dela [&hellip;]<\/p>\n","protected":false},"author":5,"featured_media":0,"parent":619,"menu_order":20,"comment_status":"open","ping_status":"closed","template":"page-sidebar-right.php","meta":{"footnotes":""},"_links":{"self":[{"href":"http:\/\/ahac.net\/ahac-ar\/wp-json\/wp\/v2\/pages\/739"}],"collection":[{"href":"http:\/\/ahac.net\/ahac-ar\/wp-json\/wp\/v2\/pages"}],"about":[{"href":"http:\/\/ahac.net\/ahac-ar\/wp-json\/wp\/v2\/types\/page"}],"author":[{"embeddable":true,"href":"http:\/\/ahac.net\/ahac-ar\/wp-json\/wp\/v2\/users\/5"}],"replies":[{"embeddable":true,"href":"http:\/\/ahac.net\/ahac-ar\/wp-json\/wp\/v2\/comments?post=739"}],"version-history":[{"count":8,"href":"http:\/\/ahac.net\/ahac-ar\/wp-json\/wp\/v2\/pages\/739\/revisions"}],"predecessor-version":[{"id":857,"href":"http:\/\/ahac.net\/ahac-ar\/wp-json\/wp\/v2\/pages\/739\/revisions\/857"}],"up":[{"embeddable":true,"href":"http:\/\/ahac.net\/ahac-ar\/wp-json\/wp\/v2\/pages\/619"}],"wp:attachment":[{"href":"http:\/\/ahac.net\/ahac-ar\/wp-json\/wp\/v2\/media?parent=739"}],"curies":[{"name":"wp","href":"https:\/\/api.w.org\/{rel}","templated":true}]}}