{"id":753,"date":"2014-01-20T13:16:05","date_gmt":"2014-01-20T13:16:05","guid":{"rendered":"http:\/\/ahac.net\/ahac-ar\/?page_id=753"},"modified":"2014-01-20T13:16:05","modified_gmt":"2014-01-20T13:16:05","slug":"krilna-garazna-vrata","status":"publish","type":"page","link":"http:\/\/ahac.net\/ahac-ar\/garazna-vrata\/garazna-vrata\/krilna-garazna-vrata\/","title":{"rendered":"Krilna gara\u017ena vrata"},"content":{"rendered":"<p style=\"text-align: justify;\">V gara\u017enih prostorih, kjer smo omejeni z vi\u0161ino in \u0161irino, kjer nam ne ustrezajo dvi\u017ena in ne stranska drsna gara\u017ena vrata, se odlo\u010dimo za krilna gara\u017ena vrata. Izdelujemo jih po meri, lahko so \u017eeljenega motiva po na\u0161i ponudbi, v vseh mo\u017enih barvah po RAL lestvici. Polnila vrat so iz jeklene pocinkane plo\u010devine in vmesne polivretanske mase debeline 4cm. V krilna gara\u017ena vrata vam lahko vgradimo tudi razli\u010dna okna iz na\u0161e ponudbe Za ve\u010djo prakti\u010dnost in udobje pa lahko krilna vrata opremimo z pogonom na daljinsko odpiranje, kateri se montira na strop gara\u017ee.<br \/> \u00a0<\/p>\n<div align=\"left\"><b>Paleta barv<\/b><br \/> \u00a0 \u00a0 \u00a0 \u00a0<\/p>\n<table border=\"0\" cellspacing=\"1\" cellpadding=\"1\">\n<tbody>\n<tr>\n<td dir=\"\" id=\"\" lang=\"\" scope=\"\" align=\"\" valign=\"top\">\n<p>Osnovna in \u0161e vedno najpogostej\u0161a barva pri krilnih gara\u017enih vratih je bela barva. Po \u017eelji pa vam nudimo vrata v vseh mogo\u010dih barvah, katere nudi barvna RAL lestvica.<\/p>\n<p>&nbsp;<\/p>\n<\/td>\n<td dir=\"\" id=\"\" lang=\"\" scope=\"\" align=\"\" valign=\"\">\u00a0<\/td>\n<td dir=\"\" id=\"\" lang=\"\" scope=\"\" align=\"center\" valign=\"top\"><a href=\"http:\/\/www.mkl-systems.si\/images\/stories\/mkl\/ral.jpg\" rel=\"[me]\"><img decoding=\"async\" alt=\"\" src=\"http:\/\/www.mkl-systems.si\/images\/stories\/mkl\/ral_t.jpg\" \/><\/a><\/td>\n<\/tr>\n<\/tbody>\n<\/table>\n<\/div>\n<table border=\"0\" cellspacing=\"1\" cellpadding=\"1\">\n<tbody>\n<tr>\n<td><img decoding=\"async\" alt=\"\" src=\"http:\/\/www.mkl-systems.si\/images\/phoca_thumb_l_9.jpg\" \/><\/td>\n<td>\u00a0<\/td>\n<td><img decoding=\"async\" alt=\"\" src=\"http:\/\/www.mkl-systems.si\/images\/DVOK%20prva%20stran.jpg\" \/><\/td>\n<\/tr>\n<tr>\n<td>Enokrilna vrata<\/td>\n<td>\u00a0<\/td>\n<td>Dvokrilna gara\u017ena vrata z okni (kaljeno steklo<span style=\"font-size: xx-small;\">)<\/span><\/td>\n<\/tr>\n<\/tbody>\n<\/table>\n","protected":false},"excerpt":{"rendered":"<p>V gara\u017enih prostorih, kjer smo omejeni z vi\u0161ino in \u0161irino, kjer nam ne ustrezajo dvi\u017ena in ne stranska drsna gara\u017ena vrata, se odlo\u010dimo za krilna gara\u017ena vrata. Izdelujemo jih po meri, lahko so \u017eeljenega motiva po na\u0161i ponudbi, v vseh mo\u017enih barvah po RAL lestvici. Polnila vrat so iz jeklene pocinkane plo\u010devine in vmesne polivretanske [&hellip;]<\/p>\n","protected":false},"author":5,"featured_media":0,"parent":619,"menu_order":100,"comment_status":"open","ping_status":"closed","template":"page-sidebar-right.php","meta":{"footnotes":""},"_links":{"self":[{"href":"http:\/\/ahac.net\/ahac-ar\/wp-json\/wp\/v2\/pages\/753"}],"collection":[{"href":"http:\/\/ahac.net\/ahac-ar\/wp-json\/wp\/v2\/pages"}],"about":[{"href":"http:\/\/ahac.net\/ahac-ar\/wp-json\/wp\/v2\/types\/page"}],"author":[{"embeddable":true,"href":"http:\/\/ahac.net\/ahac-ar\/wp-json\/wp\/v2\/users\/5"}],"replies":[{"embeddable":true,"href":"http:\/\/ahac.net\/ahac-ar\/wp-json\/wp\/v2\/comments?post=753"}],"version-history":[{"count":1,"href":"http:\/\/ahac.net\/ahac-ar\/wp-json\/wp\/v2\/pages\/753\/revisions"}],"predecessor-version":[{"id":754,"href":"http:\/\/ahac.net\/ahac-ar\/wp-json\/wp\/v2\/pages\/753\/revisions\/754"}],"up":[{"embeddable":true,"href":"http:\/\/ahac.net\/ahac-ar\/wp-json\/wp\/v2\/pages\/619"}],"wp:attachment":[{"href":"http:\/\/ahac.net\/ahac-ar\/wp-json\/wp\/v2\/media?parent=753"}],"curies":[{"name":"wp","href":"https:\/\/api.w.org\/{rel}","templated":true}]}}