{"id":756,"date":"2014-01-20T13:18:18","date_gmt":"2014-01-20T13:18:18","guid":{"rendered":"http:\/\/ahac.net\/ahac-ar\/?page_id=756"},"modified":"2014-01-20T13:25:39","modified_gmt":"2014-01-20T13:25:39","slug":"osebni-prehod-z-nizkim-pragom","status":"publish","type":"page","link":"http:\/\/ahac.net\/ahac-ar\/garazna-vrata\/garazna-vrata\/osebni-prehod-z-nizkim-pragom\/","title":{"rendered":"Osebni prehod z nizkim pragom"},"content":{"rendered":"<p style=\"text-align: justify;\"><a href=\"http:\/\/www.mkl-systems.si\/images\/OSEBNI_PREHOD_1.JPG\" target=\"_blank\"><img decoding=\"async\" class=\"alignleft\" alt=\"\" src=\"http:\/\/www.mkl-systems.si\/images\/osebni_prehod_320_majhna_slika.JPG\" \/><\/a>Za va\u0161e ve\u010dje udobje in prakti\u010dnost vam nudimo vgradnjo osebnega prehoda v gara\u017ena vrata, katera lahko vgradimo \u017ee pri minimalni vi\u0161ini odprtine 1,9m.Vrata v vratih je mogo\u010de vgraditi v vse motive po na\u0161i ponudbi (kasetni, lamelni, gladek, imitacija lesa&#8230;). Prav tako lahko sami dolo\u010dimo lego prehodnih vrat ter po \u017eelji izberemo smer odpiranja. Prednost na\u0161ih vrat za osebni prehod pa je \u0161e v tem, da je zunanji obrobni aluminij vedno v isti barvi celotnih dvi\u017enih vrat. Vratno krilo je opremljeno z drsnim samozapiralom, spodnji pohodni profil debeline 2cm pa je izdelan iz nerjave\u010djega inox materiala.<\/p>\n<p style=\"text-align: justify;\">\u00a0<\/p>\n<p style=\"text-align: justify;\">\u00a0<b>Minimalna vi\u0161ina<\/b><\/p>\n<hr \/>\n<p>Pri vratih z osebnim prehodom smo zmanj\u0161ali prag na minimalno vi\u0161ino tako je omogo\u010den la\u017eji prehod s kolesom, samokolnico&#8230;\u00a0Primeren je tudi za vo\u017enjo z invalidskim vozi\u010dkom.<\/p>\n<table border=\"0\" cellspacing=\"1\" cellpadding=\"1\">\n<tbody>\n<tr>\n<td><img decoding=\"async\" alt=\"\" src=\"http:\/\/www.mkl-systems.si\/images\/PANT_MAJHNA_SLIKA.JPG\" \/><\/td>\n<td><img loading=\"lazy\" decoding=\"async\" alt=\"\" src=\"http:\/\/www.mkl-systems.si\/images\/OSEBNI_PREHOD_VEDNO_V_BARVI_VRAT.JPG\" width=\"280\" height=\"278\" \/><\/td>\n<\/tr>\n<tr>\n<td>NEVIDNI PANTI &#8211; SKRITI V PANELU<\/td>\n<td>OBROBNI ALUMIJIJ VEDNO V BARVI VRAT<\/td>\n<\/tr>\n<\/tbody>\n<\/table>\n<div>\u00a0<\/div>\n<p>PREDNOSTI OSEBNEGA PREHODA DVI\u017dNIH GARA\u017dNIH VRAT:<\/p>\n<p>\u00a0&#8211; VGRADNJA \u017dE PRI MINIMALNI VI\u0160INI DVI\u017dNIH VRAT 1,9m ,<\/p>\n<p>&#8211; POLJUBNA LEGA PREHODNIH VRAT V DVI\u017dNIH GARA\u017dNIH VRATIH (levo, sredina, desno) ,<\/p>\n<p>&#8211; POLJUBNO ODPIRANJE VRATNEGA KRILA (levo ali desno) ,<\/p>\n<p>&#8211; ZUNANJI OBROBNI ALU PROFIL PREHODNIH VRAT VEDNO V BARVI VRAT \u00a0,<\/p>\n<p>&#8211; SKRITI PANTI ,<\/p>\n<p>&#8211; NIZEK PRAG (2cm) .<strong><br \/><\/strong><\/p>\n<p>&nbsp;<\/p>\n<p>DETAJLI OSEBNEGA PREHODA:<\/p>\n<p>&nbsp;<\/p>\n<table border=\"1\" cellspacing=\"1\" cellpadding=\"1\">\n<tbody>\n<tr>\n<td><a href=\"http:\/\/www.mkl-systems.si\/images\/VELIKA_DETAJL_6.jpg\" rel=\"[me]\"><img decoding=\"async\" alt=\"\" src=\"http:\/\/www.mkl-systems.si\/images\/DETAJL%201.JPG\" \/><\/a><\/td>\n<td><a href=\"http:\/\/www.mkl-systems.si\/images\/VELIKA_DETAJL_2.jpg\" rel=\"[me]\"><img decoding=\"async\" alt=\"\" src=\"http:\/\/www.mkl-systems.si\/images\/DETAJL%203.JPG\" \/><\/a><\/td>\n<\/tr>\n<tr>\n<td><a href=\"http:\/\/www.mkl-systems.si\/images\/VELIKA_DETAJL_3.jpg\" target=\"_blank\" rel=\"[me]\"><img decoding=\"async\" alt=\"\" src=\"http:\/\/www.mkl-systems.si\/images\/DETAJL%204.JPG\" \/><\/a><\/td>\n<td><a href=\"http:\/\/www.mkl-systems.si\/images\/VELIKA_DETAJL_5.jpg\" rel=\"[me]\"><img decoding=\"async\" alt=\"\" src=\"http:\/\/www.mkl-systems.si\/images\/DETAJL%205.JPG\" \/><\/a><\/td>\n<\/tr>\n<tr>\n<td><a href=\"http:\/\/www.mkl-systems.si\/images\/VELIKA_DETAJL_10.jpg\" rel=\"[me]\"><img decoding=\"async\" alt=\"\" src=\"http:\/\/www.mkl-systems.si\/images\/DETAJL%202.JPG\" \/><\/a><\/td>\n<td><a href=\"http:\/\/www.mkl-systems.si\/images\/VELIKA_DETAJL_4.jpg\" rel=\"[me]\"><img decoding=\"async\" alt=\"\" src=\"http:\/\/www.mkl-systems.si\/images\/DETAJL%206.JPG\" \/><\/a><\/td>\n<\/tr>\n<tr>\n<td><img decoding=\"async\" alt=\"\" src=\"http:\/\/www.mkl-systems.si\/images\/DETAJL%207.JPG\" \/><\/td>\n<td><a href=\"http:\/\/www.mkl-systems.si\/images\/VELIKA_DETAJL_12.jpg\" rel=\"[me]\"><img decoding=\"async\" alt=\"\" src=\"http:\/\/www.mkl-systems.si\/images\/DETAJL%208.jpg\" \/><\/a><\/td>\n<\/tr>\n<tr>\n<td><a href=\"http:\/\/www.mkl-systems.si\/images\/VELIKA_DETAJL_8.jpg\" rel=\"[me]\"><img decoding=\"async\" alt=\"\" src=\"http:\/\/www.mkl-systems.si\/images\/DETAJL%209.jpg\" \/><\/a><\/td>\n<td><a href=\"http:\/\/www.mkl-systems.si\/images\/VELIKA_DETAJL_7.jpg\" rel=\"[me]\"><img decoding=\"async\" alt=\"\" src=\"http:\/\/www.mkl-systems.si\/images\/DETAJL%2010.JPG\" \/><\/a><\/td>\n<\/tr>\n<tr>\n<td><a href=\"http:\/\/www.mkl-systems.si\/images\/VELIKA_DETAJL_9.jpg\" rel=\"[me]\"><img decoding=\"async\" alt=\"\" src=\"http:\/\/www.mkl-systems.si\/images\/DETAJL%2011.JPG\" \/><\/a><\/td>\n<td><a href=\"http:\/\/www.mkl-systems.si\/images\/VELIKA_DETAJL_11.jpg\" target=\"_self\" rel=\"[me]\"><img decoding=\"async\" alt=\"\" src=\"http:\/\/www.mkl-systems.si\/images\/DETAJL%2012.JPG\" \/><\/a><\/td>\n<\/tr>\n<\/tbody>\n<\/table>\n<table border=\"1\" cellspacing=\"1\" cellpadding=\"1\">\n<tbody>\n<tr>\n<td><a href=\"http:\/\/www.mkl-systems.si\/images\/VELIKA_DETAJL_13.jpg\" rel=\"[me]\"><img decoding=\"async\" alt=\"\" src=\"http:\/\/www.mkl-systems.si\/images\/DETAJL_13.jpg\" \/><\/a><\/td>\n<td><a href=\"http:\/\/www.mkl-systems.si\/images\/VELIKA_DETAJL_14.jpg\" rel=\"[me]\"><img decoding=\"async\" alt=\"\" src=\"http:\/\/www.mkl-systems.si\/images\/DETAJL_14.jpg\" \/><\/a><\/td>\n<\/tr>\n<\/tbody>\n<\/table>\n","protected":false},"excerpt":{"rendered":"<p>Za va\u0161e ve\u010dje udobje in prakti\u010dnost vam nudimo vgradnjo osebnega prehoda v gara\u017ena vrata, katera lahko vgradimo \u017ee pri minimalni vi\u0161ini odprtine 1,9m.Vrata v vratih je mogo\u010de vgraditi v vse motive po na\u0161i ponudbi (kasetni, lamelni, gladek, imitacija lesa&#8230;). Prav tako lahko sami dolo\u010dimo lego prehodnih vrat ter po \u017eelji izberemo smer odpiranja. Prednost na\u0161ih [&hellip;]<\/p>\n","protected":false},"author":5,"featured_media":0,"parent":619,"menu_order":120,"comment_status":"open","ping_status":"closed","template":"page-sidebar-right.php","meta":{"footnotes":""},"_links":{"self":[{"href":"http:\/\/ahac.net\/ahac-ar\/wp-json\/wp\/v2\/pages\/756"}],"collection":[{"href":"http:\/\/ahac.net\/ahac-ar\/wp-json\/wp\/v2\/pages"}],"about":[{"href":"http:\/\/ahac.net\/ahac-ar\/wp-json\/wp\/v2\/types\/page"}],"author":[{"embeddable":true,"href":"http:\/\/ahac.net\/ahac-ar\/wp-json\/wp\/v2\/users\/5"}],"replies":[{"embeddable":true,"href":"http:\/\/ahac.net\/ahac-ar\/wp-json\/wp\/v2\/comments?post=756"}],"version-history":[{"count":9,"href":"http:\/\/ahac.net\/ahac-ar\/wp-json\/wp\/v2\/pages\/756\/revisions"}],"predecessor-version":[{"id":766,"href":"http:\/\/ahac.net\/ahac-ar\/wp-json\/wp\/v2\/pages\/756\/revisions\/766"}],"up":[{"embeddable":true,"href":"http:\/\/ahac.net\/ahac-ar\/wp-json\/wp\/v2\/pages\/619"}],"wp:attachment":[{"href":"http:\/\/ahac.net\/ahac-ar\/wp-json\/wp\/v2\/media?parent=756"}],"curies":[{"name":"wp","href":"https:\/\/api.w.org\/{rel}","templated":true}]}}