{"id":873,"date":"2014-01-28T09:32:41","date_gmt":"2014-01-28T09:32:41","guid":{"rendered":"http:\/\/ahac.net\/ahac-ar\/?page_id=873"},"modified":"2014-02-25T16:25:53","modified_gmt":"2014-02-25T16:25:53","slug":"zimski-vrtovi","status":"publish","type":"page","link":"http:\/\/ahac.net\/ahac-ar\/zimski-vrtovi\/","title":{"rendered":"Zimski vrtovi"},"content":{"rendered":"<p><img loading=\"lazy\" decoding=\"async\" class=\"alignnone size-full wp-image-1313\" alt=\"zimski-vrt--wintergarten-1\" src=\"http:\/\/ahac.net\/ahac-ar\/wp-content\/uploads\/2014\/01\/zimski-vrt-wintergarten-1.jpg\" width=\"750\" height=\"250\" srcset=\"http:\/\/ahac.net\/ahac-ar\/wp-content\/uploads\/2014\/01\/zimski-vrt-wintergarten-1.jpg 750w, http:\/\/ahac.net\/ahac-ar\/wp-content\/uploads\/2014\/01\/zimski-vrt-wintergarten-1-300x100.jpg 300w\" sizes=\"(max-width: 750px) 100vw, 750px\" \/><\/p>\n<p style=\"text-align: justify;\">Pomagamo vam konstruirati inovativen in po meri narejen zimski vrt. Dolgoletne izku\u0161nje nam omogo\u010dajo, da skupaj z naro\u010dnikom izri\u0161emo \u017eelje, ugotovimo izvedbene mo\u017enosti in naredimo natan\u010den design modela zimskega vrta! 3D na\u010drtovanje nam omogo\u010da natan\u010den izris naro\u010dnikovih potreb, simulacijo objekta in razli\u010dne variante. Sodobna tehnolo\u0161ka linija in izku\u0161eni monterji zagotavljajo vrhunsko kvaliteto vgradnje, lepe designe zimsko-letnih vrtov s prijetno bivalno atmosfero.<\/p>\n<p style=\"text-align: justify;\"><a title=\"zimski vrt\" href=\"http:\/\/ahac.net\/ahac-ar\/wp-content\/uploads\/2014\/01\/zimskivrtovahac1.jpg\" target=\"_blank\"><img loading=\"lazy\" decoding=\"async\" class=\"alignnone size-thumbnail wp-image-892\" alt=\"zimskivrtovahac\" src=\"http:\/\/ahac.net\/ahac-ar\/wp-content\/uploads\/2014\/01\/zimskivrtovahac1-150x150.jpg\" width=\"150\" height=\"150\" \/><\/a> <a title=\"Zimski vrt\" href=\"http:\/\/ahac.net\/ahac-ar\/wp-content\/uploads\/2014\/01\/zimski-vrt-nesa-wintergarten-1.jpg\" target=\"_blank\"><img loading=\"lazy\" decoding=\"async\" class=\"alignnone size-thumbnail wp-image-893\" alt=\"zimski-vrt-nesa-wintergarten-1\" src=\"http:\/\/ahac.net\/ahac-ar\/wp-content\/uploads\/2014\/01\/zimski-vrt-nesa-wintergarten-1-150x150.jpg\" width=\"150\" height=\"150\" \/><\/a> <a title=\"zimski vrt\" href=\"http:\/\/ahac.net\/ahac-ar\/wp-content\/uploads\/2014\/01\/zimski-vrt-nesa-wintergarten-4.jpg\" target=\"_blank\"><img loading=\"lazy\" decoding=\"async\" class=\"alignnone size-thumbnail wp-image-895\" alt=\"zimski vrt\" src=\"http:\/\/ahac.net\/ahac-ar\/wp-content\/uploads\/2014\/01\/zimski-vrt-nesa-wintergarten-4-150x150.jpg\" width=\"150\" height=\"150\" \/><\/a> <a title=\"zimski vrt\" href=\"http:\/\/ahac.net\/ahac-ar\/wp-content\/uploads\/2014\/01\/zimskivrtovi.jpg\" target=\"_blank\"><img loading=\"lazy\" decoding=\"async\" class=\"alignnone size-thumbnail wp-image-896\" alt=\"zimskivrtovi\" src=\"http:\/\/ahac.net\/ahac-ar\/wp-content\/uploads\/2014\/01\/zimskivrtovi-150x150.jpg\" width=\"150\" height=\"150\" \/><\/a><\/p>\n<p>&nbsp;<\/p>\n","protected":false},"excerpt":{"rendered":"<p>Pomagamo vam konstruirati inovativen in po meri narejen zimski vrt. Dolgoletne izku\u0161nje nam omogo\u010dajo, da skupaj z naro\u010dnikom izri\u0161emo \u017eelje, ugotovimo izvedbene mo\u017enosti in naredimo natan\u010den design modela zimskega vrta! 3D na\u010drtovanje nam omogo\u010da natan\u010den izris naro\u010dnikovih potreb, simulacijo objekta in razli\u010dne variante. Sodobna tehnolo\u0161ka linija in izku\u0161eni monterji zagotavljajo vrhunsko kvaliteto vgradnje, lepe designe [&hellip;]<\/p>\n","protected":false},"author":5,"featured_media":0,"parent":0,"menu_order":400,"comment_status":"open","ping_status":"closed","template":"page-sidebar-right.php","meta":{"footnotes":""},"_links":{"self":[{"href":"http:\/\/ahac.net\/ahac-ar\/wp-json\/wp\/v2\/pages\/873"}],"collection":[{"href":"http:\/\/ahac.net\/ahac-ar\/wp-json\/wp\/v2\/pages"}],"about":[{"href":"http:\/\/ahac.net\/ahac-ar\/wp-json\/wp\/v2\/types\/page"}],"author":[{"embeddable":true,"href":"http:\/\/ahac.net\/ahac-ar\/wp-json\/wp\/v2\/users\/5"}],"replies":[{"embeddable":true,"href":"http:\/\/ahac.net\/ahac-ar\/wp-json\/wp\/v2\/comments?post=873"}],"version-history":[{"count":6,"href":"http:\/\/ahac.net\/ahac-ar\/wp-json\/wp\/v2\/pages\/873\/revisions"}],"predecessor-version":[{"id":1314,"href":"http:\/\/ahac.net\/ahac-ar\/wp-json\/wp\/v2\/pages\/873\/revisions\/1314"}],"wp:attachment":[{"href":"http:\/\/ahac.net\/ahac-ar\/wp-json\/wp\/v2\/media?parent=873"}],"curies":[{"name":"wp","href":"https:\/\/api.w.org\/{rel}","templated":true}]}}